{"id":107072,"date":"2023-07-29T10:41:42","date_gmt":"2023-07-29T08:41:42","guid":{"rendered":"https:\/\/www.fabioferro.eu\/desmos-fischgraeten-halskette-in-brueniertem-silber.html"},"modified":"2024-09-18T16:49:52","modified_gmt":"2024-09-18T14:49:52","slug":"desmos-fischgraeten-halskette-in-brueniertem-silber","status":"publish","type":"product","link":"https:\/\/www.fabioferro.eu\/de\/desmos-fischgraeten-halskette-in-brueniertem-silber.html","title":{"rendered":"Desmos Fischgr\u00e4ten-Halskette in br\u00fcniertem Silber"},"content":{"rendered":"<p>Halskette aus matt br\u00fcniertem 925\/1000 Silber. Einzigartige L\u00e4nge von 51 cm. Besonderes Fischgr\u00e4tenmuster. Hergestellt in Italien. Karabinerhakenverschluss mit Federmechanismus. Mit der offiziellen Desmos-Verpackung und Garantie.<\/p>\n","protected":false},"excerpt":{"rendered":"<p>Eine jugendliche Halskette mit starkem Charakter und sauberen, geschwungenen Linien.<\/p>\n","protected":false},"featured_media":107084,"comment_status":"open","ping_status":"closed","template":"","meta":[],"product_brand":[],"product_cat":[6113],"product_tag":[],"class_list":{"0":"post-107072","1":"product","2":"type-product","3":"status-publish","4":"has-post-thumbnail","6":"product_cat-desmos-herrenschmuck","8":"first","9":"instock","10":"sale","11":"purchasable","12":"product-type-simple"},"exclude_global_add_ons":[],"addons":[],"df_price":211.5,"df_sale_price":211.5,"df_regular_price":235,"df_image_link":"https:\/\/cdn02.fabioferro.eu\/wp-content\/uploads\/collana-desmos-in-argento-brunito-FISH-BONE-GM-51.webp","_links":{"self":[{"href":"https:\/\/www.fabioferro.eu\/de\/wp-json\/wp\/v2\/product\/107072","targetHints":{"allow":["GET"]}}],"collection":[{"href":"https:\/\/www.fabioferro.eu\/de\/wp-json\/wp\/v2\/product"}],"about":[{"href":"https:\/\/www.fabioferro.eu\/de\/wp-json\/wp\/v2\/types\/product"}],"replies":[{"embeddable":true,"href":"https:\/\/www.fabioferro.eu\/de\/wp-json\/wp\/v2\/comments?post=107072"}],"version-history":[{"count":0,"href":"https:\/\/www.fabioferro.eu\/de\/wp-json\/wp\/v2\/product\/107072\/revisions"}],"wp:featuredmedia":[{"embeddable":true,"href":"https:\/\/www.fabioferro.eu\/de\/wp-json\/wp\/v2\/media\/107084"}],"wp:attachment":[{"href":"https:\/\/www.fabioferro.eu\/de\/wp-json\/wp\/v2\/media?parent=107072"}],"wp:term":[{"taxonomy":"product_brand","embeddable":true,"href":"https:\/\/www.fabioferro.eu\/de\/wp-json\/wp\/v2\/product_brand?post=107072"},{"taxonomy":"product_cat","embeddable":true,"href":"https:\/\/www.fabioferro.eu\/de\/wp-json\/wp\/v2\/product_cat?post=107072"},{"taxonomy":"product_tag","embeddable":true,"href":"https:\/\/www.fabioferro.eu\/de\/wp-json\/wp\/v2\/product_tag?post=107072"}],"curies":[{"name":"wp","href":"https:\/\/api.w.org\/{rel}","templated":true}]}}