{"id":107083,"date":"2023-07-29T10:41:42","date_gmt":"2023-07-29T08:41:42","guid":{"rendered":"https:\/\/www.fabioferro.eu\/desmos-kristall-gold-silber-kugeln-armband.html"},"modified":"2025-12-06T11:35:45","modified_gmt":"2025-12-06T10:35:45","slug":"desmos-kristall-gold-silber-kugeln-armband","status":"publish","type":"product","link":"https:\/\/www.fabioferro.eu\/de\/desmos-kristall-gold-silber-kugeln-armband.html","title":{"rendered":"Desmos Kristall Gold Silber Kugeln Armband"},"content":{"rendered":"<p>Armband aus 925\/1000 Silber mit Gelbgold \u00fcberzogen, hergestellt in Italien. L\u00e4nge 19 cm, Einheitsgr\u00f6\u00dfe. Verschluss mit praktischem Federbajonett. Mit offizieller Desmos Garantie und Verpackung.<\/p>\n","protected":false},"excerpt":{"rendered":"<p>Kleine Diamantkugeln umkreisen einander und schaffen ein zeitloses und unvergleichliches Schmuckst\u00fcck.<\/p>\n","protected":false},"featured_media":107091,"comment_status":"open","ping_status":"closed","template":"","meta":[],"product_brand":[],"product_cat":[6114],"product_tag":[],"class_list":{"0":"post-107083","1":"product","2":"type-product","3":"status-publish","4":"has-post-thumbnail","6":"product_cat-desmos-armbander","8":"first","9":"instock","10":"sale","11":"purchasable","12":"product-type-simple"},"exclude_global_add_ons":[],"addons":[],"df_price":130.5,"df_sale_price":130.5,"df_regular_price":145,"df_image_link":"https:\/\/cdn02.fabioferro.eu\/wp-content\/uploads\/bracciale-desmos-crystal-sferette-in-argento-dorato-crystal-004-g-19.webp","_links":{"self":[{"href":"https:\/\/www.fabioferro.eu\/de\/wp-json\/wp\/v2\/product\/107083","targetHints":{"allow":["GET"]}}],"collection":[{"href":"https:\/\/www.fabioferro.eu\/de\/wp-json\/wp\/v2\/product"}],"about":[{"href":"https:\/\/www.fabioferro.eu\/de\/wp-json\/wp\/v2\/types\/product"}],"replies":[{"embeddable":true,"href":"https:\/\/www.fabioferro.eu\/de\/wp-json\/wp\/v2\/comments?post=107083"}],"version-history":[{"count":0,"href":"https:\/\/www.fabioferro.eu\/de\/wp-json\/wp\/v2\/product\/107083\/revisions"}],"wp:featuredmedia":[{"embeddable":true,"href":"https:\/\/www.fabioferro.eu\/de\/wp-json\/wp\/v2\/media\/107091"}],"wp:attachment":[{"href":"https:\/\/www.fabioferro.eu\/de\/wp-json\/wp\/v2\/media?parent=107083"}],"wp:term":[{"taxonomy":"product_brand","embeddable":true,"href":"https:\/\/www.fabioferro.eu\/de\/wp-json\/wp\/v2\/product_brand?post=107083"},{"taxonomy":"product_cat","embeddable":true,"href":"https:\/\/www.fabioferro.eu\/de\/wp-json\/wp\/v2\/product_cat?post=107083"},{"taxonomy":"product_tag","embeddable":true,"href":"https:\/\/www.fabioferro.eu\/de\/wp-json\/wp\/v2\/product_tag?post=107083"}],"curies":[{"name":"wp","href":"https:\/\/api.w.org\/{rel}","templated":true}]}}