{"id":107108,"date":"2023-07-29T10:41:42","date_gmt":"2023-07-29T08:41:42","guid":{"rendered":"https:\/\/www.fabioferro.eu\/desmos-fischgraeten-armband-aus-brueniertem-silber.html"},"modified":"2024-10-18T11:02:57","modified_gmt":"2024-10-18T09:02:57","slug":"desmos-fischgraeten-armband-aus-brueniertem-silber","status":"publish","type":"product","link":"https:\/\/www.fabioferro.eu\/de\/desmos-fischgraeten-armband-aus-brueniertem-silber.html","title":{"rendered":"Desmos Fischgr\u00e4ten-Armband aus br\u00fcniertem Silber"},"content":{"rendered":"<p>Armband aus br\u00fcniertem 925er Silber, 20 cm lang, nicht verstellbar, mit spezieller Fischgr\u00e4tenstruktur, hergestellt in Italien, mit offizieller Desmos Verpackung und Garantie.<\/p>\n","protected":false},"excerpt":{"rendered":"<p>Ein starker Charakter, ein Juwel, das niemanden f\u00fcrchtet.<\/p>\n","protected":false},"featured_media":107114,"comment_status":"open","ping_status":"closed","template":"","meta":[],"product_brand":[],"product_cat":[6113],"product_tag":[],"class_list":{"0":"post-107108","1":"product","2":"type-product","3":"status-publish","4":"has-post-thumbnail","6":"product_cat-desmos-herrenschmuck","8":"first","9":"instock","10":"sale","11":"purchasable","12":"product-type-simple"},"exclude_global_add_ons":[],"addons":[],"df_price":105.3,"df_sale_price":105.3,"df_regular_price":117,"df_image_link":"https:\/\/cdn02.fabioferro.eu\/wp-content\/uploads\/bracciale-desmos-fish-bone-in-argento-brunito-fish-bone-gm-20.webp","_links":{"self":[{"href":"https:\/\/www.fabioferro.eu\/de\/wp-json\/wp\/v2\/product\/107108","targetHints":{"allow":["GET"]}}],"collection":[{"href":"https:\/\/www.fabioferro.eu\/de\/wp-json\/wp\/v2\/product"}],"about":[{"href":"https:\/\/www.fabioferro.eu\/de\/wp-json\/wp\/v2\/types\/product"}],"replies":[{"embeddable":true,"href":"https:\/\/www.fabioferro.eu\/de\/wp-json\/wp\/v2\/comments?post=107108"}],"version-history":[{"count":0,"href":"https:\/\/www.fabioferro.eu\/de\/wp-json\/wp\/v2\/product\/107108\/revisions"}],"wp:featuredmedia":[{"embeddable":true,"href":"https:\/\/www.fabioferro.eu\/de\/wp-json\/wp\/v2\/media\/107114"}],"wp:attachment":[{"href":"https:\/\/www.fabioferro.eu\/de\/wp-json\/wp\/v2\/media?parent=107108"}],"wp:term":[{"taxonomy":"product_brand","embeddable":true,"href":"https:\/\/www.fabioferro.eu\/de\/wp-json\/wp\/v2\/product_brand?post=107108"},{"taxonomy":"product_cat","embeddable":true,"href":"https:\/\/www.fabioferro.eu\/de\/wp-json\/wp\/v2\/product_cat?post=107108"},{"taxonomy":"product_tag","embeddable":true,"href":"https:\/\/www.fabioferro.eu\/de\/wp-json\/wp\/v2\/product_tag?post=107108"}],"curies":[{"name":"wp","href":"https:\/\/api.w.org\/{rel}","templated":true}]}}