{"id":107128,"date":"2023-07-29T10:41:29","date_gmt":"2023-07-29T08:41:29","guid":{"rendered":"https:\/\/www.fabioferro.eu\/desmos-rock-twist-fusskettchen-in-silber-weiss-gelb.html"},"modified":"2025-06-06T16:20:00","modified_gmt":"2025-06-06T14:20:00","slug":"desmos-rock-twist-fusskettchen-in-silber-weiss-gelb","status":"publish","type":"product","link":"https:\/\/www.fabioferro.eu\/de\/desmos-rock-twist-fusskettchen-in-silber-weiss-gelb.html","title":{"rendered":"Desmos Rock Twist Fu\u00dfkettchen In Silber Wei\u00df Gelb"},"content":{"rendered":"<p>Fu\u00dfkettchen aus rosafarbenem 925er Silber, handgefertigt in Italien. Karabinerverschluss. Verstellbare L\u00e4nge von 23 cm mit abschlie\u00dfendem Tau-Kreuz. Wird mit Verpackung und offizieller Desmos-Garantie geliefert.<\/p>\n","protected":false},"excerpt":{"rendered":"<p>Ein Zusammentreffen von Emotionen, das keinen Raum f\u00fcr negative Gedanken oder Unwahrheiten l\u00e4sst.<\/p>\n","protected":false},"featured_media":107136,"comment_status":"open","ping_status":"closed","template":"","meta":[],"product_brand":[],"product_cat":[6130],"product_tag":[],"class_list":{"0":"post-107128","1":"product","2":"type-product","3":"status-publish","4":"has-post-thumbnail","6":"product_cat-desmos-fuskettchen","8":"first","9":"outofstock","10":"sale","11":"purchasable","12":"product-type-simple"},"exclude_global_add_ons":[],"addons":[],"df_price":52.2,"df_sale_price":52.2,"df_regular_price":58,"df_image_link":"https:\/\/cdn02.fabioferro.eu\/wp-content\/uploads\/cavigliera-desmos-rock-twist-in-argento-bianco-giallo-rock-twist-gw-23.webp","_links":{"self":[{"href":"https:\/\/www.fabioferro.eu\/de\/wp-json\/wp\/v2\/product\/107128","targetHints":{"allow":["GET"]}}],"collection":[{"href":"https:\/\/www.fabioferro.eu\/de\/wp-json\/wp\/v2\/product"}],"about":[{"href":"https:\/\/www.fabioferro.eu\/de\/wp-json\/wp\/v2\/types\/product"}],"replies":[{"embeddable":true,"href":"https:\/\/www.fabioferro.eu\/de\/wp-json\/wp\/v2\/comments?post=107128"}],"version-history":[{"count":0,"href":"https:\/\/www.fabioferro.eu\/de\/wp-json\/wp\/v2\/product\/107128\/revisions"}],"wp:featuredmedia":[{"embeddable":true,"href":"https:\/\/www.fabioferro.eu\/de\/wp-json\/wp\/v2\/media\/107136"}],"wp:attachment":[{"href":"https:\/\/www.fabioferro.eu\/de\/wp-json\/wp\/v2\/media?parent=107128"}],"wp:term":[{"taxonomy":"product_brand","embeddable":true,"href":"https:\/\/www.fabioferro.eu\/de\/wp-json\/wp\/v2\/product_brand?post=107128"},{"taxonomy":"product_cat","embeddable":true,"href":"https:\/\/www.fabioferro.eu\/de\/wp-json\/wp\/v2\/product_cat?post=107128"},{"taxonomy":"product_tag","embeddable":true,"href":"https:\/\/www.fabioferro.eu\/de\/wp-json\/wp\/v2\/product_tag?post=107128"}],"curies":[{"name":"wp","href":"https:\/\/api.w.org\/{rel}","templated":true}]}}