{"id":107133,"date":"2023-07-29T10:40:53","date_gmt":"2023-07-29T08:40:53","guid":{"rendered":"https:\/\/www.fabioferro.eu\/desmos-shine-in-silber-weiss-gelb-rosa-halskette.html"},"modified":"2025-06-06T15:54:11","modified_gmt":"2025-06-06T13:54:11","slug":"desmos-shine-in-silber-weiss-gelb-rosa-halskette","status":"publish","type":"product","link":"https:\/\/www.fabioferro.eu\/de\/desmos-shine-in-silber-weiss-gelb-rosa-halskette.html","title":{"rendered":"Desmos Shine In Silber Wei\u00df Gelb Rosa Halskette"},"content":{"rendered":"<p>Halskette aus Sterlingsilber mit Gelb- und Ros\u00e9vergoldung. Handgefertigt in Italien. Einzigartige L\u00e4nge von 41 cm. Verschluss mit klassischem Karabinerhaken. Mit der offiziellen Desmos-Verpackung und Garantie.<\/p>\n","protected":false},"excerpt":{"rendered":"<p>Eine Nachfolge entlang eines Juwels, der sich nicht scheut, gerade wegen seiner Vollkommenheit beurteilt zu werden.<\/p>\n","protected":false},"featured_media":107144,"comment_status":"open","ping_status":"closed","template":"","meta":[],"product_brand":[],"product_cat":[6117],"product_tag":[],"class_list":{"0":"post-107133","1":"product","2":"type-product","3":"status-publish","4":"has-post-thumbnail","6":"product_cat-desmos-halsketten","8":"first","9":"instock","10":"sale","11":"purchasable","12":"product-type-simple"},"exclude_global_add_ons":[],"addons":[],"df_price":69.3,"df_sale_price":69.3,"df_regular_price":77,"df_image_link":"https:\/\/cdn02.fabioferro.eu\/wp-content\/uploads\/collana-desmos-shine-in-argento-bianco-giallo-rosa-shine-tc-41.webp","_links":{"self":[{"href":"https:\/\/www.fabioferro.eu\/de\/wp-json\/wp\/v2\/product\/107133","targetHints":{"allow":["GET"]}}],"collection":[{"href":"https:\/\/www.fabioferro.eu\/de\/wp-json\/wp\/v2\/product"}],"about":[{"href":"https:\/\/www.fabioferro.eu\/de\/wp-json\/wp\/v2\/types\/product"}],"replies":[{"embeddable":true,"href":"https:\/\/www.fabioferro.eu\/de\/wp-json\/wp\/v2\/comments?post=107133"}],"version-history":[{"count":0,"href":"https:\/\/www.fabioferro.eu\/de\/wp-json\/wp\/v2\/product\/107133\/revisions"}],"wp:featuredmedia":[{"embeddable":true,"href":"https:\/\/www.fabioferro.eu\/de\/wp-json\/wp\/v2\/media\/107144"}],"wp:attachment":[{"href":"https:\/\/www.fabioferro.eu\/de\/wp-json\/wp\/v2\/media?parent=107133"}],"wp:term":[{"taxonomy":"product_brand","embeddable":true,"href":"https:\/\/www.fabioferro.eu\/de\/wp-json\/wp\/v2\/product_brand?post=107133"},{"taxonomy":"product_cat","embeddable":true,"href":"https:\/\/www.fabioferro.eu\/de\/wp-json\/wp\/v2\/product_cat?post=107133"},{"taxonomy":"product_tag","embeddable":true,"href":"https:\/\/www.fabioferro.eu\/de\/wp-json\/wp\/v2\/product_tag?post=107133"}],"curies":[{"name":"wp","href":"https:\/\/api.w.org\/{rel}","templated":true}]}}