{"id":107146,"date":"2023-07-29T10:41:29","date_gmt":"2023-07-29T08:41:29","guid":{"rendered":"https:\/\/www.fabioferro.eu\/desmos-station-mond-weiss-und-rosa-silber-halskette.html"},"modified":"2024-10-18T10:16:51","modified_gmt":"2024-10-18T08:16:51","slug":"desmos-station-mond-weiss-und-rosa-silber-halskette","status":"publish","type":"product","link":"https:\/\/www.fabioferro.eu\/de\/desmos-station-mond-weiss-und-rosa-silber-halskette.html","title":{"rendered":"Desmos Station Mond Wei\u00df und Rosa Silber Halskette"},"content":{"rendered":"<div id=\"tab-description\" class=\"woocommerce-Tabs-panel woocommerce-Tabs-panel--description panel entry-content wc-tab\" role=\"tabpanel\" aria-labelledby=\"tab-title-description\">\n<p>Halskette aus 925\/1000 versilbert in Gelb und Rosa. Besteht aus ovalen Diamantperlen, die einander endlos jagen. Karabinerverschluss, eine Gr\u00f6\u00dfe nicht verstellbar. L\u00e4nge 41 cm. Wird mit Verpackung und offizieller Desmos Garantie geliefert.<\/p>\n<\/div>\n","protected":false},"excerpt":{"rendered":"<p>Die drei Farben des Goldes jagen sich gegenseitig und erzeugen nie dagewesene Lichtreflexe.<\/p>\n","protected":false},"featured_media":107156,"comment_status":"open","ping_status":"closed","template":"","meta":[],"product_brand":[],"product_cat":[6117],"product_tag":[],"class_list":{"0":"post-107146","1":"product","2":"type-product","3":"status-publish","4":"has-post-thumbnail","6":"product_cat-desmos-halsketten","8":"first","9":"instock","10":"sale","11":"purchasable","12":"product-type-simple"},"exclude_global_add_ons":[],"addons":[],"df_price":76.5,"df_sale_price":76.5,"df_regular_price":85,"df_image_link":"https:\/\/cdn02.fabioferro.eu\/wp-content\/uploads\/collana-desmos-station-moon-in-argento-bianco-e-rosa-station-moon-pkw-41.webp","_links":{"self":[{"href":"https:\/\/www.fabioferro.eu\/de\/wp-json\/wp\/v2\/product\/107146","targetHints":{"allow":["GET"]}}],"collection":[{"href":"https:\/\/www.fabioferro.eu\/de\/wp-json\/wp\/v2\/product"}],"about":[{"href":"https:\/\/www.fabioferro.eu\/de\/wp-json\/wp\/v2\/types\/product"}],"replies":[{"embeddable":true,"href":"https:\/\/www.fabioferro.eu\/de\/wp-json\/wp\/v2\/comments?post=107146"}],"version-history":[{"count":0,"href":"https:\/\/www.fabioferro.eu\/de\/wp-json\/wp\/v2\/product\/107146\/revisions"}],"wp:featuredmedia":[{"embeddable":true,"href":"https:\/\/www.fabioferro.eu\/de\/wp-json\/wp\/v2\/media\/107156"}],"wp:attachment":[{"href":"https:\/\/www.fabioferro.eu\/de\/wp-json\/wp\/v2\/media?parent=107146"}],"wp:term":[{"taxonomy":"product_brand","embeddable":true,"href":"https:\/\/www.fabioferro.eu\/de\/wp-json\/wp\/v2\/product_brand?post=107146"},{"taxonomy":"product_cat","embeddable":true,"href":"https:\/\/www.fabioferro.eu\/de\/wp-json\/wp\/v2\/product_cat?post=107146"},{"taxonomy":"product_tag","embeddable":true,"href":"https:\/\/www.fabioferro.eu\/de\/wp-json\/wp\/v2\/product_tag?post=107146"}],"curies":[{"name":"wp","href":"https:\/\/api.w.org\/{rel}","templated":true}]}}