{"id":107148,"date":"2023-07-29T10:41:29","date_gmt":"2023-07-29T08:41:29","guid":{"rendered":"https:\/\/www.fabioferro.eu\/desmos-rock-twist-fusskettchen-in-silber-weiss-rosa.html"},"modified":"2024-10-18T10:17:00","modified_gmt":"2024-10-18T08:17:00","slug":"desmos-rock-twist-fusskettchen-in-silber-weiss-rosa","status":"publish","type":"product","link":"https:\/\/www.fabioferro.eu\/de\/desmos-rock-twist-fusskettchen-in-silber-weiss-rosa.html","title":{"rendered":"Desmos Rock Twist Fu\u00dfkettchen In Silber Wei\u00df Rosa"},"content":{"rendered":"<p>Fu\u00dfkettchen aus 925er Silber mit Ros\u00e9goldbad. Handgefertigt in Italien. Karabinerverschluss. Verstellbare L\u00e4nge von 23 cm mit abschlie\u00dfendem Tau-Kreuz. Wird mit Verpackung und offizieller Desmos Garantie geliefert.<\/p>\n","protected":false},"excerpt":{"rendered":"<p>Ein Zusammentreffen von Emotionen, das keinen Raum f\u00fcr negative Gedanken oder Unwahrheiten l\u00e4sst.<\/p>\n","protected":false},"featured_media":107160,"comment_status":"open","ping_status":"closed","template":"","meta":[],"product_brand":[],"product_cat":[6130],"product_tag":[],"class_list":{"0":"post-107148","1":"product","2":"type-product","3":"status-publish","4":"has-post-thumbnail","6":"product_cat-desmos-fuskettchen","8":"first","9":"outofstock","10":"sale","11":"purchasable","12":"product-type-simple"},"exclude_global_add_ons":[],"addons":[],"df_price":52.2,"df_sale_price":52.2,"df_regular_price":58,"df_image_link":"https:\/\/cdn02.fabioferro.eu\/wp-content\/uploads\/cavigliera-desmos-rock-twist-in-argento-bianco-rosa-rock-twist-pkw-23.webp","_links":{"self":[{"href":"https:\/\/www.fabioferro.eu\/de\/wp-json\/wp\/v2\/product\/107148","targetHints":{"allow":["GET"]}}],"collection":[{"href":"https:\/\/www.fabioferro.eu\/de\/wp-json\/wp\/v2\/product"}],"about":[{"href":"https:\/\/www.fabioferro.eu\/de\/wp-json\/wp\/v2\/types\/product"}],"replies":[{"embeddable":true,"href":"https:\/\/www.fabioferro.eu\/de\/wp-json\/wp\/v2\/comments?post=107148"}],"version-history":[{"count":0,"href":"https:\/\/www.fabioferro.eu\/de\/wp-json\/wp\/v2\/product\/107148\/revisions"}],"wp:featuredmedia":[{"embeddable":true,"href":"https:\/\/www.fabioferro.eu\/de\/wp-json\/wp\/v2\/media\/107160"}],"wp:attachment":[{"href":"https:\/\/www.fabioferro.eu\/de\/wp-json\/wp\/v2\/media?parent=107148"}],"wp:term":[{"taxonomy":"product_brand","embeddable":true,"href":"https:\/\/www.fabioferro.eu\/de\/wp-json\/wp\/v2\/product_brand?post=107148"},{"taxonomy":"product_cat","embeddable":true,"href":"https:\/\/www.fabioferro.eu\/de\/wp-json\/wp\/v2\/product_cat?post=107148"},{"taxonomy":"product_tag","embeddable":true,"href":"https:\/\/www.fabioferro.eu\/de\/wp-json\/wp\/v2\/product_tag?post=107148"}],"curies":[{"name":"wp","href":"https:\/\/api.w.org\/{rel}","templated":true}]}}