{"id":107152,"date":"2023-07-29T10:41:42","date_gmt":"2023-07-29T08:41:42","guid":{"rendered":"https:\/\/www.fabioferro.eu\/desmos-reis-gold-silber-halskette.html"},"modified":"2024-10-10T09:52:03","modified_gmt":"2024-10-10T07:52:03","slug":"desmos-reis-gold-silber-halskette","status":"publish","type":"product","link":"https:\/\/www.fabioferro.eu\/de\/desmos-reis-gold-silber-halskette.html","title":{"rendered":"Desmos Reis Gold Silber Halskette"},"content":{"rendered":"<p>Vollst\u00e4ndig in Italien gefertigte Halskette aus vergoldetem Silber 925\/1000. Viele kleine Strasssteine machen dieses sch\u00f6ne Schmuckst\u00fcck aus. Verschluss mit praktischem Karabiner. Die L\u00e4nge betr\u00e4gt 46 cm und ist nicht verstellbar. Wird von Desmos verpackt und mit Garantie begleitet.<\/p>\n","protected":false},"excerpt":{"rendered":"<p>Ein Schmuckst\u00fcck mit einzigartigen Formen und Farben, das Sie jederzeit in Erstaunen versetzen kann.<\/p>\n","protected":false},"featured_media":107165,"comment_status":"open","ping_status":"closed","template":"","meta":[],"product_brand":[],"product_cat":[6117],"product_tag":[],"class_list":{"0":"post-107152","1":"product","2":"type-product","3":"status-publish","4":"has-post-thumbnail","6":"product_cat-desmos-halsketten","8":"first","9":"instock","10":"sale","11":"purchasable","12":"product-type-simple"},"exclude_global_add_ons":[],"addons":[],"df_price":88.2,"df_sale_price":88.2,"df_regular_price":98,"df_image_link":"https:\/\/cdn02.fabioferro.eu\/wp-content\/uploads\/collana-desmos-rice-in-argento-dorato-rice-g-46.webp","_links":{"self":[{"href":"https:\/\/www.fabioferro.eu\/de\/wp-json\/wp\/v2\/product\/107152","targetHints":{"allow":["GET"]}}],"collection":[{"href":"https:\/\/www.fabioferro.eu\/de\/wp-json\/wp\/v2\/product"}],"about":[{"href":"https:\/\/www.fabioferro.eu\/de\/wp-json\/wp\/v2\/types\/product"}],"replies":[{"embeddable":true,"href":"https:\/\/www.fabioferro.eu\/de\/wp-json\/wp\/v2\/comments?post=107152"}],"version-history":[{"count":0,"href":"https:\/\/www.fabioferro.eu\/de\/wp-json\/wp\/v2\/product\/107152\/revisions"}],"wp:featuredmedia":[{"embeddable":true,"href":"https:\/\/www.fabioferro.eu\/de\/wp-json\/wp\/v2\/media\/107165"}],"wp:attachment":[{"href":"https:\/\/www.fabioferro.eu\/de\/wp-json\/wp\/v2\/media?parent=107152"}],"wp:term":[{"taxonomy":"product_brand","embeddable":true,"href":"https:\/\/www.fabioferro.eu\/de\/wp-json\/wp\/v2\/product_brand?post=107152"},{"taxonomy":"product_cat","embeddable":true,"href":"https:\/\/www.fabioferro.eu\/de\/wp-json\/wp\/v2\/product_cat?post=107152"},{"taxonomy":"product_tag","embeddable":true,"href":"https:\/\/www.fabioferro.eu\/de\/wp-json\/wp\/v2\/product_tag?post=107152"}],"curies":[{"name":"wp","href":"https:\/\/api.w.org\/{rel}","templated":true}]}}