{"id":107161,"date":"2023-07-29T10:41:29","date_gmt":"2023-07-29T08:41:29","guid":{"rendered":"https:\/\/www.fabioferro.eu\/desmos-design-typhoon-halskette-in-weiss-und-gelb-silber.html"},"modified":"2024-10-18T10:16:00","modified_gmt":"2024-10-18T08:16:00","slug":"desmos-design-typhoon-halskette-in-weiss-und-gelb-silber","status":"publish","type":"product","link":"https:\/\/www.fabioferro.eu\/de\/desmos-design-typhoon-halskette-in-weiss-und-gelb-silber.html","title":{"rendered":"Desmos Design Typhoon Halskette in Wei\u00df und Gelb Silber"},"content":{"rendered":"<p>Halskette aus wei\u00dfem und gelbem 925er Silber, handgefertigt in Italien. Verschluss mit Karabinerhaken, bequem und elegant. Einzigartige L\u00e4nge von 41 cm. Mit Verpackung und offizieller Desmos Garantie.<\/p>\n","protected":false},"excerpt":{"rendered":"<p>Eine einzigartig gestaltete Halskette, die Komfort und Stil beim Tragen garantiert.<\/p>\n","protected":false},"featured_media":107175,"comment_status":"open","ping_status":"closed","template":"","meta":[],"product_brand":[],"product_cat":[6117],"product_tag":[7442],"class_list":{"0":"post-107161","1":"product","2":"type-product","3":"status-publish","4":"has-post-thumbnail","6":"product_cat-desmos-halsketten","7":"product_tag-verfugbar","9":"first","10":"outofstock","11":"sale","12":"purchasable","13":"product-type-simple"},"exclude_global_add_ons":[],"addons":[],"df_price":73.8,"df_sale_price":73.8,"df_regular_price":82,"df_image_link":"https:\/\/cdn02.fabioferro.eu\/wp-content\/uploads\/collana-desmos-design-typhoon-in-argento-bianco-e-giallo-design-typhoon-gw-41.webp","_links":{"self":[{"href":"https:\/\/www.fabioferro.eu\/de\/wp-json\/wp\/v2\/product\/107161","targetHints":{"allow":["GET"]}}],"collection":[{"href":"https:\/\/www.fabioferro.eu\/de\/wp-json\/wp\/v2\/product"}],"about":[{"href":"https:\/\/www.fabioferro.eu\/de\/wp-json\/wp\/v2\/types\/product"}],"replies":[{"embeddable":true,"href":"https:\/\/www.fabioferro.eu\/de\/wp-json\/wp\/v2\/comments?post=107161"}],"version-history":[{"count":0,"href":"https:\/\/www.fabioferro.eu\/de\/wp-json\/wp\/v2\/product\/107161\/revisions"}],"wp:featuredmedia":[{"embeddable":true,"href":"https:\/\/www.fabioferro.eu\/de\/wp-json\/wp\/v2\/media\/107175"}],"wp:attachment":[{"href":"https:\/\/www.fabioferro.eu\/de\/wp-json\/wp\/v2\/media?parent=107161"}],"wp:term":[{"taxonomy":"product_brand","embeddable":true,"href":"https:\/\/www.fabioferro.eu\/de\/wp-json\/wp\/v2\/product_brand?post=107161"},{"taxonomy":"product_cat","embeddable":true,"href":"https:\/\/www.fabioferro.eu\/de\/wp-json\/wp\/v2\/product_cat?post=107161"},{"taxonomy":"product_tag","embeddable":true,"href":"https:\/\/www.fabioferro.eu\/de\/wp-json\/wp\/v2\/product_tag?post=107161"}],"curies":[{"name":"wp","href":"https:\/\/api.w.org\/{rel}","templated":true}]}}