{"id":107166,"date":"2023-07-29T10:41:29","date_gmt":"2023-07-29T08:41:29","guid":{"rendered":"https:\/\/www.fabioferro.eu\/rose-und-weiss-silber-desmos-rock-twist-halskette.html"},"modified":"2024-10-18T11:02:59","modified_gmt":"2024-10-18T09:02:59","slug":"rose-und-weiss-silber-desmos-rock-twist-halskette","status":"publish","type":"product","link":"https:\/\/www.fabioferro.eu\/de\/rose-und-weiss-silber-desmos-rock-twist-halskette.html","title":{"rendered":"Rose und Wei\u00df Silber Desmos Rock Twist Halskette"},"content":{"rendered":"<p>Halskette aus 925er Sterlingsilber in einem Ros\u00e9goldbad. Federverschluss. L\u00e4nge 41 cm, nicht verstellbar. Mit Verpackung und offizieller Desmos-Garantie.<\/p>\n","protected":false},"excerpt":{"rendered":"<p>Ein Zopf in zwei Farben, faszinierend und in nie zuvor gesehenen Formen.<\/p>\n","protected":false},"featured_media":107177,"comment_status":"open","ping_status":"closed","template":"","meta":[],"product_brand":[204],"product_cat":[6117],"product_tag":[],"class_list":{"0":"post-107166","1":"product","2":"type-product","3":"status-publish","4":"has-post-thumbnail","6":"product_brand-desmos","7":"product_cat-desmos-halsketten","9":"first","10":"outofstock","11":"sale","12":"purchasable","13":"product-type-simple"},"exclude_global_add_ons":[],"addons":[],"df_price":63,"df_sale_price":63,"df_regular_price":70,"df_image_link":"https:\/\/cdn02.fabioferro.eu\/wp-content\/uploads\/collana-desmos-rock-twist-in-argento-bianco-e-rosa-rock-twist-pkw-41.webp","_links":{"self":[{"href":"https:\/\/www.fabioferro.eu\/de\/wp-json\/wp\/v2\/product\/107166","targetHints":{"allow":["GET"]}}],"collection":[{"href":"https:\/\/www.fabioferro.eu\/de\/wp-json\/wp\/v2\/product"}],"about":[{"href":"https:\/\/www.fabioferro.eu\/de\/wp-json\/wp\/v2\/types\/product"}],"replies":[{"embeddable":true,"href":"https:\/\/www.fabioferro.eu\/de\/wp-json\/wp\/v2\/comments?post=107166"}],"version-history":[{"count":0,"href":"https:\/\/www.fabioferro.eu\/de\/wp-json\/wp\/v2\/product\/107166\/revisions"}],"wp:featuredmedia":[{"embeddable":true,"href":"https:\/\/www.fabioferro.eu\/de\/wp-json\/wp\/v2\/media\/107177"}],"wp:attachment":[{"href":"https:\/\/www.fabioferro.eu\/de\/wp-json\/wp\/v2\/media?parent=107166"}],"wp:term":[{"taxonomy":"product_brand","embeddable":true,"href":"https:\/\/www.fabioferro.eu\/de\/wp-json\/wp\/v2\/product_brand?post=107166"},{"taxonomy":"product_cat","embeddable":true,"href":"https:\/\/www.fabioferro.eu\/de\/wp-json\/wp\/v2\/product_cat?post=107166"},{"taxonomy":"product_tag","embeddable":true,"href":"https:\/\/www.fabioferro.eu\/de\/wp-json\/wp\/v2\/product_tag?post=107166"}],"curies":[{"name":"wp","href":"https:\/\/api.w.org\/{rel}","templated":true}]}}