{"id":107171,"date":"2023-07-29T10:40:53","date_gmt":"2023-07-29T08:40:53","guid":{"rendered":"https:\/\/www.fabioferro.eu\/rose-und-weiss-silber-desmos-shine-halskette.html"},"modified":"2024-10-18T10:14:22","modified_gmt":"2024-10-18T08:14:22","slug":"rose-und-weiss-silber-desmos-shine-halskette","status":"publish","type":"product","link":"https:\/\/www.fabioferro.eu\/de\/rose-und-weiss-silber-desmos-shine-halskette.html","title":{"rendered":"Rose und Wei\u00df Silber Desmos Shine Halskette"},"content":{"rendered":"<p>Halskette aus wei\u00dfem und rosafarbenem 925er Silber. Handgefertigt in Italien. Eine L\u00e4nge von 41 cm. Klassischer Karabinerverschluss. Mit Verpackung und offizieller Desmos Garantie.<\/p>\n","protected":false},"excerpt":{"rendered":"<p>Eine Nachfolge entlang eines Juwels, der sich nicht scheut, gerade wegen seiner Vollkommenheit beurteilt zu werden.<\/p>\n","protected":false},"featured_media":107183,"comment_status":"open","ping_status":"closed","template":"","meta":[],"product_brand":[],"product_cat":[6117],"product_tag":[],"class_list":{"0":"post-107171","1":"product","2":"type-product","3":"status-publish","4":"has-post-thumbnail","6":"product_cat-desmos-halsketten","8":"first","9":"instock","10":"sale","11":"purchasable","12":"product-type-simple"},"exclude_global_add_ons":[],"addons":[],"df_price":69.3,"df_sale_price":69.3,"df_regular_price":77,"df_image_link":"https:\/\/cdn02.fabioferro.eu\/wp-content\/uploads\/collana-desmos-shine-in-argento-bianco-e-rosa-shine-pkw-41.webp","_links":{"self":[{"href":"https:\/\/www.fabioferro.eu\/de\/wp-json\/wp\/v2\/product\/107171","targetHints":{"allow":["GET"]}}],"collection":[{"href":"https:\/\/www.fabioferro.eu\/de\/wp-json\/wp\/v2\/product"}],"about":[{"href":"https:\/\/www.fabioferro.eu\/de\/wp-json\/wp\/v2\/types\/product"}],"replies":[{"embeddable":true,"href":"https:\/\/www.fabioferro.eu\/de\/wp-json\/wp\/v2\/comments?post=107171"}],"version-history":[{"count":0,"href":"https:\/\/www.fabioferro.eu\/de\/wp-json\/wp\/v2\/product\/107171\/revisions"}],"wp:featuredmedia":[{"embeddable":true,"href":"https:\/\/www.fabioferro.eu\/de\/wp-json\/wp\/v2\/media\/107183"}],"wp:attachment":[{"href":"https:\/\/www.fabioferro.eu\/de\/wp-json\/wp\/v2\/media?parent=107171"}],"wp:term":[{"taxonomy":"product_brand","embeddable":true,"href":"https:\/\/www.fabioferro.eu\/de\/wp-json\/wp\/v2\/product_brand?post=107171"},{"taxonomy":"product_cat","embeddable":true,"href":"https:\/\/www.fabioferro.eu\/de\/wp-json\/wp\/v2\/product_cat?post=107171"},{"taxonomy":"product_tag","embeddable":true,"href":"https:\/\/www.fabioferro.eu\/de\/wp-json\/wp\/v2\/product_tag?post=107171"}],"curies":[{"name":"wp","href":"https:\/\/api.w.org\/{rel}","templated":true}]}}