{"id":107187,"date":"2023-07-29T10:41:29","date_gmt":"2023-07-29T08:41:29","guid":{"rendered":"https:\/\/www.fabioferro.eu\/desmos-rock-twist-armband-in-gelb-weiss-silber.html"},"modified":"2024-10-18T10:17:24","modified_gmt":"2024-10-18T08:17:24","slug":"desmos-rock-twist-armband-in-gelb-weiss-silber","status":"publish","type":"product","link":"https:\/\/www.fabioferro.eu\/de\/desmos-rock-twist-armband-in-gelb-weiss-silber.html","title":{"rendered":"Desmos Rock Twist Armband In Gelb Wei\u00df Silber"},"content":{"rendered":"<p>Armband aus wei\u00dfem und gelbem 925er Silber. Handgefertigt in Italien. L\u00e4nge 16,5 cm, verstellbar dank der speziellen Ringe. Verschluss mit praktischem Karabiner. Mit Desmos Verpackung und Garantie.<\/p>\n","protected":false},"excerpt":{"rendered":"<p>Sehr fein, elegant und zart. Im Alltag zu tragen, ohne sich Sorgen zu machen.<\/p>\n","protected":false},"featured_media":107197,"comment_status":"open","ping_status":"closed","template":"","meta":[],"product_brand":[204],"product_cat":[6114],"product_tag":[],"class_list":{"0":"post-107187","1":"product","2":"type-product","3":"status-publish","4":"has-post-thumbnail","6":"product_brand-desmos","7":"product_cat-desmos-armbander","9":"first","10":"outofstock","11":"sale","12":"purchasable","13":"product-type-simple"},"exclude_global_add_ons":[],"addons":[],"df_price":47.7,"df_sale_price":47.7,"df_regular_price":53,"df_image_link":"https:\/\/cdn02.fabioferro.eu\/wp-content\/uploads\/bracciale-desmos-rock-twist-in-argento-bianco-giallo-rock-twist-gw-16-5.webp","_links":{"self":[{"href":"https:\/\/www.fabioferro.eu\/de\/wp-json\/wp\/v2\/product\/107187","targetHints":{"allow":["GET"]}}],"collection":[{"href":"https:\/\/www.fabioferro.eu\/de\/wp-json\/wp\/v2\/product"}],"about":[{"href":"https:\/\/www.fabioferro.eu\/de\/wp-json\/wp\/v2\/types\/product"}],"replies":[{"embeddable":true,"href":"https:\/\/www.fabioferro.eu\/de\/wp-json\/wp\/v2\/comments?post=107187"}],"version-history":[{"count":0,"href":"https:\/\/www.fabioferro.eu\/de\/wp-json\/wp\/v2\/product\/107187\/revisions"}],"wp:featuredmedia":[{"embeddable":true,"href":"https:\/\/www.fabioferro.eu\/de\/wp-json\/wp\/v2\/media\/107197"}],"wp:attachment":[{"href":"https:\/\/www.fabioferro.eu\/de\/wp-json\/wp\/v2\/media?parent=107187"}],"wp:term":[{"taxonomy":"product_brand","embeddable":true,"href":"https:\/\/www.fabioferro.eu\/de\/wp-json\/wp\/v2\/product_brand?post=107187"},{"taxonomy":"product_cat","embeddable":true,"href":"https:\/\/www.fabioferro.eu\/de\/wp-json\/wp\/v2\/product_cat?post=107187"},{"taxonomy":"product_tag","embeddable":true,"href":"https:\/\/www.fabioferro.eu\/de\/wp-json\/wp\/v2\/product_tag?post=107187"}],"curies":[{"name":"wp","href":"https:\/\/api.w.org\/{rel}","templated":true}]}}