{"id":107194,"date":"2023-07-29T10:41:42","date_gmt":"2023-07-29T08:41:42","guid":{"rendered":"https:\/\/www.fabioferro.eu\/desmos-firetube-armband-in-silber.html"},"modified":"2025-06-06T15:56:17","modified_gmt":"2025-06-06T13:56:17","slug":"desmos-firetube-armband-in-silber","status":"publish","type":"product","link":"https:\/\/www.fabioferro.eu\/de\/desmos-firetube-armband-in-silber.html","title":{"rendered":"Desmos Firetube Armband In Silber"},"content":{"rendered":"<p>Armband aus 925\/1000er Silber. Raffiniertes Design mit Streifen aus Rotguss. Die L\u00e4nge betr\u00e4gt 20 cm, Einheitsgr\u00f6\u00dfe. Hergestellt in Italien. Mit offizieller Desmos Verpackung und Garantie.<\/p>\n","protected":false},"excerpt":{"rendered":"<p>Ein Juwel von unvergleichlicher Form, Verarbeitung und Reflexen.<\/p>\n","protected":false},"featured_media":107209,"comment_status":"open","ping_status":"closed","template":"","meta":[],"product_brand":[],"product_cat":[6113],"product_tag":[],"class_list":{"0":"post-107194","1":"product","2":"type-product","3":"status-publish","4":"has-post-thumbnail","6":"product_cat-desmos-herrenschmuck","8":"first","9":"outofstock","10":"sale","11":"purchasable","12":"product-type-simple"},"exclude_global_add_ons":[],"addons":[],"df_price":86.4,"df_sale_price":86.4,"df_regular_price":96,"df_image_link":"https:\/\/cdn02.fabioferro.eu\/wp-content\/uploads\/bracciale-desmos-firetube-in-argento-firetube-4-w-20.webp","_links":{"self":[{"href":"https:\/\/www.fabioferro.eu\/de\/wp-json\/wp\/v2\/product\/107194","targetHints":{"allow":["GET"]}}],"collection":[{"href":"https:\/\/www.fabioferro.eu\/de\/wp-json\/wp\/v2\/product"}],"about":[{"href":"https:\/\/www.fabioferro.eu\/de\/wp-json\/wp\/v2\/types\/product"}],"replies":[{"embeddable":true,"href":"https:\/\/www.fabioferro.eu\/de\/wp-json\/wp\/v2\/comments?post=107194"}],"version-history":[{"count":0,"href":"https:\/\/www.fabioferro.eu\/de\/wp-json\/wp\/v2\/product\/107194\/revisions"}],"wp:featuredmedia":[{"embeddable":true,"href":"https:\/\/www.fabioferro.eu\/de\/wp-json\/wp\/v2\/media\/107209"}],"wp:attachment":[{"href":"https:\/\/www.fabioferro.eu\/de\/wp-json\/wp\/v2\/media?parent=107194"}],"wp:term":[{"taxonomy":"product_brand","embeddable":true,"href":"https:\/\/www.fabioferro.eu\/de\/wp-json\/wp\/v2\/product_brand?post=107194"},{"taxonomy":"product_cat","embeddable":true,"href":"https:\/\/www.fabioferro.eu\/de\/wp-json\/wp\/v2\/product_cat?post=107194"},{"taxonomy":"product_tag","embeddable":true,"href":"https:\/\/www.fabioferro.eu\/de\/wp-json\/wp\/v2\/product_tag?post=107194"}],"curies":[{"name":"wp","href":"https:\/\/api.w.org\/{rel}","templated":true}]}}