{"id":107202,"date":"2023-07-29T10:40:53","date_gmt":"2023-07-29T08:40:53","guid":{"rendered":"https:\/\/www.fabioferro.eu\/rose-silber-mond-design-desmos-armband.html"},"modified":"2024-10-18T10:15:11","modified_gmt":"2024-10-18T08:15:11","slug":"rose-silber-mond-design-desmos-armband","status":"publish","type":"product","link":"https:\/\/www.fabioferro.eu\/de\/rose-silber-mond-design-desmos-armband.html","title":{"rendered":"Ros\u00e9 Silber Mond Design Desmos Armband"},"content":{"rendered":"<p>Armband aus 925er Sterlingsilber mit Ros\u00e9goldbad. Hergestellt in Italien. Federverschluss. L\u00e4nge 16,5 cm mit Verl\u00e4ngerungsm\u00f6glichkeit. Wird mit Verpackung und offizieller Desmos Garantie geliefert.<\/p>\n","protected":false},"excerpt":{"rendered":"<p>Zart, elegant, robust und f\u00fcr den t\u00e4glichen Gebrauch geeignet. Finden Sie es jetzt heraus!<\/p>\n","protected":false},"featured_media":107216,"comment_status":"open","ping_status":"closed","template":"","meta":[],"product_brand":[204],"product_cat":[7747],"product_tag":[],"class_list":{"0":"post-107202","1":"product","2":"type-product","3":"status-publish","4":"has-post-thumbnail","6":"product_brand-desmos","7":"product_cat-desmos-armbander","9":"first","10":"outofstock","11":"sale","12":"purchasable","13":"product-type-simple"},"exclude_global_add_ons":[],"addons":[],"df_price":54,"df_sale_price":54,"df_regular_price":60,"df_image_link":"https:\/\/cdn02.fabioferro.eu\/wp-content\/uploads\/bracciale-desmos-in-argento-con-sferette-design-moon-pk-rosa.webp","_links":{"self":[{"href":"https:\/\/www.fabioferro.eu\/de\/wp-json\/wp\/v2\/product\/107202","targetHints":{"allow":["GET"]}}],"collection":[{"href":"https:\/\/www.fabioferro.eu\/de\/wp-json\/wp\/v2\/product"}],"about":[{"href":"https:\/\/www.fabioferro.eu\/de\/wp-json\/wp\/v2\/types\/product"}],"replies":[{"embeddable":true,"href":"https:\/\/www.fabioferro.eu\/de\/wp-json\/wp\/v2\/comments?post=107202"}],"version-history":[{"count":0,"href":"https:\/\/www.fabioferro.eu\/de\/wp-json\/wp\/v2\/product\/107202\/revisions"}],"wp:featuredmedia":[{"embeddable":true,"href":"https:\/\/www.fabioferro.eu\/de\/wp-json\/wp\/v2\/media\/107216"}],"wp:attachment":[{"href":"https:\/\/www.fabioferro.eu\/de\/wp-json\/wp\/v2\/media?parent=107202"}],"wp:term":[{"taxonomy":"product_brand","embeddable":true,"href":"https:\/\/www.fabioferro.eu\/de\/wp-json\/wp\/v2\/product_brand?post=107202"},{"taxonomy":"product_cat","embeddable":true,"href":"https:\/\/www.fabioferro.eu\/de\/wp-json\/wp\/v2\/product_cat?post=107202"},{"taxonomy":"product_tag","embeddable":true,"href":"https:\/\/www.fabioferro.eu\/de\/wp-json\/wp\/v2\/product_tag?post=107202"}],"curies":[{"name":"wp","href":"https:\/\/api.w.org\/{rel}","templated":true}]}}