{"id":107205,"date":"2023-07-29T10:41:29","date_gmt":"2023-07-29T08:41:29","guid":{"rendered":"https:\/\/www.fabioferro.eu\/desmos-spark-halskette-in-silber-weiss-gelb-rosa.html"},"modified":"2023-07-29T10:41:29","modified_gmt":"2023-07-29T08:41:29","slug":"desmos-spark-halskette-in-silber-weiss-gelb-rosa","status":"publish","type":"product","link":"https:\/\/www.fabioferro.eu\/de\/desmos-spark-halskette-in-silber-weiss-gelb-rosa.html","title":{"rendered":"Desmos Spark Halskette In Silber Wei\u00df Gelb Rosa"},"content":{"rendered":"<p>Halskette aus 925er Sterlingsilber in drei Goldfarben.<\/p>\n<p>Hergestellt in Italien, handgefertigt.<\/p>\n<p>Einheitsgr\u00f6\u00dfe, nicht verstellbar, L\u00e4nge 41 cm.<\/p>\n<p>Verschluss mit praktischem Karabinerhaken.<\/p>\n<p>Mit der offiziellen Desmos-Verpackung und Garantie.<\/p>\n","protected":false},"excerpt":{"rendered":"<p>Str\u00e4nge und F\u00e4den verflechten sich zu unvergleichlichen Lichtreflexen, die der Tr\u00e4gerin w\u00fcrdig sind.<\/p>\n","protected":false},"featured_media":107215,"comment_status":"open","ping_status":"closed","template":"","meta":[],"product_brand":[],"product_cat":[6117],"product_tag":[],"class_list":{"0":"post-107205","1":"product","2":"type-product","3":"status-publish","4":"has-post-thumbnail","6":"product_cat-desmos-halsketten","8":"first","9":"instock","10":"sale","11":"purchasable","12":"product-type-simple"},"exclude_global_add_ons":[],"addons":[],"df_price":154.8,"df_sale_price":154.8,"df_regular_price":172,"df_image_link":"https:\/\/cdn02.fabioferro.eu\/wp-content\/uploads\/collana-desmos-spark-in-argento-bianco-giallo-rosa-spark-tc-41.webp","_links":{"self":[{"href":"https:\/\/www.fabioferro.eu\/de\/wp-json\/wp\/v2\/product\/107205","targetHints":{"allow":["GET"]}}],"collection":[{"href":"https:\/\/www.fabioferro.eu\/de\/wp-json\/wp\/v2\/product"}],"about":[{"href":"https:\/\/www.fabioferro.eu\/de\/wp-json\/wp\/v2\/types\/product"}],"replies":[{"embeddable":true,"href":"https:\/\/www.fabioferro.eu\/de\/wp-json\/wp\/v2\/comments?post=107205"}],"version-history":[{"count":0,"href":"https:\/\/www.fabioferro.eu\/de\/wp-json\/wp\/v2\/product\/107205\/revisions"}],"wp:featuredmedia":[{"embeddable":true,"href":"https:\/\/www.fabioferro.eu\/de\/wp-json\/wp\/v2\/media\/107215"}],"wp:attachment":[{"href":"https:\/\/www.fabioferro.eu\/de\/wp-json\/wp\/v2\/media?parent=107205"}],"wp:term":[{"taxonomy":"product_brand","embeddable":true,"href":"https:\/\/www.fabioferro.eu\/de\/wp-json\/wp\/v2\/product_brand?post=107205"},{"taxonomy":"product_cat","embeddable":true,"href":"https:\/\/www.fabioferro.eu\/de\/wp-json\/wp\/v2\/product_cat?post=107205"},{"taxonomy":"product_tag","embeddable":true,"href":"https:\/\/www.fabioferro.eu\/de\/wp-json\/wp\/v2\/product_tag?post=107205"}],"curies":[{"name":"wp","href":"https:\/\/api.w.org\/{rel}","templated":true}]}}