{"id":107210,"date":"2023-07-29T10:40:53","date_gmt":"2023-07-29T08:40:53","guid":{"rendered":"https:\/\/www.fabioferro.eu\/desmos-reis-armband-in-brueniertem-silber.html"},"modified":"2024-10-18T10:15:49","modified_gmt":"2024-10-18T08:15:49","slug":"desmos-reis-armband-in-brueniertem-silber","status":"publish","type":"product","link":"https:\/\/www.fabioferro.eu\/de\/desmos-reis-armband-in-brueniertem-silber.html","title":{"rendered":"Desmos Reis Armband In br\u00fcniertem Silber"},"content":{"rendered":"<p>Armband aus 925er br\u00fcniertem Silber, hergestellt in Italien, Federverschluss, L\u00e4nge 16,5 cm, mit offizieller Desmos Box und Garantie.<\/p>\n","protected":false},"excerpt":{"rendered":"<p>Kleine Diamantk\u00f6rner haben nur ein Ziel: zu gl\u00e4nzen.<\/p>\n","protected":false},"featured_media":107219,"comment_status":"open","ping_status":"closed","template":"","meta":[],"product_brand":[204],"product_cat":[6114],"product_tag":[],"class_list":{"0":"post-107210","1":"product","2":"type-product","3":"status-publish","4":"has-post-thumbnail","6":"product_brand-desmos","7":"product_cat-desmos-armbander","9":"first","10":"outofstock","11":"sale","12":"purchasable","13":"product-type-simple"},"exclude_global_add_ons":[],"addons":[],"df_price":58.5,"df_sale_price":58.5,"df_regular_price":65,"df_image_link":"https:\/\/cdn02.fabioferro.eu\/wp-content\/uploads\/bracciale-desmos-rice-in-argento-brunito-rice-gm-16-5.webp","_links":{"self":[{"href":"https:\/\/www.fabioferro.eu\/de\/wp-json\/wp\/v2\/product\/107210","targetHints":{"allow":["GET"]}}],"collection":[{"href":"https:\/\/www.fabioferro.eu\/de\/wp-json\/wp\/v2\/product"}],"about":[{"href":"https:\/\/www.fabioferro.eu\/de\/wp-json\/wp\/v2\/types\/product"}],"replies":[{"embeddable":true,"href":"https:\/\/www.fabioferro.eu\/de\/wp-json\/wp\/v2\/comments?post=107210"}],"version-history":[{"count":0,"href":"https:\/\/www.fabioferro.eu\/de\/wp-json\/wp\/v2\/product\/107210\/revisions"}],"wp:featuredmedia":[{"embeddable":true,"href":"https:\/\/www.fabioferro.eu\/de\/wp-json\/wp\/v2\/media\/107219"}],"wp:attachment":[{"href":"https:\/\/www.fabioferro.eu\/de\/wp-json\/wp\/v2\/media?parent=107210"}],"wp:term":[{"taxonomy":"product_brand","embeddable":true,"href":"https:\/\/www.fabioferro.eu\/de\/wp-json\/wp\/v2\/product_brand?post=107210"},{"taxonomy":"product_cat","embeddable":true,"href":"https:\/\/www.fabioferro.eu\/de\/wp-json\/wp\/v2\/product_cat?post=107210"},{"taxonomy":"product_tag","embeddable":true,"href":"https:\/\/www.fabioferro.eu\/de\/wp-json\/wp\/v2\/product_tag?post=107210"}],"curies":[{"name":"wp","href":"https:\/\/api.w.org\/{rel}","templated":true}]}}