{"id":107223,"date":"2023-07-29T10:40:19","date_gmt":"2023-07-29T08:40:19","guid":{"rendered":"https:\/\/www.fabioferro.eu\/desmos-silber-kugel-fusskettchen.html"},"modified":"2024-10-18T10:15:47","modified_gmt":"2024-10-18T08:15:47","slug":"desmos-silber-kugel-fusskettchen","status":"publish","type":"product","link":"https:\/\/www.fabioferro.eu\/de\/desmos-silber-kugel-fusskettchen.html","title":{"rendered":"Desmos Silber Kugel Fu\u00dfkettchen"},"content":{"rendered":"<p>Fu\u00dfkettchen aus 925er Sterlingsilber. L\u00e4nge 23 cm mit Verstellm\u00f6glichkeit. Hergestellt in Italien. Verschluss mit klassischem Karabiner. Wird mit Verpackung und offizieller Desmos Garantie geliefert.<\/p>\n","protected":false},"excerpt":{"rendered":"<p>Einundzwanzig Diamantkugeln reflektieren das Licht in jedem Winkel und erzeugen einen einzigartigen visuellen Effekt.<\/p>\n","protected":false},"featured_media":107234,"comment_status":"open","ping_status":"closed","template":"","meta":[],"product_brand":[],"product_cat":[6130],"product_tag":[],"class_list":{"0":"post-107223","1":"product","2":"type-product","3":"status-publish","4":"has-post-thumbnail","6":"product_cat-desmos-fuskettchen","8":"first","9":"outofstock","10":"sale","11":"purchasable","12":"product-type-simple"},"exclude_global_add_ons":[],"addons":[],"df_price":58.5,"df_sale_price":58.5,"df_regular_price":65,"df_image_link":"https:\/\/cdn02.fabioferro.eu\/wp-content\/uploads\/cavigliera-desmos-sfera-in-argento-sfera-w-23.webp","_links":{"self":[{"href":"https:\/\/www.fabioferro.eu\/de\/wp-json\/wp\/v2\/product\/107223","targetHints":{"allow":["GET"]}}],"collection":[{"href":"https:\/\/www.fabioferro.eu\/de\/wp-json\/wp\/v2\/product"}],"about":[{"href":"https:\/\/www.fabioferro.eu\/de\/wp-json\/wp\/v2\/types\/product"}],"replies":[{"embeddable":true,"href":"https:\/\/www.fabioferro.eu\/de\/wp-json\/wp\/v2\/comments?post=107223"}],"version-history":[{"count":0,"href":"https:\/\/www.fabioferro.eu\/de\/wp-json\/wp\/v2\/product\/107223\/revisions"}],"wp:featuredmedia":[{"embeddable":true,"href":"https:\/\/www.fabioferro.eu\/de\/wp-json\/wp\/v2\/media\/107234"}],"wp:attachment":[{"href":"https:\/\/www.fabioferro.eu\/de\/wp-json\/wp\/v2\/media?parent=107223"}],"wp:term":[{"taxonomy":"product_brand","embeddable":true,"href":"https:\/\/www.fabioferro.eu\/de\/wp-json\/wp\/v2\/product_brand?post=107223"},{"taxonomy":"product_cat","embeddable":true,"href":"https:\/\/www.fabioferro.eu\/de\/wp-json\/wp\/v2\/product_cat?post=107223"},{"taxonomy":"product_tag","embeddable":true,"href":"https:\/\/www.fabioferro.eu\/de\/wp-json\/wp\/v2\/product_tag?post=107223"}],"curies":[{"name":"wp","href":"https:\/\/api.w.org\/{rel}","templated":true}]}}