{"id":107226,"date":"2023-07-29T10:40:31","date_gmt":"2023-07-29T08:40:31","guid":{"rendered":"https:\/\/www.fabioferro.eu\/desmos-arte-cuore-silber-vergoldetes-armband.html"},"modified":"2024-10-18T10:17:13","modified_gmt":"2024-10-18T08:17:13","slug":"desmos-arte-cuore-silber-vergoldetes-armband","status":"publish","type":"product","link":"https:\/\/www.fabioferro.eu\/de\/desmos-arte-cuore-silber-vergoldetes-armband.html","title":{"rendered":"Desmos Arte Cuore Silber vergoldetes Armband"},"content":{"rendered":"<p>Armband aus 925er Sterlingsilber mit Gelbgoldbad. Federverschluss. Eine L\u00e4nge von 16,5 cm. Wird von der offiziellen Desmos-Verpackung und Garantie begleitet.<\/p>\n","protected":false},"excerpt":{"rendered":"<p>Viele kleine, s\u00fc\u00dfe Herzen kr\u00f6nen die Sch\u00f6nheit dieses Armbands.<\/p>\n","protected":false},"featured_media":107235,"comment_status":"open","ping_status":"closed","template":"","meta":[],"product_brand":[],"product_cat":[6114],"product_tag":[],"class_list":{"0":"post-107226","1":"product","2":"type-product","3":"status-publish","4":"has-post-thumbnail","6":"product_cat-desmos-armbander","8":"first","9":"instock","10":"sale","11":"purchasable","12":"product-type-simple"},"exclude_global_add_ons":[],"addons":[],"df_price":24.3,"df_sale_price":24.3,"df_regular_price":27,"df_image_link":"https:\/\/cdn02.fabioferro.eu\/wp-content\/uploads\/bracciale-desmos-arte-cuore-in-argento-placcato-oro-arte-cuore-g-16-5.webp","_links":{"self":[{"href":"https:\/\/www.fabioferro.eu\/de\/wp-json\/wp\/v2\/product\/107226","targetHints":{"allow":["GET"]}}],"collection":[{"href":"https:\/\/www.fabioferro.eu\/de\/wp-json\/wp\/v2\/product"}],"about":[{"href":"https:\/\/www.fabioferro.eu\/de\/wp-json\/wp\/v2\/types\/product"}],"replies":[{"embeddable":true,"href":"https:\/\/www.fabioferro.eu\/de\/wp-json\/wp\/v2\/comments?post=107226"}],"version-history":[{"count":0,"href":"https:\/\/www.fabioferro.eu\/de\/wp-json\/wp\/v2\/product\/107226\/revisions"}],"wp:featuredmedia":[{"embeddable":true,"href":"https:\/\/www.fabioferro.eu\/de\/wp-json\/wp\/v2\/media\/107235"}],"wp:attachment":[{"href":"https:\/\/www.fabioferro.eu\/de\/wp-json\/wp\/v2\/media?parent=107226"}],"wp:term":[{"taxonomy":"product_brand","embeddable":true,"href":"https:\/\/www.fabioferro.eu\/de\/wp-json\/wp\/v2\/product_brand?post=107226"},{"taxonomy":"product_cat","embeddable":true,"href":"https:\/\/www.fabioferro.eu\/de\/wp-json\/wp\/v2\/product_cat?post=107226"},{"taxonomy":"product_tag","embeddable":true,"href":"https:\/\/www.fabioferro.eu\/de\/wp-json\/wp\/v2\/product_tag?post=107226"}],"curies":[{"name":"wp","href":"https:\/\/api.w.org\/{rel}","templated":true}]}}