{"id":107229,"date":"2023-07-29T10:40:31","date_gmt":"2023-07-29T08:40:31","guid":{"rendered":"https:\/\/www.fabioferro.eu\/desmos-design-taifun-gold-silber-armband.html"},"modified":"2024-10-18T10:14:09","modified_gmt":"2024-10-18T08:14:09","slug":"desmos-design-taifun-gold-silber-armband","status":"publish","type":"product","link":"https:\/\/www.fabioferro.eu\/de\/desmos-design-taifun-gold-silber-armband.html","title":{"rendered":"Desmos Design Taifun Gold Silber Armband"},"content":{"rendered":"<p>Armband aus 925er gelbvergoldetem Silber. Verschluss mit praktischer Federschlie\u00dfe. Verstellbare Gr\u00f6\u00dfe, L\u00e4nge 16,5 cm. Hergestellt in Italien. Mit offizieller Desmos Verpackung und Garantie.<\/p>\n","protected":false},"excerpt":{"rendered":"<p>Kleine F\u00e4sser treffen aufeinander und bilden ein Schmuckst\u00fcck, das man jeden Tag tragen kann.<\/p>\n","protected":false},"featured_media":107249,"comment_status":"open","ping_status":"closed","template":"","meta":[],"product_brand":[],"product_cat":[6114],"product_tag":[],"class_list":{"0":"post-107229","1":"product","2":"type-product","3":"status-publish","4":"has-post-thumbnail","6":"product_cat-desmos-armbander","8":"first","9":"instock","10":"sale","11":"purchasable","12":"product-type-simple"},"exclude_global_add_ons":[],"addons":[],"df_price":45.9,"df_sale_price":45.9,"df_regular_price":51,"df_image_link":"https:\/\/cdn02.fabioferro.eu\/wp-content\/uploads\/bracciale-desmos-design-typhoon-in-argento-dorato-design-typhoon-g-16-5.webp","_links":{"self":[{"href":"https:\/\/www.fabioferro.eu\/de\/wp-json\/wp\/v2\/product\/107229","targetHints":{"allow":["GET"]}}],"collection":[{"href":"https:\/\/www.fabioferro.eu\/de\/wp-json\/wp\/v2\/product"}],"about":[{"href":"https:\/\/www.fabioferro.eu\/de\/wp-json\/wp\/v2\/types\/product"}],"replies":[{"embeddable":true,"href":"https:\/\/www.fabioferro.eu\/de\/wp-json\/wp\/v2\/comments?post=107229"}],"version-history":[{"count":0,"href":"https:\/\/www.fabioferro.eu\/de\/wp-json\/wp\/v2\/product\/107229\/revisions"}],"wp:featuredmedia":[{"embeddable":true,"href":"https:\/\/www.fabioferro.eu\/de\/wp-json\/wp\/v2\/media\/107249"}],"wp:attachment":[{"href":"https:\/\/www.fabioferro.eu\/de\/wp-json\/wp\/v2\/media?parent=107229"}],"wp:term":[{"taxonomy":"product_brand","embeddable":true,"href":"https:\/\/www.fabioferro.eu\/de\/wp-json\/wp\/v2\/product_brand?post=107229"},{"taxonomy":"product_cat","embeddable":true,"href":"https:\/\/www.fabioferro.eu\/de\/wp-json\/wp\/v2\/product_cat?post=107229"},{"taxonomy":"product_tag","embeddable":true,"href":"https:\/\/www.fabioferro.eu\/de\/wp-json\/wp\/v2\/product_tag?post=107229"}],"curies":[{"name":"wp","href":"https:\/\/api.w.org\/{rel}","templated":true}]}}