{"id":107231,"date":"2023-07-29T10:40:19","date_gmt":"2023-07-29T08:40:19","guid":{"rendered":"https:\/\/www.fabioferro.eu\/desmos-design-hamsa-silberarmband.html"},"modified":"2024-10-18T10:17:13","modified_gmt":"2024-10-18T08:17:13","slug":"desmos-design-hamsa-silberarmband","status":"publish","type":"product","link":"https:\/\/www.fabioferro.eu\/de\/desmos-design-hamsa-silberarmband.html","title":{"rendered":"Desmos Design Hamsa Silberarmband"},"content":{"rendered":"<p>Armband aus 925er Sterlingsilber, hergestellt in Italien. Verschluss mit praktischer Federschlie\u00dfe. L\u00e4nge 16,5 cm, verstellbar. Inklusive Verpackung und offizieller Desmos Garantie.<\/p>\n","protected":false},"excerpt":{"rendered":"<p>Eine s\u00fc\u00dfe Abwechslung von Diamantmotiven, die den Tag der Tr\u00e4gerin erhellen.<\/p>\n","protected":false},"featured_media":107240,"comment_status":"open","ping_status":"closed","template":"","meta":[],"product_brand":[],"product_cat":[6114],"product_tag":[],"class_list":{"0":"post-107231","1":"product","2":"type-product","3":"status-publish","4":"has-post-thumbnail","6":"product_cat-desmos-armbander","8":"first","9":"instock","10":"sale","11":"purchasable","12":"product-type-simple"},"exclude_global_add_ons":[],"addons":[],"df_price":54,"df_sale_price":54,"df_regular_price":60,"df_image_link":"https:\/\/cdn02.fabioferro.eu\/wp-content\/uploads\/bracciale-desmos-design-hamsa-in-argento-design-hamsa-w-16-5.webp","_links":{"self":[{"href":"https:\/\/www.fabioferro.eu\/de\/wp-json\/wp\/v2\/product\/107231","targetHints":{"allow":["GET"]}}],"collection":[{"href":"https:\/\/www.fabioferro.eu\/de\/wp-json\/wp\/v2\/product"}],"about":[{"href":"https:\/\/www.fabioferro.eu\/de\/wp-json\/wp\/v2\/types\/product"}],"replies":[{"embeddable":true,"href":"https:\/\/www.fabioferro.eu\/de\/wp-json\/wp\/v2\/comments?post=107231"}],"version-history":[{"count":0,"href":"https:\/\/www.fabioferro.eu\/de\/wp-json\/wp\/v2\/product\/107231\/revisions"}],"wp:featuredmedia":[{"embeddable":true,"href":"https:\/\/www.fabioferro.eu\/de\/wp-json\/wp\/v2\/media\/107240"}],"wp:attachment":[{"href":"https:\/\/www.fabioferro.eu\/de\/wp-json\/wp\/v2\/media?parent=107231"}],"wp:term":[{"taxonomy":"product_brand","embeddable":true,"href":"https:\/\/www.fabioferro.eu\/de\/wp-json\/wp\/v2\/product_brand?post=107231"},{"taxonomy":"product_cat","embeddable":true,"href":"https:\/\/www.fabioferro.eu\/de\/wp-json\/wp\/v2\/product_cat?post=107231"},{"taxonomy":"product_tag","embeddable":true,"href":"https:\/\/www.fabioferro.eu\/de\/wp-json\/wp\/v2\/product_tag?post=107231"}],"curies":[{"name":"wp","href":"https:\/\/api.w.org\/{rel}","templated":true}]}}