{"id":107246,"date":"2023-07-29T10:40:19","date_gmt":"2023-07-29T08:40:19","guid":{"rendered":"https:\/\/www.fabioferro.eu\/desmos-fusskettchen-papier-clip-kette-in-weiss-und-rosa-silber.html"},"modified":"2025-06-06T16:00:01","modified_gmt":"2025-06-06T14:00:01","slug":"desmos-fusskettchen-papier-clip-kette-in-weiss-und-rosa-silber","status":"publish","type":"product","link":"https:\/\/www.fabioferro.eu\/de\/desmos-fusskettchen-papier-clip-kette-in-weiss-und-rosa-silber.html","title":{"rendered":"Desmos Fu\u00dfkettchen Papier Clip Kette in wei\u00df und rosa Silber"},"content":{"rendered":"<p>Fu\u00dfkettchen aus rosafarbenem 925er Silber, handgefertigt in Italien. Karabinerverschluss. Verstellbare L\u00e4nge von 23 cm mit abschlie\u00dfendem Tau-Kreuz. Wird mit Verpackung und offizieller Desmos-Garantie geliefert.<\/p>\n","protected":false},"excerpt":{"rendered":"<p>Eine Kette, die eine tiefe Bedeutung hat, die Sie mit ihr verbinden m\u00fcssen. Keine leichte Aufgabe.<\/p>\n","protected":false},"featured_media":107253,"comment_status":"open","ping_status":"closed","template":"","meta":[],"product_brand":[],"product_cat":[6130],"product_tag":[],"class_list":{"0":"post-107246","1":"product","2":"type-product","3":"status-publish","4":"has-post-thumbnail","6":"product_cat-desmos-fuskettchen","8":"first","9":"instock","10":"sale","11":"purchasable","12":"product-type-simple"},"exclude_global_add_ons":[],"addons":[],"df_price":63,"df_sale_price":63,"df_regular_price":70,"df_image_link":"https:\/\/cdn02.fabioferro.eu\/wp-content\/uploads\/cavigliera-desmos-paper-clip-catena-in-argento-bianco-e-rosa-paper-clip-pk-23.webp","_links":{"self":[{"href":"https:\/\/www.fabioferro.eu\/de\/wp-json\/wp\/v2\/product\/107246","targetHints":{"allow":["GET"]}}],"collection":[{"href":"https:\/\/www.fabioferro.eu\/de\/wp-json\/wp\/v2\/product"}],"about":[{"href":"https:\/\/www.fabioferro.eu\/de\/wp-json\/wp\/v2\/types\/product"}],"replies":[{"embeddable":true,"href":"https:\/\/www.fabioferro.eu\/de\/wp-json\/wp\/v2\/comments?post=107246"}],"version-history":[{"count":0,"href":"https:\/\/www.fabioferro.eu\/de\/wp-json\/wp\/v2\/product\/107246\/revisions"}],"wp:featuredmedia":[{"embeddable":true,"href":"https:\/\/www.fabioferro.eu\/de\/wp-json\/wp\/v2\/media\/107253"}],"wp:attachment":[{"href":"https:\/\/www.fabioferro.eu\/de\/wp-json\/wp\/v2\/media?parent=107246"}],"wp:term":[{"taxonomy":"product_brand","embeddable":true,"href":"https:\/\/www.fabioferro.eu\/de\/wp-json\/wp\/v2\/product_brand?post=107246"},{"taxonomy":"product_cat","embeddable":true,"href":"https:\/\/www.fabioferro.eu\/de\/wp-json\/wp\/v2\/product_cat?post=107246"},{"taxonomy":"product_tag","embeddable":true,"href":"https:\/\/www.fabioferro.eu\/de\/wp-json\/wp\/v2\/product_tag?post=107246"}],"curies":[{"name":"wp","href":"https:\/\/api.w.org\/{rel}","templated":true}]}}