{"id":107248,"date":"2023-07-29T10:39:30","date_gmt":"2023-07-29T08:39:30","guid":{"rendered":"https:\/\/www.fabioferro.eu\/fusskettchen-desmos-station-nebula-gunmetal-silber-fusskettchen.html"},"modified":"2024-10-18T10:13:42","modified_gmt":"2024-10-18T08:13:42","slug":"fusskettchen-desmos-station-nebula-gunmetal-silber-fusskettchen","status":"publish","type":"product","link":"https:\/\/www.fabioferro.eu\/de\/fusskettchen-desmos-station-nebula-gunmetal-silber-fusskettchen.html","title":{"rendered":"Fu\u00dfkettchen Desmos Station Nebula Gunmetal Silber Fu\u00dfkettchen"},"content":{"rendered":"<p>Fu\u00dfkettchen aus br\u00fcniertem 925er Sterlingsilber, handgefertigt in Italien, L\u00e4nge 23 cm, verstellbar, Karabinerverschluss und Verl\u00e4ngerungsringe, die in einem Herz enden. Mit Verpackung und offizieller Desmos Garantie.<\/p>\n","protected":false},"excerpt":{"rendered":"<p>Neunzehn ovale Elemente, die durch einen d\u00fcnnen Faden miteinander verbunden sind, der die tiefe Bedeutung enth\u00e4lt, die sie verbergen.<\/p>\n","protected":false},"featured_media":107260,"comment_status":"open","ping_status":"closed","template":"","meta":[],"product_brand":[],"product_cat":[6130],"product_tag":[],"class_list":{"0":"post-107248","1":"product","2":"type-product","3":"status-publish","4":"has-post-thumbnail","6":"product_cat-desmos-fuskettchen","8":"first","9":"instock","10":"sale","11":"purchasable","12":"product-type-simple"},"exclude_global_add_ons":[],"addons":[],"df_price":60.3,"df_sale_price":60.3,"df_regular_price":67,"df_image_link":"https:\/\/cdn02.fabioferro.eu\/wp-content\/uploads\/cavigliera-desmos-station-nebula-canna-di-fucile-in-argento-brunito-station-nebula-gm-23.webp","_links":{"self":[{"href":"https:\/\/www.fabioferro.eu\/de\/wp-json\/wp\/v2\/product\/107248","targetHints":{"allow":["GET"]}}],"collection":[{"href":"https:\/\/www.fabioferro.eu\/de\/wp-json\/wp\/v2\/product"}],"about":[{"href":"https:\/\/www.fabioferro.eu\/de\/wp-json\/wp\/v2\/types\/product"}],"replies":[{"embeddable":true,"href":"https:\/\/www.fabioferro.eu\/de\/wp-json\/wp\/v2\/comments?post=107248"}],"version-history":[{"count":0,"href":"https:\/\/www.fabioferro.eu\/de\/wp-json\/wp\/v2\/product\/107248\/revisions"}],"wp:featuredmedia":[{"embeddable":true,"href":"https:\/\/www.fabioferro.eu\/de\/wp-json\/wp\/v2\/media\/107260"}],"wp:attachment":[{"href":"https:\/\/www.fabioferro.eu\/de\/wp-json\/wp\/v2\/media?parent=107248"}],"wp:term":[{"taxonomy":"product_brand","embeddable":true,"href":"https:\/\/www.fabioferro.eu\/de\/wp-json\/wp\/v2\/product_brand?post=107248"},{"taxonomy":"product_cat","embeddable":true,"href":"https:\/\/www.fabioferro.eu\/de\/wp-json\/wp\/v2\/product_cat?post=107248"},{"taxonomy":"product_tag","embeddable":true,"href":"https:\/\/www.fabioferro.eu\/de\/wp-json\/wp\/v2\/product_tag?post=107248"}],"curies":[{"name":"wp","href":"https:\/\/api.w.org\/{rel}","templated":true}]}}