{"id":107250,"date":"2023-07-29T10:40:19","date_gmt":"2023-07-29T08:40:19","guid":{"rendered":"https:\/\/www.fabioferro.eu\/desmos-design-hamsa-vergoldet-silber-armband.html"},"modified":"2025-10-08T22:30:25","modified_gmt":"2025-10-08T20:30:25","slug":"desmos-design-hamsa-vergoldet-silber-armband","status":"publish","type":"product","link":"https:\/\/www.fabioferro.eu\/de\/desmos-design-hamsa-vergoldet-silber-armband.html","title":{"rendered":"Desmos Design Hamsa vergoldet Silber Armband"},"content":{"rendered":"<p>Armband aus 925er gelbvergoldetem Silber, hergestellt in Italien. Verschluss mit praktischer Federschlie\u00dfe. L\u00e4nge 16,5 cm. Mit Box und offizieller Desmos Garantie.<\/p>\n","protected":false},"excerpt":{"rendered":"<p>Eine s\u00fc\u00dfe Abwechslung von Diamantmotiven, die den Tag der Tr\u00e4gerin erhellen.<\/p>\n","protected":false},"featured_media":107261,"comment_status":"open","ping_status":"closed","template":"","meta":[],"product_brand":[],"product_cat":[6114],"product_tag":[],"class_list":{"0":"post-107250","1":"product","2":"type-product","3":"status-publish","4":"has-post-thumbnail","6":"product_cat-desmos-armbander","8":"first","9":"outofstock","10":"sale","11":"purchasable","12":"product-type-simple"},"exclude_global_add_ons":[],"addons":[],"df_price":54,"df_sale_price":54,"df_regular_price":60,"df_image_link":"https:\/\/cdn02.fabioferro.eu\/wp-content\/uploads\/bracciale-desmos-design-hamsa-in-argento-placcato-oro-design-hamsa-g-16-5.webp","_links":{"self":[{"href":"https:\/\/www.fabioferro.eu\/de\/wp-json\/wp\/v2\/product\/107250","targetHints":{"allow":["GET"]}}],"collection":[{"href":"https:\/\/www.fabioferro.eu\/de\/wp-json\/wp\/v2\/product"}],"about":[{"href":"https:\/\/www.fabioferro.eu\/de\/wp-json\/wp\/v2\/types\/product"}],"replies":[{"embeddable":true,"href":"https:\/\/www.fabioferro.eu\/de\/wp-json\/wp\/v2\/comments?post=107250"}],"version-history":[{"count":0,"href":"https:\/\/www.fabioferro.eu\/de\/wp-json\/wp\/v2\/product\/107250\/revisions"}],"wp:featuredmedia":[{"embeddable":true,"href":"https:\/\/www.fabioferro.eu\/de\/wp-json\/wp\/v2\/media\/107261"}],"wp:attachment":[{"href":"https:\/\/www.fabioferro.eu\/de\/wp-json\/wp\/v2\/media?parent=107250"}],"wp:term":[{"taxonomy":"product_brand","embeddable":true,"href":"https:\/\/www.fabioferro.eu\/de\/wp-json\/wp\/v2\/product_brand?post=107250"},{"taxonomy":"product_cat","embeddable":true,"href":"https:\/\/www.fabioferro.eu\/de\/wp-json\/wp\/v2\/product_cat?post=107250"},{"taxonomy":"product_tag","embeddable":true,"href":"https:\/\/www.fabioferro.eu\/de\/wp-json\/wp\/v2\/product_tag?post=107250"}],"curies":[{"name":"wp","href":"https:\/\/api.w.org\/{rel}","templated":true}]}}