{"id":107268,"date":"2023-07-29T10:39:30","date_gmt":"2023-07-29T08:39:30","guid":{"rendered":"https:\/\/www.fabioferro.eu\/rose-silber-desmos-station-nebel-fusskettchen.html"},"modified":"2024-10-18T10:13:32","modified_gmt":"2024-10-18T08:13:32","slug":"rose-silber-desmos-station-nebel-fusskettchen","status":"publish","type":"product","link":"https:\/\/www.fabioferro.eu\/de\/rose-silber-desmos-station-nebel-fusskettchen.html","title":{"rendered":"Rose Silber Desmos Station Nebel Fu\u00dfkettchen"},"content":{"rendered":"<p>Fu\u00dfkettchen aus 925er Sterlingsilber mit Ros\u00e9goldbad. Handgefertigt in Italien. L\u00e4nge 23 cm, verstellbar. Verschluss mit Karabinerhaken und Verl\u00e4ngerungsringen, die in einem Herz enden. Wird mit Verpackung und offizieller Desmos Garantie geliefert.<\/p>\n","protected":false},"excerpt":{"rendered":"<p>Neunzehn ovale Elemente, die durch einen d\u00fcnnen Faden miteinander verbunden sind, der die tiefe Bedeutung enth\u00e4lt, die sie verbergen.<\/p>\n","protected":false},"featured_media":107280,"comment_status":"open","ping_status":"closed","template":"","meta":[],"product_brand":[204],"product_cat":[6130],"product_tag":[],"class_list":{"0":"post-107268","1":"product","2":"type-product","3":"status-publish","4":"has-post-thumbnail","6":"product_brand-desmos","7":"product_cat-desmos-fuskettchen","9":"first","10":"outofstock","11":"sale","12":"purchasable","13":"product-type-simple"},"exclude_global_add_ons":[],"addons":[],"df_price":60.3,"df_sale_price":60.3,"df_regular_price":67,"df_image_link":"https:\/\/cdn02.fabioferro.eu\/wp-content\/uploads\/cavigliera-desmos-station-nebula-in-argento-rosato-station-nebula-pkw-23.webp","_links":{"self":[{"href":"https:\/\/www.fabioferro.eu\/de\/wp-json\/wp\/v2\/product\/107268","targetHints":{"allow":["GET"]}}],"collection":[{"href":"https:\/\/www.fabioferro.eu\/de\/wp-json\/wp\/v2\/product"}],"about":[{"href":"https:\/\/www.fabioferro.eu\/de\/wp-json\/wp\/v2\/types\/product"}],"replies":[{"embeddable":true,"href":"https:\/\/www.fabioferro.eu\/de\/wp-json\/wp\/v2\/comments?post=107268"}],"version-history":[{"count":0,"href":"https:\/\/www.fabioferro.eu\/de\/wp-json\/wp\/v2\/product\/107268\/revisions"}],"wp:featuredmedia":[{"embeddable":true,"href":"https:\/\/www.fabioferro.eu\/de\/wp-json\/wp\/v2\/media\/107280"}],"wp:attachment":[{"href":"https:\/\/www.fabioferro.eu\/de\/wp-json\/wp\/v2\/media?parent=107268"}],"wp:term":[{"taxonomy":"product_brand","embeddable":true,"href":"https:\/\/www.fabioferro.eu\/de\/wp-json\/wp\/v2\/product_brand?post=107268"},{"taxonomy":"product_cat","embeddable":true,"href":"https:\/\/www.fabioferro.eu\/de\/wp-json\/wp\/v2\/product_cat?post=107268"},{"taxonomy":"product_tag","embeddable":true,"href":"https:\/\/www.fabioferro.eu\/de\/wp-json\/wp\/v2\/product_tag?post=107268"}],"curies":[{"name":"wp","href":"https:\/\/api.w.org\/{rel}","templated":true}]}}