{"id":107281,"date":"2023-07-29T10:39:30","date_gmt":"2023-07-29T08:39:30","guid":{"rendered":"https:\/\/www.fabioferro.eu\/desmos-design-spiegel-fusskettchen-in-silber.html"},"modified":"2024-10-18T10:14:40","modified_gmt":"2024-10-18T08:14:40","slug":"desmos-design-spiegel-fusskettchen-in-silber","status":"publish","type":"product","link":"https:\/\/www.fabioferro.eu\/de\/desmos-design-spiegel-fusskettchen-in-silber.html","title":{"rendered":"Desmos Design Spiegel Fu\u00dfkettchen In Silber"},"content":{"rendered":"<p>Fu\u00dfkettchen aus 925er Sterlingsilber, handgefertigt in Italien. L\u00e4nge 23 cm, verstellbar. Karabinerverschluss und Verl\u00e4ngerungsringe, die mit einem Tau-Kreuz enden. Mit Verpackung und offizieller Desmos-Garantie.<\/p>\n","protected":false},"excerpt":{"rendered":"<p>Kleine quadratische Elemente f\u00fcgen sich zu einem sehr eleganten Fu\u00dfkettchen zusammen.<\/p>\n","protected":false},"featured_media":107293,"comment_status":"open","ping_status":"closed","template":"","meta":[],"product_brand":[],"product_cat":[6130],"product_tag":[],"class_list":{"0":"post-107281","1":"product","2":"type-product","3":"status-publish","4":"has-post-thumbnail","6":"product_cat-desmos-fuskettchen","8":"first","9":"instock","10":"sale","11":"purchasable","12":"product-type-simple"},"exclude_global_add_ons":[],"addons":[],"df_price":63,"df_sale_price":63,"df_regular_price":70,"df_image_link":"https:\/\/cdn02.fabioferro.eu\/wp-content\/uploads\/cavigliera-desmos-design-mirror-in-argento-design-mirror-w-23.webp","_links":{"self":[{"href":"https:\/\/www.fabioferro.eu\/de\/wp-json\/wp\/v2\/product\/107281","targetHints":{"allow":["GET"]}}],"collection":[{"href":"https:\/\/www.fabioferro.eu\/de\/wp-json\/wp\/v2\/product"}],"about":[{"href":"https:\/\/www.fabioferro.eu\/de\/wp-json\/wp\/v2\/types\/product"}],"replies":[{"embeddable":true,"href":"https:\/\/www.fabioferro.eu\/de\/wp-json\/wp\/v2\/comments?post=107281"}],"version-history":[{"count":0,"href":"https:\/\/www.fabioferro.eu\/de\/wp-json\/wp\/v2\/product\/107281\/revisions"}],"wp:featuredmedia":[{"embeddable":true,"href":"https:\/\/www.fabioferro.eu\/de\/wp-json\/wp\/v2\/media\/107293"}],"wp:attachment":[{"href":"https:\/\/www.fabioferro.eu\/de\/wp-json\/wp\/v2\/media?parent=107281"}],"wp:term":[{"taxonomy":"product_brand","embeddable":true,"href":"https:\/\/www.fabioferro.eu\/de\/wp-json\/wp\/v2\/product_brand?post=107281"},{"taxonomy":"product_cat","embeddable":true,"href":"https:\/\/www.fabioferro.eu\/de\/wp-json\/wp\/v2\/product_cat?post=107281"},{"taxonomy":"product_tag","embeddable":true,"href":"https:\/\/www.fabioferro.eu\/de\/wp-json\/wp\/v2\/product_tag?post=107281"}],"curies":[{"name":"wp","href":"https:\/\/api.w.org\/{rel}","templated":true}]}}