{"id":107285,"date":"2023-07-29T10:40:31","date_gmt":"2023-07-29T08:40:31","guid":{"rendered":"https:\/\/www.fabioferro.eu\/desmos-station-nebula-armband-in-weiss-und-gelb-silber.html"},"modified":"2025-06-06T16:21:45","modified_gmt":"2025-06-06T14:21:45","slug":"desmos-station-nebula-armband-in-weiss-und-gelb-silber","status":"publish","type":"product","link":"https:\/\/www.fabioferro.eu\/de\/desmos-station-nebula-armband-in-weiss-und-gelb-silber.html","title":{"rendered":"Desmos Station Nebula Armband in Wei\u00df und Gelb Silber"},"content":{"rendered":"<p>Armband aus 925er Sterlingsilber mit Bad aus Gelb- und Wei\u00dfgold. Federverschluss. Eine L\u00e4nge von 16,5 cm. Mit offizieller Desmos Verpackung und Garantie.<\/p>\n","protected":false},"excerpt":{"rendered":"<p>Zarte Maserungen in noch nie dagewesenen Farben und Reflexionen. Finden Sie heraus, welche die richtige f\u00fcr Sie ist!<\/p>\n","protected":false},"featured_media":107294,"comment_status":"open","ping_status":"closed","template":"","meta":[],"product_brand":[],"product_cat":[6114],"product_tag":[],"class_list":{"0":"post-107285","1":"product","2":"type-product","3":"status-publish","4":"has-post-thumbnail","6":"product_cat-desmos-armbander","8":"first","9":"outofstock","10":"sale","11":"purchasable","12":"product-type-simple"},"exclude_global_add_ons":[],"addons":[],"df_price":47.7,"df_sale_price":47.7,"df_regular_price":53,"df_image_link":"https:\/\/cdn02.fabioferro.eu\/wp-content\/uploads\/bracciale-desmos-station-nebula-in-argento-bianco-e-giallo-station-nebula-gw-16-5.webp","_links":{"self":[{"href":"https:\/\/www.fabioferro.eu\/de\/wp-json\/wp\/v2\/product\/107285","targetHints":{"allow":["GET"]}}],"collection":[{"href":"https:\/\/www.fabioferro.eu\/de\/wp-json\/wp\/v2\/product"}],"about":[{"href":"https:\/\/www.fabioferro.eu\/de\/wp-json\/wp\/v2\/types\/product"}],"replies":[{"embeddable":true,"href":"https:\/\/www.fabioferro.eu\/de\/wp-json\/wp\/v2\/comments?post=107285"}],"version-history":[{"count":0,"href":"https:\/\/www.fabioferro.eu\/de\/wp-json\/wp\/v2\/product\/107285\/revisions"}],"wp:featuredmedia":[{"embeddable":true,"href":"https:\/\/www.fabioferro.eu\/de\/wp-json\/wp\/v2\/media\/107294"}],"wp:attachment":[{"href":"https:\/\/www.fabioferro.eu\/de\/wp-json\/wp\/v2\/media?parent=107285"}],"wp:term":[{"taxonomy":"product_brand","embeddable":true,"href":"https:\/\/www.fabioferro.eu\/de\/wp-json\/wp\/v2\/product_brand?post=107285"},{"taxonomy":"product_cat","embeddable":true,"href":"https:\/\/www.fabioferro.eu\/de\/wp-json\/wp\/v2\/product_cat?post=107285"},{"taxonomy":"product_tag","embeddable":true,"href":"https:\/\/www.fabioferro.eu\/de\/wp-json\/wp\/v2\/product_tag?post=107285"}],"curies":[{"name":"wp","href":"https:\/\/api.w.org\/{rel}","templated":true}]}}