{"id":107286,"date":"2023-07-29T10:40:19","date_gmt":"2023-07-29T08:40:19","guid":{"rendered":"https:\/\/www.fabioferro.eu\/desmsos-design-taifun-fusskettchen-in-weiss-und-rosa-silber.html"},"modified":"2024-10-18T10:14:02","modified_gmt":"2024-10-18T08:14:02","slug":"desmsos-design-taifun-fusskettchen-in-weiss-und-rosa-silber","status":"publish","type":"product","link":"https:\/\/www.fabioferro.eu\/de\/desmsos-design-taifun-fusskettchen-in-weiss-und-rosa-silber.html","title":{"rendered":"Desmsos Design Taifun Fu\u00dfkettchen In Wei\u00df und Rosa Silber"},"content":{"rendered":"<p>Fu\u00dfkettchen aus rosafarbenem 925er Silber. L\u00e4nge 23 cm mit Verstellm\u00f6glichkeit. Hergestellt in Italien. Verschluss mit klassischem Karabiner. Wird mit Box und offizieller Desmos Garantie geliefert.<\/p>\n","protected":false},"excerpt":{"rendered":"<p>Kleine handgefertigte F\u00e4sser reihen sich aneinander, um das perfekte Schmuckst\u00fcck zu schaffen.<\/p>\n","protected":false},"featured_media":107295,"comment_status":"open","ping_status":"closed","template":"","meta":[],"product_brand":[204],"product_cat":[6130],"product_tag":[],"class_list":{"0":"post-107286","1":"product","2":"type-product","3":"status-publish","4":"has-post-thumbnail","6":"product_brand-desmos","7":"product_cat-desmos-fuskettchen","9":"first","10":"outofstock","11":"sale","12":"purchasable","13":"product-type-simple"},"exclude_global_add_ons":[],"addons":[],"df_price":49.5,"df_sale_price":49.5,"df_regular_price":55,"df_image_link":"https:\/\/cdn02.fabioferro.eu\/wp-content\/uploads\/cavigliera-desmsos-design-typhoon-in-argento-bianco-e-rosa-design-typhoon-gw-23.webp","_links":{"self":[{"href":"https:\/\/www.fabioferro.eu\/de\/wp-json\/wp\/v2\/product\/107286","targetHints":{"allow":["GET"]}}],"collection":[{"href":"https:\/\/www.fabioferro.eu\/de\/wp-json\/wp\/v2\/product"}],"about":[{"href":"https:\/\/www.fabioferro.eu\/de\/wp-json\/wp\/v2\/types\/product"}],"replies":[{"embeddable":true,"href":"https:\/\/www.fabioferro.eu\/de\/wp-json\/wp\/v2\/comments?post=107286"}],"version-history":[{"count":0,"href":"https:\/\/www.fabioferro.eu\/de\/wp-json\/wp\/v2\/product\/107286\/revisions"}],"wp:featuredmedia":[{"embeddable":true,"href":"https:\/\/www.fabioferro.eu\/de\/wp-json\/wp\/v2\/media\/107295"}],"wp:attachment":[{"href":"https:\/\/www.fabioferro.eu\/de\/wp-json\/wp\/v2\/media?parent=107286"}],"wp:term":[{"taxonomy":"product_brand","embeddable":true,"href":"https:\/\/www.fabioferro.eu\/de\/wp-json\/wp\/v2\/product_brand?post=107286"},{"taxonomy":"product_cat","embeddable":true,"href":"https:\/\/www.fabioferro.eu\/de\/wp-json\/wp\/v2\/product_cat?post=107286"},{"taxonomy":"product_tag","embeddable":true,"href":"https:\/\/www.fabioferro.eu\/de\/wp-json\/wp\/v2\/product_tag?post=107286"}],"curies":[{"name":"wp","href":"https:\/\/api.w.org\/{rel}","templated":true}]}}