{"id":107287,"date":"2023-07-29T10:40:31","date_gmt":"2023-07-29T08:40:31","guid":{"rendered":"https:\/\/www.fabioferro.eu\/desmos-spark-draehte-armband-in-silber-weiss-gelb-rosa.html"},"modified":"2024-10-18T10:14:41","modified_gmt":"2024-10-18T08:14:41","slug":"desmos-spark-draehte-armband-in-silber-weiss-gelb-rosa","status":"publish","type":"product","link":"https:\/\/www.fabioferro.eu\/de\/desmos-spark-draehte-armband-in-silber-weiss-gelb-rosa.html","title":{"rendered":"Desmos Spark Dr\u00e4hte Armband In Silber Wei\u00df Gelb Rosa"},"content":{"rendered":"<p>Armband aus 925er Sterlingsilber, Verschluss mit praktischer Federschlie\u00dfe, Einheitsgr\u00f6\u00dfe, nicht verstellbar, L\u00e4nge 16,5 cm, hergestellt in Italien, mit offizieller Desmos Verpackung und Garantie.<\/p>\n","protected":false},"excerpt":{"rendered":"<p>Hunderte von F\u00e4den jagen einander und bilden ein einzigartiges Juwel.<\/p>\n","protected":false},"featured_media":107296,"comment_status":"open","ping_status":"closed","template":"","meta":[],"product_brand":[],"product_cat":[6114],"product_tag":[],"class_list":{"0":"post-107287","1":"product","2":"type-product","3":"status-publish","4":"has-post-thumbnail","6":"product_cat-desmos-armbander","8":"first","9":"outofstock","10":"sale","11":"purchasable","12":"product-type-simple"},"exclude_global_add_ons":[],"addons":[],"df_price":78.3,"df_sale_price":78.3,"df_regular_price":87,"df_image_link":"https:\/\/cdn02.fabioferro.eu\/wp-content\/uploads\/bracciale-desmos-spark-fili-in-argento-bianco-giallo-rosa-spark-tc-16-5.webp","_links":{"self":[{"href":"https:\/\/www.fabioferro.eu\/de\/wp-json\/wp\/v2\/product\/107287","targetHints":{"allow":["GET"]}}],"collection":[{"href":"https:\/\/www.fabioferro.eu\/de\/wp-json\/wp\/v2\/product"}],"about":[{"href":"https:\/\/www.fabioferro.eu\/de\/wp-json\/wp\/v2\/types\/product"}],"replies":[{"embeddable":true,"href":"https:\/\/www.fabioferro.eu\/de\/wp-json\/wp\/v2\/comments?post=107287"}],"version-history":[{"count":0,"href":"https:\/\/www.fabioferro.eu\/de\/wp-json\/wp\/v2\/product\/107287\/revisions"}],"wp:featuredmedia":[{"embeddable":true,"href":"https:\/\/www.fabioferro.eu\/de\/wp-json\/wp\/v2\/media\/107296"}],"wp:attachment":[{"href":"https:\/\/www.fabioferro.eu\/de\/wp-json\/wp\/v2\/media?parent=107287"}],"wp:term":[{"taxonomy":"product_brand","embeddable":true,"href":"https:\/\/www.fabioferro.eu\/de\/wp-json\/wp\/v2\/product_brand?post=107287"},{"taxonomy":"product_cat","embeddable":true,"href":"https:\/\/www.fabioferro.eu\/de\/wp-json\/wp\/v2\/product_cat?post=107287"},{"taxonomy":"product_tag","embeddable":true,"href":"https:\/\/www.fabioferro.eu\/de\/wp-json\/wp\/v2\/product_tag?post=107287"}],"curies":[{"name":"wp","href":"https:\/\/api.w.org\/{rel}","templated":true}]}}