{"id":107307,"date":"2023-07-29T10:40:19","date_gmt":"2023-07-29T08:40:19","guid":{"rendered":"https:\/\/www.fabioferro.eu\/desmos-fruehling-twist-armband-in-brueniert-silber.html"},"modified":"2024-10-02T10:25:56","modified_gmt":"2024-10-02T08:25:56","slug":"desmos-fruehling-twist-armband-in-brueniert-silber","status":"publish","type":"product","link":"https:\/\/www.fabioferro.eu\/de\/desmos-fruehling-twist-armband-in-brueniert-silber.html","title":{"rendered":"Desmos Fr\u00fchling Twist Armband In br\u00fcniert Silber"},"content":{"rendered":"<p>Armband aus br\u00fcniertem 925er Silber. Hergestellt in Italien. Verschluss mit praktischem Karabinerhaken. L\u00e4nge 18 cm, Einheitsgr\u00f6\u00dfe f\u00fcr alle. Mit der offiziellen Desmos-Verpackung und Garantie.<\/p>\n","protected":false},"excerpt":{"rendered":"<p>Ein Zopf, der zu einem Schmuckst\u00fcck wird und zwei Menschen mit demselben Gef\u00fchl verbindet.<\/p>\n","protected":false},"featured_media":107316,"comment_status":"open","ping_status":"closed","template":"","meta":[],"product_brand":[],"product_cat":[6114],"product_tag":[],"class_list":{"0":"post-107307","1":"product","2":"type-product","3":"status-publish","4":"has-post-thumbnail","6":"product_cat-desmos-armbander","8":"first","9":"outofstock","10":"sale","11":"purchasable","12":"product-type-simple"},"exclude_global_add_ons":[],"addons":[],"df_price":103.5,"df_sale_price":103.5,"df_regular_price":115,"df_image_link":"https:\/\/cdn02.fabioferro.eu\/wp-content\/uploads\/bracciale-desmos-spring-twist-treccia-in-argento-brunito-spring-twist-gm-18.webp","_links":{"self":[{"href":"https:\/\/www.fabioferro.eu\/de\/wp-json\/wp\/v2\/product\/107307","targetHints":{"allow":["GET"]}}],"collection":[{"href":"https:\/\/www.fabioferro.eu\/de\/wp-json\/wp\/v2\/product"}],"about":[{"href":"https:\/\/www.fabioferro.eu\/de\/wp-json\/wp\/v2\/types\/product"}],"replies":[{"embeddable":true,"href":"https:\/\/www.fabioferro.eu\/de\/wp-json\/wp\/v2\/comments?post=107307"}],"version-history":[{"count":0,"href":"https:\/\/www.fabioferro.eu\/de\/wp-json\/wp\/v2\/product\/107307\/revisions"}],"wp:featuredmedia":[{"embeddable":true,"href":"https:\/\/www.fabioferro.eu\/de\/wp-json\/wp\/v2\/media\/107316"}],"wp:attachment":[{"href":"https:\/\/www.fabioferro.eu\/de\/wp-json\/wp\/v2\/media?parent=107307"}],"wp:term":[{"taxonomy":"product_brand","embeddable":true,"href":"https:\/\/www.fabioferro.eu\/de\/wp-json\/wp\/v2\/product_brand?post=107307"},{"taxonomy":"product_cat","embeddable":true,"href":"https:\/\/www.fabioferro.eu\/de\/wp-json\/wp\/v2\/product_cat?post=107307"},{"taxonomy":"product_tag","embeddable":true,"href":"https:\/\/www.fabioferro.eu\/de\/wp-json\/wp\/v2\/product_tag?post=107307"}],"curies":[{"name":"wp","href":"https:\/\/api.w.org\/{rel}","templated":true}]}}