{"id":107308,"date":"2023-07-29T10:39:30","date_gmt":"2023-07-29T08:39:30","guid":{"rendered":"https:\/\/www.fabioferro.eu\/rose-silber-desmos-passion-herz-armband.html"},"modified":"2024-10-18T10:13:52","modified_gmt":"2024-10-18T08:13:52","slug":"rose-silber-desmos-passion-herz-armband","status":"publish","type":"product","link":"https:\/\/www.fabioferro.eu\/de\/rose-silber-desmos-passion-herz-armband.html","title":{"rendered":"Rose Silber Desmos Passion Herz Armband"},"content":{"rendered":"<p>Armband aus 925er Sterlingsilber mit ros\u00e9vergoldetem Herz. Handgefertigt in Italien. L\u00e4nge 16,5 cm, verstellbar. Federverschluss. Wird mit Verpackung und offizieller Desmos Garantie geliefert.<\/p>\n","protected":false},"excerpt":{"rendered":"<p>Kleine Kugeln begleiten ein s\u00fc\u00dfes, von tiefen Gef\u00fchlen durchdrungenes Herz.<\/p>\n","protected":false},"featured_media":107319,"comment_status":"open","ping_status":"closed","template":"","meta":[],"product_brand":[],"product_cat":[6114],"product_tag":[],"class_list":{"0":"post-107308","1":"product","2":"type-product","3":"status-publish","4":"has-post-thumbnail","6":"product_cat-desmos-armbander","8":"first","9":"instock","10":"sale","11":"purchasable","12":"product-type-simple"},"exclude_global_add_ons":[],"addons":[],"df_price":72.9,"df_sale_price":72.9,"df_regular_price":81,"df_image_link":"https:\/\/cdn02.fabioferro.eu\/wp-content\/uploads\/bracciale-desmos-passion-cuore-in-argento-rosato-amore-1-pkw-16-5.webp","_links":{"self":[{"href":"https:\/\/www.fabioferro.eu\/de\/wp-json\/wp\/v2\/product\/107308","targetHints":{"allow":["GET"]}}],"collection":[{"href":"https:\/\/www.fabioferro.eu\/de\/wp-json\/wp\/v2\/product"}],"about":[{"href":"https:\/\/www.fabioferro.eu\/de\/wp-json\/wp\/v2\/types\/product"}],"replies":[{"embeddable":true,"href":"https:\/\/www.fabioferro.eu\/de\/wp-json\/wp\/v2\/comments?post=107308"}],"version-history":[{"count":0,"href":"https:\/\/www.fabioferro.eu\/de\/wp-json\/wp\/v2\/product\/107308\/revisions"}],"wp:featuredmedia":[{"embeddable":true,"href":"https:\/\/www.fabioferro.eu\/de\/wp-json\/wp\/v2\/media\/107319"}],"wp:attachment":[{"href":"https:\/\/www.fabioferro.eu\/de\/wp-json\/wp\/v2\/media?parent=107308"}],"wp:term":[{"taxonomy":"product_brand","embeddable":true,"href":"https:\/\/www.fabioferro.eu\/de\/wp-json\/wp\/v2\/product_brand?post=107308"},{"taxonomy":"product_cat","embeddable":true,"href":"https:\/\/www.fabioferro.eu\/de\/wp-json\/wp\/v2\/product_cat?post=107308"},{"taxonomy":"product_tag","embeddable":true,"href":"https:\/\/www.fabioferro.eu\/de\/wp-json\/wp\/v2\/product_tag?post=107308"}],"curies":[{"name":"wp","href":"https:\/\/api.w.org\/{rel}","templated":true}]}}