{"id":107325,"date":"2023-07-12T10:12:31","date_gmt":"2023-07-12T08:12:31","guid":{"rendered":"https:\/\/www.fabioferro.eu\/fope-essentials-kollektion-rose-und-weissgold-ohrringe.html"},"modified":"2026-01-09T16:23:01","modified_gmt":"2026-01-09T15:23:01","slug":"fope-essentials-kollektion-rose-und-weissgold-ohrringe","status":"publish","type":"product","link":"https:\/\/www.fabioferro.eu\/de\/fope-essentials-kollektion-rose-und-weissgold-ohrringe.html","title":{"rendered":"Fope Essentials Kollektion Rose und Wei\u00dfgold Ohrringe"},"content":{"rendered":"<p>Elegante Fope-Ohrringe, handgefertigt aus 18 Karat Ros\u00e9- und Wei\u00dfgold.<\/p>\n<p>Sorgf\u00e4ltig handgefertigtes Geflecht, das sich beim Tragen des Schmucks in sich selbst zur\u00fcckdreht und so eine gewundene U-Form bildet. <span class=\"Apple-converted-space\"> <\/span><\/p>\n<p>Die Ma\u00dfe sind: 3 mm dick und 45 mm lang.<span class=\"Apple-converted-space\"> <\/span><\/p>\n<p> Brillant und leuchtend, handgefertigt von erfahrenen Kunsthandwerkern aus Vicenza.<span class=\"Apple-converted-space\"> <\/span>Qualit\u00e4t made in Italy.<\/p>\n<p>Begleitet von einem eleganten Etui und der internationalen Fope Garantie.<\/p>\n","protected":false},"excerpt":{"rendered":"<p>Elegante und leuchtende Ohrringe, die leicht zu tragen sind.<br \/>\n100% Made in Italy Qualit\u00e4t.<\/p>\n","protected":false},"featured_media":107334,"comment_status":"open","ping_status":"closed","template":"","meta":[],"product_brand":[154],"product_cat":[5937],"product_tag":[],"class_list":{"0":"post-107325","1":"product","2":"type-product","3":"status-publish","4":"has-post-thumbnail","6":"product_brand-fope","7":"product_cat-fope-ohrringe","9":"first","10":"instock","11":"taxable","12":"shipping-taxable","13":"purchasable","14":"product-type-simple"},"exclude_global_add_ons":[],"addons":[],"df_price":3480,"df_sale_price":"","df_regular_price":3480,"df_image_link":"https:\/\/cdn02.fabioferro.eu\/wp-content\/uploads\/orecchini-fope-collezione-essentials-or04-br.jpg","_links":{"self":[{"href":"https:\/\/www.fabioferro.eu\/de\/wp-json\/wp\/v2\/product\/107325","targetHints":{"allow":["GET"]}}],"collection":[{"href":"https:\/\/www.fabioferro.eu\/de\/wp-json\/wp\/v2\/product"}],"about":[{"href":"https:\/\/www.fabioferro.eu\/de\/wp-json\/wp\/v2\/types\/product"}],"replies":[{"embeddable":true,"href":"https:\/\/www.fabioferro.eu\/de\/wp-json\/wp\/v2\/comments?post=107325"}],"version-history":[{"count":1,"href":"https:\/\/www.fabioferro.eu\/de\/wp-json\/wp\/v2\/product\/107325\/revisions"}],"predecessor-version":[{"id":206454,"href":"https:\/\/www.fabioferro.eu\/de\/wp-json\/wp\/v2\/product\/107325\/revisions\/206454"}],"wp:featuredmedia":[{"embeddable":true,"href":"https:\/\/www.fabioferro.eu\/de\/wp-json\/wp\/v2\/media\/107334"}],"wp:attachment":[{"href":"https:\/\/www.fabioferro.eu\/de\/wp-json\/wp\/v2\/media?parent=107325"}],"wp:term":[{"taxonomy":"product_brand","embeddable":true,"href":"https:\/\/www.fabioferro.eu\/de\/wp-json\/wp\/v2\/product_brand?post=107325"},{"taxonomy":"product_cat","embeddable":true,"href":"https:\/\/www.fabioferro.eu\/de\/wp-json\/wp\/v2\/product_cat?post=107325"},{"taxonomy":"product_tag","embeddable":true,"href":"https:\/\/www.fabioferro.eu\/de\/wp-json\/wp\/v2\/product_tag?post=107325"}],"curies":[{"name":"wp","href":"https:\/\/api.w.org\/{rel}","templated":true}]}}