{"id":107326,"date":"2023-07-13T20:02:46","date_gmt":"2023-07-13T18:02:46","guid":{"rendered":"https:\/\/www.fabioferro.eu\/longines-spirit-zulu-automatische-lederuhr-braun-39-mm.html"},"modified":"2024-12-16T13:42:25","modified_gmt":"2024-12-16T12:42:25","slug":"longines-spirit-zulu-automatische-lederuhr-braun-39-mm","status":"publish","type":"product","link":"https:\/\/www.fabioferro.eu\/de\/longines-spirit-zulu-automatische-lederuhr-braun-39-mm.html","title":{"rendered":"Longines Spirit Zulu Automatische Lederuhr Braun 39 mm"},"content":{"rendered":"<p>Longines Automatikuhr mit Stunden, Minuten, Sekunden und Datumsfunktion. Eine Besonderheit betrifft den 24-Stunden-Zeiger: Er ist mit einem Zeitzonenmechanismus ausgestattet.<\/p>\n<p>Die Uhr zeichnet sich durch das Kaliber L844.4 und einen COCS-zertifizierten Chronometer aus. Hinzu kommt das mechanische Uhrwerk mit Automatikaufzug mit einer Frequenz von 25.200 Halbschwingungen pro Stunde und einer Gangreserve von ca. 72 Stunden mit monokristalliner Silizium-Unruh-Spiral-Technologie.<\/p>\n<p>Das runde Geh\u00e4use mit einem Durchmesser von 39 mm ist aus Edelstahl gefertigt und mit einer Keramikl\u00fcnette versehen. Der Abstand zwischen den Anst\u00f6\u00dfen betr\u00e4gt 22 mm, die Dicke 13,90 mm und das Gesamtgewicht 101,6 g. Die Wasserdichtigkeit ist bis zu 10 bar bzw. 100 m garantiert. Schwarze bidirektionale Drehl\u00fcnette mit verschraubter Krone. Au\u00dferdem ist es mit kratzfestem Saphirglas ausgestattet, das auf beiden Seiten mit einer mehrschichtigen Antireflexionsschicht versehen ist.<\/p>\n<p>Blaues Zifferblatt und Stundenkreis mit aufgesetzten arabischen Ziffern. Die Schweizer Super-LumiNova-Fluoreszenztechnologie ist f\u00fcr Zeiger und Indizes vorhanden.<\/p>\n<p>Blaues Kalbslederarmband mit dreifacher Faltschlie\u00dfe und Mikroverstellung beim Tragen.<\/p>\n<p>Antimagnetisches System vorhanden.<\/p>\n<p>Uhr komplett mit Box und offizieller 5-Jahres-Garantie von Longines.<\/p>\n","protected":false},"excerpt":{"rendered":"<p>Eine Uhr mit tausend Ressourcen, die mit ihrer Technik und der phantastischen Geschichte, die sich dahinter verbirgt, diejenigen \u00fcberrascht, die sie tragen oder die sie betrachten.<\/p>\n","protected":false},"featured_media":107336,"comment_status":"open","ping_status":"closed","template":"","meta":[],"product_brand":[5391],"product_cat":[5953],"product_tag":[],"class_list":{"0":"post-107326","1":"product","2":"type-product","3":"status-publish","4":"has-post-thumbnail","6":"product_brand-longines","7":"product_cat-longines-herrenuhren","8":"pa_collezione-longines-spirit-de","10":"first","11":"instock","12":"taxable","13":"shipping-taxable","14":"purchasable","15":"product-type-simple"},"exclude_global_add_ons":[],"addons":[],"df_price":3400,"df_sale_price":"","df_regular_price":3400,"df_image_link":"https:\/\/cdn02.fabioferro.eu\/wp-content\/uploads\/orologio-longines-zulu-time-acciaio-pelle-marrone-nero-automatico-l3.802.4.53.2.jpg","_links":{"self":[{"href":"https:\/\/www.fabioferro.eu\/de\/wp-json\/wp\/v2\/product\/107326","targetHints":{"allow":["GET"]}}],"collection":[{"href":"https:\/\/www.fabioferro.eu\/de\/wp-json\/wp\/v2\/product"}],"about":[{"href":"https:\/\/www.fabioferro.eu\/de\/wp-json\/wp\/v2\/types\/product"}],"replies":[{"embeddable":true,"href":"https:\/\/www.fabioferro.eu\/de\/wp-json\/wp\/v2\/comments?post=107326"}],"version-history":[{"count":0,"href":"https:\/\/www.fabioferro.eu\/de\/wp-json\/wp\/v2\/product\/107326\/revisions"}],"wp:featuredmedia":[{"embeddable":true,"href":"https:\/\/www.fabioferro.eu\/de\/wp-json\/wp\/v2\/media\/107336"}],"wp:attachment":[{"href":"https:\/\/www.fabioferro.eu\/de\/wp-json\/wp\/v2\/media?parent=107326"}],"wp:term":[{"taxonomy":"product_brand","embeddable":true,"href":"https:\/\/www.fabioferro.eu\/de\/wp-json\/wp\/v2\/product_brand?post=107326"},{"taxonomy":"product_cat","embeddable":true,"href":"https:\/\/www.fabioferro.eu\/de\/wp-json\/wp\/v2\/product_cat?post=107326"},{"taxonomy":"product_tag","embeddable":true,"href":"https:\/\/www.fabioferro.eu\/de\/wp-json\/wp\/v2\/product_tag?post=107326"}],"curies":[{"name":"wp","href":"https:\/\/api.w.org\/{rel}","templated":true}]}}