{"id":107331,"date":"2023-07-29T10:39:30","date_gmt":"2023-07-29T08:39:30","guid":{"rendered":"https:\/\/www.fabioferro.eu\/desmos-design-hamsa-fusskettchen-in-silber.html"},"modified":"2025-08-10T10:56:13","modified_gmt":"2025-08-10T08:56:13","slug":"desmos-design-hamsa-fusskettchen-in-silber","status":"publish","type":"product","link":"https:\/\/www.fabioferro.eu\/de\/desmos-design-hamsa-fusskettchen-in-silber.html","title":{"rendered":"Desmos Design Hamsa Fu\u00dfkettchen in Silber"},"content":{"rendered":"<p>Fu\u00dfkettchen aus 925er Sterlingsilber, handgefertigt in Italien. L\u00e4nge 23 cm, verstellbar. Karabinerverschluss und Verl\u00e4ngerungsringe, die in einem kleinen Herz enden. Mit Verpackung und offizieller Desmos Garantie.<\/p>\n","protected":false},"excerpt":{"rendered":"<p>Ein sanfter Wechsel von Kugeln und Ovalen, der ein Schmuckst\u00fcck mit geschwungenen und zarten Linien schafft.<\/p>\n","protected":false},"featured_media":107349,"comment_status":"open","ping_status":"closed","template":"","meta":[],"product_brand":[204],"product_cat":[7749],"product_tag":[],"class_list":{"0":"post-107331","1":"product","2":"type-product","3":"status-publish","4":"has-post-thumbnail","6":"product_brand-desmos","7":"product_cat-desmos-fuskettchen","9":"first","10":"instock","11":"sale","12":"purchasable","13":"product-type-simple"},"exclude_global_add_ons":[],"addons":[],"df_price":60.3,"df_sale_price":60.3,"df_regular_price":67,"df_image_link":"https:\/\/cdn02.fabioferro.eu\/wp-content\/uploads\/cavigliera-desmos-design-hamsa-in-argento-design-hamsa-w-23.webp","_links":{"self":[{"href":"https:\/\/www.fabioferro.eu\/de\/wp-json\/wp\/v2\/product\/107331","targetHints":{"allow":["GET"]}}],"collection":[{"href":"https:\/\/www.fabioferro.eu\/de\/wp-json\/wp\/v2\/product"}],"about":[{"href":"https:\/\/www.fabioferro.eu\/de\/wp-json\/wp\/v2\/types\/product"}],"replies":[{"embeddable":true,"href":"https:\/\/www.fabioferro.eu\/de\/wp-json\/wp\/v2\/comments?post=107331"}],"version-history":[{"count":0,"href":"https:\/\/www.fabioferro.eu\/de\/wp-json\/wp\/v2\/product\/107331\/revisions"}],"wp:featuredmedia":[{"embeddable":true,"href":"https:\/\/www.fabioferro.eu\/de\/wp-json\/wp\/v2\/media\/107349"}],"wp:attachment":[{"href":"https:\/\/www.fabioferro.eu\/de\/wp-json\/wp\/v2\/media?parent=107331"}],"wp:term":[{"taxonomy":"product_brand","embeddable":true,"href":"https:\/\/www.fabioferro.eu\/de\/wp-json\/wp\/v2\/product_brand?post=107331"},{"taxonomy":"product_cat","embeddable":true,"href":"https:\/\/www.fabioferro.eu\/de\/wp-json\/wp\/v2\/product_cat?post=107331"},{"taxonomy":"product_tag","embeddable":true,"href":"https:\/\/www.fabioferro.eu\/de\/wp-json\/wp\/v2\/product_tag?post=107331"}],"curies":[{"name":"wp","href":"https:\/\/api.w.org\/{rel}","templated":true}]}}