{"id":107352,"date":"2023-07-22T17:53:25","date_gmt":"2023-07-22T15:53:25","guid":{"rendered":"https:\/\/www.fabioferro.eu\/fope-vendome-collection-ohrringe-aus-weissgold-mit-diamanten.html"},"modified":"2026-01-09T16:23:09","modified_gmt":"2026-01-09T15:23:09","slug":"fope-vendome-collection-ohrringe-aus-weissgold-mit-diamanten","status":"publish","type":"product","link":"https:\/\/www.fabioferro.eu\/de\/fope-vendome-collection-ohrringe-aus-weissgold-mit-diamanten.html","title":{"rendered":"Fope Vendome Collection Ohrringe aus Wei\u00dfgold mit Diamanten"},"content":{"rendered":"<p>Dieses schillernde und elegante Ohrringpaar zieht dank des Glanzes von Wei\u00dfgold in Kombination mit kostbaren Diamanten die Aufmerksamkeit auf sich.<span class=\"Apple-converted-space\"> <\/span><\/p>\n<p>Handgefertigte Ohrringe aus 18 Karat Wei\u00dfgold und Diamanten.<span class=\"Apple-converted-space\"> <\/span><\/p>\n<p>Die Dicke des Schmucks betr\u00e4gt 3 mm, w\u00e4hrend die Breite 9 mm betr\u00e4gt.<span class=\"Apple-converted-space\"> <\/span><\/p>\n<p>Das zentrale Element mit einer H\u00f6he von 9 mm ist mit Diamanten im Brillantschliff ausgefasst. Die Steine haben 0,20 Karat und zeichnen sich durch eine Farbe von G und einen Reinheitsgrad von VS1 aus.<\/p>\n<p>Ohrringe handgefertigt von Kunsthandwerkern aus Vicenza. Qualit\u00e4t Made in Italy. <\/p>\n<p>In einer eleganten Box und mit internationaler Fope-Garantie.<\/p>\n","protected":false},"excerpt":{"rendered":"<p>Zwei helle und gl\u00e4nzende Ohrringe, die die Aufmerksamkeit aller um Sie herum auf sich ziehen werden. Feine Handwerkskunst, 100% in Italien hergestellt.<\/p>\n","protected":false},"featured_media":107374,"comment_status":"open","ping_status":"closed","template":"","meta":[],"product_brand":[154],"product_cat":[5937],"product_tag":[],"class_list":{"0":"post-107352","1":"product","2":"type-product","3":"status-publish","4":"has-post-thumbnail","6":"product_brand-fope","7":"product_cat-fope-ohrringe","9":"first","10":"instock","11":"taxable","12":"shipping-taxable","13":"purchasable","14":"product-type-simple"},"exclude_global_add_ons":[],"addons":[],"df_price":3680,"df_sale_price":"","df_regular_price":3680,"df_image_link":"https:\/\/cdn02.fabioferro.eu\/wp-content\/uploads\/orecchini-fope-collezione-vendome-in-oro-bianco-or560-bbr-b.jpg","_links":{"self":[{"href":"https:\/\/www.fabioferro.eu\/de\/wp-json\/wp\/v2\/product\/107352","targetHints":{"allow":["GET"]}}],"collection":[{"href":"https:\/\/www.fabioferro.eu\/de\/wp-json\/wp\/v2\/product"}],"about":[{"href":"https:\/\/www.fabioferro.eu\/de\/wp-json\/wp\/v2\/types\/product"}],"replies":[{"embeddable":true,"href":"https:\/\/www.fabioferro.eu\/de\/wp-json\/wp\/v2\/comments?post=107352"}],"version-history":[{"count":1,"href":"https:\/\/www.fabioferro.eu\/de\/wp-json\/wp\/v2\/product\/107352\/revisions"}],"predecessor-version":[{"id":206469,"href":"https:\/\/www.fabioferro.eu\/de\/wp-json\/wp\/v2\/product\/107352\/revisions\/206469"}],"wp:featuredmedia":[{"embeddable":true,"href":"https:\/\/www.fabioferro.eu\/de\/wp-json\/wp\/v2\/media\/107374"}],"wp:attachment":[{"href":"https:\/\/www.fabioferro.eu\/de\/wp-json\/wp\/v2\/media?parent=107352"}],"wp:term":[{"taxonomy":"product_brand","embeddable":true,"href":"https:\/\/www.fabioferro.eu\/de\/wp-json\/wp\/v2\/product_brand?post=107352"},{"taxonomy":"product_cat","embeddable":true,"href":"https:\/\/www.fabioferro.eu\/de\/wp-json\/wp\/v2\/product_cat?post=107352"},{"taxonomy":"product_tag","embeddable":true,"href":"https:\/\/www.fabioferro.eu\/de\/wp-json\/wp\/v2\/product_tag?post=107352"}],"curies":[{"name":"wp","href":"https:\/\/api.w.org\/{rel}","templated":true}]}}