{"id":107356,"date":"2023-07-29T10:39:30","date_gmt":"2023-07-29T08:39:30","guid":{"rendered":"https:\/\/www.fabioferro.eu\/fusskettchen-desmos-design-hamsa-in-rose-silber.html"},"modified":"2024-10-18T10:14:10","modified_gmt":"2024-10-18T08:14:10","slug":"fusskettchen-desmos-design-hamsa-in-rose-silber","status":"publish","type":"product","link":"https:\/\/www.fabioferro.eu\/de\/fusskettchen-desmos-design-hamsa-in-rose-silber.html","title":{"rendered":"Fu\u00dfkettchen Desmos Design Hamsa In Rose Silber"},"content":{"rendered":"<p>Fu\u00dfkettchen aus 925er Sterlingsilber mit Ros\u00e9goldbad. Handgefertigt in Italien. L\u00e4nge 23 cm, verstellbar. Verschluss mit Karabinerhaken und Verl\u00e4ngerungsringen, die in einem kleinen Herz enden. Wird mit Verpackung und offizieller Desmos-Garantie geliefert.<\/p>\n","protected":false},"excerpt":{"rendered":"<p>Ein sanfter Wechsel von Kugeln und Ovalen, der ein Schmuckst\u00fcck mit geschwungenen und zarten Linien schafft.<\/p>\n","protected":false},"featured_media":107385,"comment_status":"open","ping_status":"closed","template":"","meta":[],"product_brand":[],"product_cat":[6130],"product_tag":[],"class_list":{"0":"post-107356","1":"product","2":"type-product","3":"status-publish","4":"has-post-thumbnail","6":"product_cat-desmos-fuskettchen","8":"first","9":"instock","10":"sale","11":"purchasable","12":"product-type-simple"},"exclude_global_add_ons":[],"addons":[],"df_price":60.3,"df_sale_price":60.3,"df_regular_price":67,"df_image_link":"https:\/\/cdn02.fabioferro.eu\/wp-content\/uploads\/cavigliera-desmos-design-hamsa-in-argento-rosato-design-hamsa-pk-23.webp","_links":{"self":[{"href":"https:\/\/www.fabioferro.eu\/de\/wp-json\/wp\/v2\/product\/107356","targetHints":{"allow":["GET"]}}],"collection":[{"href":"https:\/\/www.fabioferro.eu\/de\/wp-json\/wp\/v2\/product"}],"about":[{"href":"https:\/\/www.fabioferro.eu\/de\/wp-json\/wp\/v2\/types\/product"}],"replies":[{"embeddable":true,"href":"https:\/\/www.fabioferro.eu\/de\/wp-json\/wp\/v2\/comments?post=107356"}],"version-history":[{"count":0,"href":"https:\/\/www.fabioferro.eu\/de\/wp-json\/wp\/v2\/product\/107356\/revisions"}],"wp:featuredmedia":[{"embeddable":true,"href":"https:\/\/www.fabioferro.eu\/de\/wp-json\/wp\/v2\/media\/107385"}],"wp:attachment":[{"href":"https:\/\/www.fabioferro.eu\/de\/wp-json\/wp\/v2\/media?parent=107356"}],"wp:term":[{"taxonomy":"product_brand","embeddable":true,"href":"https:\/\/www.fabioferro.eu\/de\/wp-json\/wp\/v2\/product_brand?post=107356"},{"taxonomy":"product_cat","embeddable":true,"href":"https:\/\/www.fabioferro.eu\/de\/wp-json\/wp\/v2\/product_cat?post=107356"},{"taxonomy":"product_tag","embeddable":true,"href":"https:\/\/www.fabioferro.eu\/de\/wp-json\/wp\/v2\/product_tag?post=107356"}],"curies":[{"name":"wp","href":"https:\/\/api.w.org\/{rel}","templated":true}]}}