{"id":107400,"date":"2023-07-12T10:16:54","date_gmt":"2023-07-12T08:16:54","guid":{"rendered":"https:\/\/www.fabioferro.eu\/fope-solo-collection-ohrringe-aus-rose-und-weissgold-mit-diamanten-2.html"},"modified":"2026-01-09T16:23:08","modified_gmt":"2026-01-09T15:23:08","slug":"fope-solo-collection-ohrringe-aus-rose-und-weissgold-mit-diamanten-2","status":"publish","type":"product","link":"https:\/\/www.fabioferro.eu\/de\/fope-solo-collection-ohrringe-aus-rose-und-weissgold-mit-diamanten-2.html","title":{"rendered":"Fope Solo Collection Ohrringe aus Ros\u00e9- und Wei\u00dfgold mit Diamanten"},"content":{"rendered":"<p>Gl\u00e4nzende Ohrringe von Fope, hier aus 18 Karat Wei\u00df- und Ros\u00e9gold mit Diamanten.<span class=\"Apple-converted-space\"> <\/span><\/p>\n<p>Ein Paar Ohrringe, das seine ganze Weiblichkeit dank der Verwendung von Ros\u00e9gold in der Verbindung mit zwei rechteckigen Brillantpav\u00e9s zum Ausdruck bringt.<span class=\"Apple-converted-space\"> <\/span>Die Steine zeichnen sich durch eine Farbe von G und einen Reinheitsgrad von VS1 aus.<\/p>\n<p>17 mm hoch, 6 mm breit und 2 mm dick.<span class=\"Apple-converted-space\"> <\/span><\/p>\n<p>Sichern Sie den Stift und den Karabinerhaken auf der R\u00fcckseite des Ohrl\u00e4ppchens.<\/p>\n<p>Ohrringe handgefertigt von Kunsthandwerkern aus Vicenza. Qualit\u00e4t Made in Italy. <\/p>\n<p>In einer eleganten Box und mit internationaler Fope-Garantie.<\/p>\n","protected":false},"excerpt":{"rendered":"<p>Aus dem gekonnten Einsatz von Ros\u00e9gold und Diamanten entstehen diese kostbaren Ohrringe von Fope.<br \/>\n100% italienische Handwerkskunst.<\/p>\n","protected":false},"featured_media":107441,"comment_status":"open","ping_status":"closed","template":"","meta":[],"product_brand":[154],"product_cat":[5937],"product_tag":[],"class_list":{"0":"post-107400","1":"product","2":"type-product","3":"status-publish","4":"has-post-thumbnail","6":"product_brand-fope","7":"product_cat-fope-ohrringe","9":"first","10":"instock","11":"taxable","12":"shipping-taxable","13":"purchasable","14":"product-type-simple"},"exclude_global_add_ons":[],"addons":[],"df_price":3330,"df_sale_price":"","df_regular_price":3330,"df_image_link":"https:\/\/cdn02.fabioferro.eu\/wp-content\/uploads\/virtuemart\/product\/orecchini_fope_collezione_solo_in_oro_rosa_e_diamanti_OR155BBR_BR__1593849012_768.jpg","_links":{"self":[{"href":"https:\/\/www.fabioferro.eu\/de\/wp-json\/wp\/v2\/product\/107400","targetHints":{"allow":["GET"]}}],"collection":[{"href":"https:\/\/www.fabioferro.eu\/de\/wp-json\/wp\/v2\/product"}],"about":[{"href":"https:\/\/www.fabioferro.eu\/de\/wp-json\/wp\/v2\/types\/product"}],"replies":[{"embeddable":true,"href":"https:\/\/www.fabioferro.eu\/de\/wp-json\/wp\/v2\/comments?post=107400"}],"version-history":[{"count":1,"href":"https:\/\/www.fabioferro.eu\/de\/wp-json\/wp\/v2\/product\/107400\/revisions"}],"predecessor-version":[{"id":206464,"href":"https:\/\/www.fabioferro.eu\/de\/wp-json\/wp\/v2\/product\/107400\/revisions\/206464"}],"wp:featuredmedia":[{"embeddable":true,"href":"https:\/\/www.fabioferro.eu\/de\/wp-json\/wp\/v2\/media\/107441"}],"wp:attachment":[{"href":"https:\/\/www.fabioferro.eu\/de\/wp-json\/wp\/v2\/media?parent=107400"}],"wp:term":[{"taxonomy":"product_brand","embeddable":true,"href":"https:\/\/www.fabioferro.eu\/de\/wp-json\/wp\/v2\/product_brand?post=107400"},{"taxonomy":"product_cat","embeddable":true,"href":"https:\/\/www.fabioferro.eu\/de\/wp-json\/wp\/v2\/product_cat?post=107400"},{"taxonomy":"product_tag","embeddable":true,"href":"https:\/\/www.fabioferro.eu\/de\/wp-json\/wp\/v2\/product_tag?post=107400"}],"curies":[{"name":"wp","href":"https:\/\/api.w.org\/{rel}","templated":true}]}}