{"id":107440,"date":"2023-07-06T06:39:38","date_gmt":"2023-07-06T04:39:38","guid":{"rendered":"https:\/\/www.fabioferro.eu\/longines-spirit-zulu-nato-stahl-und-gold-automatik-39-mm-uhr.html"},"modified":"2024-12-16T13:44:50","modified_gmt":"2024-12-16T12:44:50","slug":"longines-spirit-zulu-nato-stahl-und-gold-automatik-39-mm-uhr","status":"publish","type":"product","link":"https:\/\/www.fabioferro.eu\/de\/longines-spirit-zulu-nato-stahl-und-gold-automatik-39-mm-uhr.html","title":{"rendered":"Longines Spirit Zulu Nato Stahl und Gold Automatik 39 mm Uhr"},"content":{"rendered":"<p>Uhr mit mechanischem Uhrwerk mit automatischem Aufzug, Longines Kaliber L844.4. Dank einer Frequenz von 25.200 Halbschwingungen pro Stunde kann der Mechanismus eine Gangreserve von 72 Stunden garantieren. Es ist mit der monokristallinen Siliziumspirale ausgestattet, die f\u00fcr ihre Widerstandsf\u00e4higkeit gegen\u00fcber Ersch\u00fctterungen und elektromagnetischen Wellen sowie f\u00fcr ihre geringere Verschlei\u00dfanf\u00e4lligkeit bekannt ist. Funktionen von Stunden, Minuten und Sekunden. Der halbschwarze 24-Stunden-Zeiger verwaltet die zweite Zeitzone.<\/p>\n<p>Chronometer zertifiziert durch die internationale Schweizer COSC.<\/p>\n<p>Das polierte und satinierte Edelstahlgeh\u00e4use hat einen Durchmesser von 39 mm, einen Abstand zwischen den Anst\u00f6\u00dfen von 22 mm, eine Dicke von 13,90 mm und ein Gewicht von 91,5 g. Die verschraubte Krone sowie die L\u00fcnette sind aus 18 Karat Gelbgold gefertigt. Der Boden ist mit 6 Schrauben versiegelt und garantiert eine Wasserdichtigkeit bis 10 bar\/100 m.<\/p>\n<p>Mehrschichtiges, beidseitig entspiegeltes, konvexes Saphirglas, innen und au\u00dfen.<\/p>\n<p>Das anthrazitfarbene Zifferblatt ist so gestaltet, dass es in allen Situationen gut sichtbar ist. Die Ziffern und Indizes sind auf der Oberseite angebracht und mit Swiss Super.LumiNova f\u00fcr optimale Sicht im Dunkeln ausgestattet. Die Zeiger sind versilbert.<\/p>\n<p>Braunes Nato-Armband mit Longines-Schlie\u00dfe und Logo.<\/p>\n<p>Die Uhr wird von der offiziellen Longines-Box und 5 Jahren Garantie begleitet.<\/p>\n","protected":false},"excerpt":{"rendered":"<p>Eine Uhr mit vielen Einsatzm\u00f6glichkeiten, mehreren Zeitzonen und gro\u00dfartiger Leistung. Nicht umsonst ist sie ein offizieller COSC-Chronometer.<\/p>\n","protected":false},"featured_media":107433,"comment_status":"open","ping_status":"closed","template":"","meta":[],"product_brand":[5391],"product_cat":[5953],"product_tag":[],"class_list":{"0":"post-107440","1":"product","2":"type-product","3":"status-publish","4":"has-post-thumbnail","6":"product_brand-longines","7":"product_cat-longines-herrenuhren","8":"pa_collezione-longines-spirit-de","10":"first","11":"instock","12":"taxable","13":"shipping-taxable","14":"purchasable","15":"product-type-simple"},"exclude_global_add_ons":[],"addons":[],"df_price":5000,"df_sale_price":"","df_regular_price":5000,"df_image_link":"https:\/\/cdn02.fabioferro.eu\/wp-content\/uploads\/orologio-longines-zulu-time-spirit-automatico-39mm-acciaio-oro-l3.802.5.53.9.jpg","_links":{"self":[{"href":"https:\/\/www.fabioferro.eu\/de\/wp-json\/wp\/v2\/product\/107440","targetHints":{"allow":["GET"]}}],"collection":[{"href":"https:\/\/www.fabioferro.eu\/de\/wp-json\/wp\/v2\/product"}],"about":[{"href":"https:\/\/www.fabioferro.eu\/de\/wp-json\/wp\/v2\/types\/product"}],"replies":[{"embeddable":true,"href":"https:\/\/www.fabioferro.eu\/de\/wp-json\/wp\/v2\/comments?post=107440"}],"version-history":[{"count":0,"href":"https:\/\/www.fabioferro.eu\/de\/wp-json\/wp\/v2\/product\/107440\/revisions"}],"wp:featuredmedia":[{"embeddable":true,"href":"https:\/\/www.fabioferro.eu\/de\/wp-json\/wp\/v2\/media\/107433"}],"wp:attachment":[{"href":"https:\/\/www.fabioferro.eu\/de\/wp-json\/wp\/v2\/media?parent=107440"}],"wp:term":[{"taxonomy":"product_brand","embeddable":true,"href":"https:\/\/www.fabioferro.eu\/de\/wp-json\/wp\/v2\/product_brand?post=107440"},{"taxonomy":"product_cat","embeddable":true,"href":"https:\/\/www.fabioferro.eu\/de\/wp-json\/wp\/v2\/product_cat?post=107440"},{"taxonomy":"product_tag","embeddable":true,"href":"https:\/\/www.fabioferro.eu\/de\/wp-json\/wp\/v2\/product_tag?post=107440"}],"curies":[{"name":"wp","href":"https:\/\/api.w.org\/{rel}","templated":true}]}}