{"id":107467,"date":"2023-07-06T06:35:20","date_gmt":"2023-07-06T04:35:20","guid":{"rendered":"https:\/\/www.fabioferro.eu\/longines-zulu-lederuhr-stahl-gold-automatik-anthrazit-42-mm.html"},"modified":"2024-12-16T13:44:48","modified_gmt":"2024-12-16T12:44:48","slug":"longines-zulu-lederuhr-stahl-gold-automatik-anthrazit-42-mm","status":"publish","type":"product","link":"https:\/\/www.fabioferro.eu\/de\/longines-zulu-lederuhr-stahl-gold-automatik-anthrazit-42-mm.html","title":{"rendered":"Longines Zulu Lederuhr Stahl Gold Automatik Anthrazit 42 mm"},"content":{"rendered":"<p>Longines Automatikuhr mit Stunden, Minuten, Sekunden und Datumsfunktion. Eine Besonderheit betrifft den 24-Stunden-Zeiger: Er ist mit einem Zeitzonenmechanismus ausgestattet.<\/p>\n<p>Die Uhr zeichnet sich durch das Kaliber L844.4 und einen COCS-zertifizierten Chronometer aus. Hinzu kommt das mechanische Uhrwerk mit Automatikaufzug mit einer Frequenz von 25.200 Halbschwingungen pro Stunde und einer Gangreserve von ca. 72 Stunden mit monokristalliner Silizium-Unruh-Spiral-Technologie.<\/p>\n<p>Das runde Geh\u00e4use mit einem Durchmesser von 42 mm ist aus Edelstahl gefertigt und mit einer Keramikl\u00fcnette versehen. Der Abstand zwischen den Anst\u00f6\u00dfen betr\u00e4gt 22 mm, die Dicke 13,90 mm und das Gesamtgewicht 113,9 g. Die Wasserdichtigkeit ist bis zu 10 bar bzw. 100 m garantiert. Bidirektional drehbare L\u00fcnette mit verschraubter Krone. Au\u00dferdem ist es mit kratzfestem Saphirglas ausgestattet, das auf beiden Seiten mit einer mehrschichtigen Antireflexionsschicht versehen ist.<\/p>\n<p>L\u00fcnette und Krone aus 18 Karat Gelbgold.<\/p>\n<p>Anthrazitfarbenes Zifferblatt und Stundenkreis mit aufgesetzten arabischen Ziffern. Die Zeiger sind in Gold lackiert. Die Schweizer Super-LumiNova-Fluoreszenztechnologie ist vorhanden.<\/p>\n<p>Armband aus braunem Kalbsleder mit Dornschlie\u00dfe mit doppelter Sicherheitsschlie\u00dfe und Mikroverstellsystem. Auch das Armband kann dank des Longines-Wechselsystems problemlos gewechselt werden.<\/p>\n<p>Antimagnetisches System vorhanden.<\/p>\n<p>Uhr komplett mit Box und offizieller 5-Jahres-Garantie von Longines.<\/p>\n","protected":false},"excerpt":{"rendered":"<p>Eine Uhr, die bereit ist, neue Gebiete zu entdecken, neue unerforschte Gegenden der Welt.<\/p>\n","protected":false},"featured_media":107436,"comment_status":"open","ping_status":"closed","template":"","meta":[],"product_brand":[5391],"product_cat":[5953],"product_tag":[],"class_list":{"0":"post-107467","1":"product","2":"type-product","3":"status-publish","4":"has-post-thumbnail","6":"product_brand-longines","7":"product_cat-longines-herrenuhren","8":"pa_collezione-longines-spirit-de","10":"first","11":"instock","12":"taxable","13":"shipping-taxable","14":"purchasable","15":"product-type-simple"},"exclude_global_add_ons":[],"addons":[],"df_price":5000,"df_sale_price":"","df_regular_price":5000,"df_image_link":"https:\/\/cdn02.fabioferro.eu\/wp-content\/uploads\/orologio-longines-zulu-time-spirit-automatico-42mm-acciaio-oro-l3.812.5.53.2.jpg","_links":{"self":[{"href":"https:\/\/www.fabioferro.eu\/de\/wp-json\/wp\/v2\/product\/107467","targetHints":{"allow":["GET"]}}],"collection":[{"href":"https:\/\/www.fabioferro.eu\/de\/wp-json\/wp\/v2\/product"}],"about":[{"href":"https:\/\/www.fabioferro.eu\/de\/wp-json\/wp\/v2\/types\/product"}],"replies":[{"embeddable":true,"href":"https:\/\/www.fabioferro.eu\/de\/wp-json\/wp\/v2\/comments?post=107467"}],"version-history":[{"count":0,"href":"https:\/\/www.fabioferro.eu\/de\/wp-json\/wp\/v2\/product\/107467\/revisions"}],"wp:featuredmedia":[{"embeddable":true,"href":"https:\/\/www.fabioferro.eu\/de\/wp-json\/wp\/v2\/media\/107436"}],"wp:attachment":[{"href":"https:\/\/www.fabioferro.eu\/de\/wp-json\/wp\/v2\/media?parent=107467"}],"wp:term":[{"taxonomy":"product_brand","embeddable":true,"href":"https:\/\/www.fabioferro.eu\/de\/wp-json\/wp\/v2\/product_brand?post=107467"},{"taxonomy":"product_cat","embeddable":true,"href":"https:\/\/www.fabioferro.eu\/de\/wp-json\/wp\/v2\/product_cat?post=107467"},{"taxonomy":"product_tag","embeddable":true,"href":"https:\/\/www.fabioferro.eu\/de\/wp-json\/wp\/v2\/product_tag?post=107467"}],"curies":[{"name":"wp","href":"https:\/\/api.w.org\/{rel}","templated":true}]}}