{"id":107499,"date":"2023-06-20T13:48:10","date_gmt":"2023-06-20T11:48:10","guid":{"rendered":"https:\/\/www.fabioferro.eu\/fope-eka-collection-ring-aus-rose-und-weissgold-mit-diamanten.html"},"modified":"2026-01-09T16:23:31","modified_gmt":"2026-01-09T15:23:31","slug":"fope-eka-collection-ring-aus-rose-und-weissgold-mit-diamanten","status":"publish","type":"product","link":"https:\/\/www.fabioferro.eu\/de\/fope-eka-collection-ring-aus-rose-und-weissgold-mit-diamanten.html","title":{"rendered":"Fope Eka Collection Ring aus Ros\u00e9- und Wei\u00dfgold mit Diamanten"},"content":{"rendered":"<p>Lebendiger Ring aus der Kollektion Eka von Fope. Hergestellt mit viel Liebe zum Detail von Handwerkern aus Vicenza.<span class=\"Apple-converted-space\"> <\/span><\/p>\n<p>Das Band ist aus 18 Karat Ros\u00e9gold mit einer speziellen Verarbeitung, die dem ganzen Schmuckst\u00fcck Bewegung verleiht. Die Dicke betr\u00e4gt 2,5 mm und die Breite 4 mm.<span class=\"Apple-converted-space\"> <\/span><\/p>\n<p>Der zentrale Teil ist mit einem gl\u00e4nzenden Brillantpav\u00e9 auf einem Wei\u00dfgoldgrund besetzt. Die Steine haben 0,10 Karat und zeichnen sich durch eine Farbe von G und einen Reinheitsgrad von VS1 aus.<span class=\"Apple-converted-space\"> <\/span><\/p>\n<p>Das Pav\u00e9 ist 4 mm dick.<span class=\"Apple-converted-space\"> <\/span><\/p>\n<p>Auf der Innenseite des Rings sind das Markenzeichen von Fope und andere Fabrikstempel eingraviert.<\/p>\n<p>Ring handgefertigt von Kunsthandwerkern aus Vicenza. Qualit\u00e4t Made in Italy.<\/p>\n<p>Mit einem eleganten Etui und internationaler Fope-Garantie.<\/p>\n<p><img decoding=\"async\" class=\"alignnone size-full wp-image-205373\" src=\"http:\/\/cdn02.fabioferro.eu\/wp-content\/uploads\/tabella-misure-anelli-standard-no-flexit-1.jpg\" alt=\"\" width=\"1266\" height=\"723\" title=\"\" srcset=\"https:\/\/cdn02.fabioferro.eu\/wp-content\/uploads\/tabella-misure-anelli-standard-no-flexit-1.jpg 1266w, https:\/\/cdn02.fabioferro.eu\/wp-content\/uploads\/tabella-misure-anelli-standard-no-flexit-1-768x439.jpg 768w, https:\/\/cdn02.fabioferro.eu\/wp-content\/uploads\/tabella-misure-anelli-standard-no-flexit-1-990x565.jpg 990w, https:\/\/cdn02.fabioferro.eu\/wp-content\/uploads\/tabella-misure-anelli-standard-no-flexit-1-441x252.jpg 441w, https:\/\/cdn02.fabioferro.eu\/wp-content\/uploads\/tabella-misure-anelli-standard-no-flexit-1-600x343.jpg 600w, https:\/\/cdn02.fabioferro.eu\/wp-content\/uploads\/tabella-misure-anelli-standard-no-flexit-1-150x86.jpg 150w\" sizes=\"(max-width: 1266px) 100vw, 1266px\" \/><\/p>\n","protected":false},"excerpt":{"rendered":"<p>Eleganz und Liebe zum Detail sind die Markenzeichen von Fope-Schmuck.<\/p>\n","protected":false},"featured_media":107506,"comment_status":"open","ping_status":"closed","template":"","meta":[],"product_brand":[154],"product_cat":[6139],"product_tag":[],"class_list":{"0":"post-107499","1":"product","2":"type-product","3":"status-publish","4":"has-post-thumbnail","6":"product_brand-fope","7":"product_cat-fope-ringe","9":"first","10":"instock","11":"taxable","12":"shipping-taxable","13":"purchasable","14":"product-type-variable","15":"has-default-attributes"},"exclude_global_add_ons":[],"addons":[],"df_price":1700,"df_sale_price":"","df_regular_price":1700,"df_image_link":"https:\/\/cdn02.fabioferro.eu\/wp-content\/uploads\/anello-fope-eka-in-oro-rosa-e-diamanti-an730-pave-br.jpg","_links":{"self":[{"href":"https:\/\/www.fabioferro.eu\/de\/wp-json\/wp\/v2\/product\/107499","targetHints":{"allow":["GET"]}}],"collection":[{"href":"https:\/\/www.fabioferro.eu\/de\/wp-json\/wp\/v2\/product"}],"about":[{"href":"https:\/\/www.fabioferro.eu\/de\/wp-json\/wp\/v2\/types\/product"}],"replies":[{"embeddable":true,"href":"https:\/\/www.fabioferro.eu\/de\/wp-json\/wp\/v2\/comments?post=107499"}],"version-history":[{"count":1,"href":"https:\/\/www.fabioferro.eu\/de\/wp-json\/wp\/v2\/product\/107499\/revisions"}],"predecessor-version":[{"id":206492,"href":"https:\/\/www.fabioferro.eu\/de\/wp-json\/wp\/v2\/product\/107499\/revisions\/206492"}],"wp:featuredmedia":[{"embeddable":true,"href":"https:\/\/www.fabioferro.eu\/de\/wp-json\/wp\/v2\/media\/107506"}],"wp:attachment":[{"href":"https:\/\/www.fabioferro.eu\/de\/wp-json\/wp\/v2\/media?parent=107499"}],"wp:term":[{"taxonomy":"product_brand","embeddable":true,"href":"https:\/\/www.fabioferro.eu\/de\/wp-json\/wp\/v2\/product_brand?post=107499"},{"taxonomy":"product_cat","embeddable":true,"href":"https:\/\/www.fabioferro.eu\/de\/wp-json\/wp\/v2\/product_cat?post=107499"},{"taxonomy":"product_tag","embeddable":true,"href":"https:\/\/www.fabioferro.eu\/de\/wp-json\/wp\/v2\/product_tag?post=107499"}],"curies":[{"name":"wp","href":"https:\/\/api.w.org\/{rel}","templated":true}]}}