{"id":107501,"date":"2023-06-14T08:37:19","date_gmt":"2023-06-14T06:37:19","guid":{"rendered":"https:\/\/www.fabioferro.eu\/fope-flex-it-panorama-kollektion-gelbgold-ring-mit-diamanten.html"},"modified":"2026-01-09T16:23:36","modified_gmt":"2026-01-09T15:23:36","slug":"fope-flex-it-panorama-kollektion-gelbgold-ring-mit-diamanten","status":"publish","type":"product","link":"https:\/\/www.fabioferro.eu\/de\/fope-flex-it-panorama-kollektion-gelbgold-ring-mit-diamanten.html","title":{"rendered":"Fope Flex It Panorama Kollektion Gelbgold Ring mit Diamanten"},"content":{"rendered":"<p>Ein Schmuckst\u00fcck voller Lebendigkeit und Charakter in seiner Version aus leuchtendem 18 Karat Gelbgold. Vollst\u00e4ndig in Italien von Handwerkern aus Vicenza hergestellt.<span class=\"Apple-converted-space\"><br \/>\n<\/span>Auch in Ros\u00e9gold und Wei\u00dfgold erh\u00e4ltlich.<span class=\"Apple-converted-space\"> <\/span><\/p>\n<p>Das Glied dieses Schmuckst\u00fccks ist sorgf\u00e4ltig verarbeitet und hat die besondere Eigenschaft, dass es dank kleiner, versteckter Gelbgoldfedern vollkommen elastisch ist.<span class=\"Apple-converted-space\"> <\/span><\/p>\n<p>Die Dicke betr\u00e4gt 3,5 mm, w\u00e4hrend die Breite 10 mm betr\u00e4gt.  <span class=\"Apple-converted-space\"> <\/span><\/p>\n<p>Drei diamantbesetzte Wei\u00dfgoldringe sind in der Mitte des Schmuckst\u00fccks angebracht.<br \/>\nDie Steine haben 0,23 Karat und zeichnen sich durch eine Farbe von G und einen Reinheitsgrad von VS1 aus. An der Unterseite des Schmuckst\u00fccks befindet sich eine Gelbgoldplatte, auf der der Markenname Fope und weitere Fabrikstempel eingraviert sind.<\/p>\n<p>Ausgestattet mit der patentierten Flex&#8217;it-Technologie von Fope.<span class=\"Apple-converted-space\"><br \/>\n<\/span>Die Ringe dieser Kollektion werden einem Belastungstest von 12.000 Z\u00fcgen unterzogen, um ihre absolute Zuverl\u00e4ssigkeit und Qualit\u00e4t zu best\u00e4tigen.<span class=\"Apple-converted-space\"> <\/span><\/p>\n<p>Ring handgefertigt von Kunsthandwerkern aus Vicenza. Qualit\u00e4t Made in Italy.<\/p>\n<p>Mit einem eleganten Etui und internationaler Fope-Garantie.<\/p>\n<p><img decoding=\"async\" class=\"alignnone size-full wp-image-205376\" src=\"http:\/\/cdn02.fabioferro.eu\/wp-content\/uploads\/tabella-misure-anelli-completa-1.jpg\" alt=\"\" width=\"1900\" height=\"153\" title=\"\" srcset=\"https:\/\/cdn02.fabioferro.eu\/wp-content\/uploads\/tabella-misure-anelli-completa-1.jpg 1900w, https:\/\/cdn02.fabioferro.eu\/wp-content\/uploads\/tabella-misure-anelli-completa-1-768x62.jpg 768w, https:\/\/cdn02.fabioferro.eu\/wp-content\/uploads\/tabella-misure-anelli-completa-1-1536x124.jpg 1536w, https:\/\/cdn02.fabioferro.eu\/wp-content\/uploads\/tabella-misure-anelli-completa-1-990x80.jpg 990w, https:\/\/cdn02.fabioferro.eu\/wp-content\/uploads\/tabella-misure-anelli-completa-1-441x36.jpg 441w, https:\/\/cdn02.fabioferro.eu\/wp-content\/uploads\/tabella-misure-anelli-completa-1-600x48.jpg 600w, https:\/\/cdn02.fabioferro.eu\/wp-content\/uploads\/tabella-misure-anelli-completa-1-150x12.jpg 150w\" sizes=\"(max-width: 1900px) 100vw, 1900px\" \/> <img decoding=\"async\" class=\"alignnone size-full wp-image-205373\" src=\"http:\/\/cdn02.fabioferro.eu\/wp-content\/uploads\/tabella-misure-anelli-standard-no-flexit-1.jpg\" alt=\"\" width=\"1266\" height=\"723\" title=\"\" srcset=\"https:\/\/cdn02.fabioferro.eu\/wp-content\/uploads\/tabella-misure-anelli-standard-no-flexit-1.jpg 1266w, https:\/\/cdn02.fabioferro.eu\/wp-content\/uploads\/tabella-misure-anelli-standard-no-flexit-1-768x439.jpg 768w, https:\/\/cdn02.fabioferro.eu\/wp-content\/uploads\/tabella-misure-anelli-standard-no-flexit-1-990x565.jpg 990w, https:\/\/cdn02.fabioferro.eu\/wp-content\/uploads\/tabella-misure-anelli-standard-no-flexit-1-441x252.jpg 441w, https:\/\/cdn02.fabioferro.eu\/wp-content\/uploads\/tabella-misure-anelli-standard-no-flexit-1-600x343.jpg 600w, https:\/\/cdn02.fabioferro.eu\/wp-content\/uploads\/tabella-misure-anelli-standard-no-flexit-1-150x86.jpg 150w\" sizes=\"(max-width: 1266px) 100vw, 1266px\" \/><\/p>\n","protected":false},"excerpt":{"rendered":"<p>Gelbgold und Diamanten in einer perfekten Mischung, die diesem bezaubernden Ring Leben einhaucht. Die Kunstfertigkeit der Fope-Handwerker in einem gro\u00dfartigen Schmuckst\u00fcck vereint.<\/p>\n","protected":false},"featured_media":107523,"comment_status":"open","ping_status":"closed","template":"","meta":[],"product_brand":[154],"product_cat":[6139],"product_tag":[],"class_list":{"0":"post-107501","1":"product","2":"type-product","3":"status-publish","4":"has-post-thumbnail","6":"product_brand-fope","7":"product_cat-fope-ringe","9":"first","10":"instock","11":"taxable","12":"shipping-taxable","13":"purchasable","14":"product-type-variable","15":"has-default-attributes"},"exclude_global_add_ons":[],"addons":[],"df_price":4490,"df_sale_price":"","df_regular_price":4490,"df_image_link":"https:\/\/cdn02.fabioferro.eu\/wp-content\/uploads\/virtuemart\/product\/anello_fope_flexit_in_oro_e_diamanti_collezione_panorama_AN587_PAVE_GB_3__1592671817_773.jpg","_links":{"self":[{"href":"https:\/\/www.fabioferro.eu\/de\/wp-json\/wp\/v2\/product\/107501","targetHints":{"allow":["GET"]}}],"collection":[{"href":"https:\/\/www.fabioferro.eu\/de\/wp-json\/wp\/v2\/product"}],"about":[{"href":"https:\/\/www.fabioferro.eu\/de\/wp-json\/wp\/v2\/types\/product"}],"replies":[{"embeddable":true,"href":"https:\/\/www.fabioferro.eu\/de\/wp-json\/wp\/v2\/comments?post=107501"}],"version-history":[{"count":1,"href":"https:\/\/www.fabioferro.eu\/de\/wp-json\/wp\/v2\/product\/107501\/revisions"}],"predecessor-version":[{"id":206502,"href":"https:\/\/www.fabioferro.eu\/de\/wp-json\/wp\/v2\/product\/107501\/revisions\/206502"}],"wp:featuredmedia":[{"embeddable":true,"href":"https:\/\/www.fabioferro.eu\/de\/wp-json\/wp\/v2\/media\/107523"}],"wp:attachment":[{"href":"https:\/\/www.fabioferro.eu\/de\/wp-json\/wp\/v2\/media?parent=107501"}],"wp:term":[{"taxonomy":"product_brand","embeddable":true,"href":"https:\/\/www.fabioferro.eu\/de\/wp-json\/wp\/v2\/product_brand?post=107501"},{"taxonomy":"product_cat","embeddable":true,"href":"https:\/\/www.fabioferro.eu\/de\/wp-json\/wp\/v2\/product_cat?post=107501"},{"taxonomy":"product_tag","embeddable":true,"href":"https:\/\/www.fabioferro.eu\/de\/wp-json\/wp\/v2\/product_tag?post=107501"}],"curies":[{"name":"wp","href":"https:\/\/api.w.org\/{rel}","templated":true}]}}