{"id":107559,"date":"2023-06-28T09:41:11","date_gmt":"2023-06-28T07:41:11","guid":{"rendered":"https:\/\/www.fabioferro.eu\/fope-flex-it-panorama-collection-ring-aus-weiss-und-gelbgold-mit-diamanten.html"},"modified":"2026-01-09T16:23:33","modified_gmt":"2026-01-09T15:23:33","slug":"fope-flex-it-panorama-collection-ring-aus-weiss-und-gelbgold-mit-diamanten","status":"publish","type":"product","link":"https:\/\/www.fabioferro.eu\/de\/fope-flex-it-panorama-collection-ring-aus-weiss-und-gelbgold-mit-diamanten.html","title":{"rendered":"Fope Flex It Panorama Collection Ring aus Wei\u00df- und Gelbgold mit Diamanten"},"content":{"rendered":"<p>Geschick und Liebe zum Detail kommen in diesem pr\u00e4chtigen Schmuckst\u00fcck zur Geltung.<\/p>\n<p>Ring ganz aus 18 Karat Gelb- und Wei\u00dfgold mit Diamanten.<\/p>\n<p>Ein dicker, sorgf\u00e4ltig gearbeiteter Strick bringt die Hand der Tr\u00e4gerin zum Strahlen. 3,5 mm dick und 10 mm breit.<\/p>\n<p>Drei Ringe sind in der Mitte angebracht:<span class=\"Apple-converted-space\">  <\/span>2 seitliche in Gelbgold und fixiert und die zentrale in Wei\u00dfgold mit Diamanten und Handy. Die Steine haben 0,08 Karat und besitzen die Farbe G und den Reinheitsgrad VS1.<\/p>\n<p>Die Plakette am Boden des Schmuckst\u00fccks ist mit der Marke Fope und anderen Fabrikstempeln graviert.<\/p>\n<p>Der Ring ist mit der Flex&#8217;It-Technologie ausgestattet, die das Schmuckst\u00fcck v\u00f6llig elastisch und daher leicht zu tragen macht.<\/p>\n<p>Jedes Modell durchl\u00e4uft einen Stresstest mit 12.000 Zugvorg\u00e4ngen, um seine Qualit\u00e4t und Zuverl\u00e4ssigkeit auf Dauer zu beweisen.<\/p>\n<p>Ring handgefertigt von Kunsthandwerkern aus Vicenza. Qualit\u00e4t Made in Italy.<\/p>\n<p>Mit einem eleganten Etui und internationaler Fope-Garantie.<\/p>\n<p><img decoding=\"async\" class=\"alignnone size-full wp-image-205376\" src=\"http:\/\/cdn02.fabioferro.eu\/wp-content\/uploads\/tabella-misure-anelli-completa-1.jpg\" alt=\"\" width=\"1900\" height=\"153\" title=\"\" srcset=\"https:\/\/cdn02.fabioferro.eu\/wp-content\/uploads\/tabella-misure-anelli-completa-1.jpg 1900w, https:\/\/cdn02.fabioferro.eu\/wp-content\/uploads\/tabella-misure-anelli-completa-1-768x62.jpg 768w, https:\/\/cdn02.fabioferro.eu\/wp-content\/uploads\/tabella-misure-anelli-completa-1-1536x124.jpg 1536w, https:\/\/cdn02.fabioferro.eu\/wp-content\/uploads\/tabella-misure-anelli-completa-1-990x80.jpg 990w, https:\/\/cdn02.fabioferro.eu\/wp-content\/uploads\/tabella-misure-anelli-completa-1-441x36.jpg 441w, https:\/\/cdn02.fabioferro.eu\/wp-content\/uploads\/tabella-misure-anelli-completa-1-600x48.jpg 600w, https:\/\/cdn02.fabioferro.eu\/wp-content\/uploads\/tabella-misure-anelli-completa-1-150x12.jpg 150w\" sizes=\"(max-width: 1900px) 100vw, 1900px\" \/> <img decoding=\"async\" class=\"alignnone size-full wp-image-205373\" src=\"http:\/\/cdn02.fabioferro.eu\/wp-content\/uploads\/tabella-misure-anelli-standard-no-flexit-1.jpg\" alt=\"\" width=\"1266\" height=\"723\" title=\"\" srcset=\"https:\/\/cdn02.fabioferro.eu\/wp-content\/uploads\/tabella-misure-anelli-standard-no-flexit-1.jpg 1266w, https:\/\/cdn02.fabioferro.eu\/wp-content\/uploads\/tabella-misure-anelli-standard-no-flexit-1-768x439.jpg 768w, https:\/\/cdn02.fabioferro.eu\/wp-content\/uploads\/tabella-misure-anelli-standard-no-flexit-1-990x565.jpg 990w, https:\/\/cdn02.fabioferro.eu\/wp-content\/uploads\/tabella-misure-anelli-standard-no-flexit-1-441x252.jpg 441w, https:\/\/cdn02.fabioferro.eu\/wp-content\/uploads\/tabella-misure-anelli-standard-no-flexit-1-600x343.jpg 600w, https:\/\/cdn02.fabioferro.eu\/wp-content\/uploads\/tabella-misure-anelli-standard-no-flexit-1-150x86.jpg 150w\" sizes=\"(max-width: 1266px) 100vw, 1266px\" \/><\/p>\n","protected":false},"excerpt":{"rendered":"<p>Flippiger Gummiring mit Flex&#8217;It-Technologie.<br \/>\nEs verleiht der Frau, die es tr\u00e4gt, Charakter und Originalit\u00e4t. Qualit\u00e4t made in Italy.<\/p>\n","protected":false},"featured_media":107572,"comment_status":"open","ping_status":"closed","template":"","meta":[],"product_brand":[154],"product_cat":[6139],"product_tag":[],"class_list":{"0":"post-107559","1":"product","2":"type-product","3":"status-publish","4":"has-post-thumbnail","6":"product_brand-fope","7":"product_cat-fope-ringe","9":"first","10":"instock","11":"taxable","12":"shipping-taxable","13":"purchasable","14":"product-type-variable","15":"has-default-attributes"},"exclude_global_add_ons":[],"addons":[],"df_price":3790,"df_sale_price":"","df_regular_price":3790,"df_image_link":"https:\/\/cdn02.fabioferro.eu\/wp-content\/uploads\/virtuemart\/product\/anello_fope_collezione_panorama_in_oro_giallo_e_diamanti_an587_bbr_gb__1592901869_7934.jpg","_links":{"self":[{"href":"https:\/\/www.fabioferro.eu\/de\/wp-json\/wp\/v2\/product\/107559","targetHints":{"allow":["GET"]}}],"collection":[{"href":"https:\/\/www.fabioferro.eu\/de\/wp-json\/wp\/v2\/product"}],"about":[{"href":"https:\/\/www.fabioferro.eu\/de\/wp-json\/wp\/v2\/types\/product"}],"replies":[{"embeddable":true,"href":"https:\/\/www.fabioferro.eu\/de\/wp-json\/wp\/v2\/comments?post=107559"}],"version-history":[{"count":1,"href":"https:\/\/www.fabioferro.eu\/de\/wp-json\/wp\/v2\/product\/107559\/revisions"}],"predecessor-version":[{"id":206476,"href":"https:\/\/www.fabioferro.eu\/de\/wp-json\/wp\/v2\/product\/107559\/revisions\/206476"}],"wp:featuredmedia":[{"embeddable":true,"href":"https:\/\/www.fabioferro.eu\/de\/wp-json\/wp\/v2\/media\/107572"}],"wp:attachment":[{"href":"https:\/\/www.fabioferro.eu\/de\/wp-json\/wp\/v2\/media?parent=107559"}],"wp:term":[{"taxonomy":"product_brand","embeddable":true,"href":"https:\/\/www.fabioferro.eu\/de\/wp-json\/wp\/v2\/product_brand?post=107559"},{"taxonomy":"product_cat","embeddable":true,"href":"https:\/\/www.fabioferro.eu\/de\/wp-json\/wp\/v2\/product_cat?post=107559"},{"taxonomy":"product_tag","embeddable":true,"href":"https:\/\/www.fabioferro.eu\/de\/wp-json\/wp\/v2\/product_tag?post=107559"}],"curies":[{"name":"wp","href":"https:\/\/api.w.org\/{rel}","templated":true}]}}