{"id":107589,"date":"2023-06-28T09:41:09","date_gmt":"2023-06-28T07:41:09","guid":{"rendered":"https:\/\/www.fabioferro.eu\/fope-flex-it-ring-prima-kollektion-in-gelb-und-weissgold-mit-diamanten.html"},"modified":"2026-02-11T14:52:10","modified_gmt":"2026-02-11T13:52:10","slug":"fope-flex-it-ring-prima-kollektion-in-gelb-und-weissgold-mit-diamanten","status":"publish","type":"product","link":"https:\/\/www.fabioferro.eu\/de\/fope-flex-it-ring-prima-kollektion-in-gelb-und-weissgold-mit-diamanten.html","title":{"rendered":"Fope Flex It Ring Prima Kollektion in Gelb- und Wei\u00dfgold mit Diamanten"},"content":{"rendered":"<p>Ring aus 18 Karat Gelb- und Wei\u00dfgold und feinen, gl\u00e4nzenden Diamanten, handgefertigt von erfahrenen Kunsthandwerkern aus Vicenza.<\/p>\n<p>Das Netz ist 3 mm dick und das zentrale Element ist 7 mm hoch.<span class=\"Apple-converted-space\"> <\/span><\/p>\n<p>Eine mit Diamanten besetzte Unterlegscheibe ist das Meisterst\u00fcck dieses kostbaren Schmuckst\u00fccks. Die Steine haben einen Brillantschliff, Farbe G, Reinheit VS1 und wiegen 0,18 Karat.<\/p>\n<p>An der Unterseite befindet sich eine Gelbgoldplatte, auf der das Markenzeichen von Fope und andere Fabrikstempel eingraviert sind.<span class=\"Apple-converted-space\"> <\/span><\/p>\n<p>Ausgestattet mit der Flex&#8217;it-Technologie, ist dieser Ring voll elastisch. Dutzende von kleinen gelbgoldenen Federn sind entlang des Gliedes versteckt.<span class=\"Apple-converted-space\"> <\/span><\/p>\n<p>Jedes St\u00fcck durchl\u00e4uft einen Stresstest von 12.000 Z\u00fcgen, bevor es in den Verkauf geht.<span class=\"Apple-converted-space\"> <\/span><\/p>\n<p>Ring handgefertigt von Kunsthandwerkern aus Vicenza. Qualit\u00e4t Made in Italy.<\/p>\n<p>Mit einem eleganten Etui und internationaler Fope-Garantie.<\/p>\n<p><img decoding=\"async\" class=\"alignnone size-full wp-image-205376\" src=\"http:\/\/cdn02.fabioferro.eu\/wp-content\/uploads\/tabella-misure-anelli-completa-1.jpg\" alt=\"\" width=\"1900\" height=\"153\" title=\"\" srcset=\"https:\/\/cdn02.fabioferro.eu\/wp-content\/uploads\/tabella-misure-anelli-completa-1.jpg 1900w, https:\/\/cdn02.fabioferro.eu\/wp-content\/uploads\/tabella-misure-anelli-completa-1-768x62.jpg 768w, https:\/\/cdn02.fabioferro.eu\/wp-content\/uploads\/tabella-misure-anelli-completa-1-1536x124.jpg 1536w, https:\/\/cdn02.fabioferro.eu\/wp-content\/uploads\/tabella-misure-anelli-completa-1-990x80.jpg 990w, https:\/\/cdn02.fabioferro.eu\/wp-content\/uploads\/tabella-misure-anelli-completa-1-441x36.jpg 441w, https:\/\/cdn02.fabioferro.eu\/wp-content\/uploads\/tabella-misure-anelli-completa-1-600x48.jpg 600w, https:\/\/cdn02.fabioferro.eu\/wp-content\/uploads\/tabella-misure-anelli-completa-1-150x12.jpg 150w\" sizes=\"(max-width: 1900px) 100vw, 1900px\" \/> <img decoding=\"async\" class=\"alignnone size-full wp-image-205373\" src=\"http:\/\/cdn02.fabioferro.eu\/wp-content\/uploads\/tabella-misure-anelli-standard-no-flexit-1.jpg\" alt=\"\" width=\"1266\" height=\"723\" title=\"\" srcset=\"https:\/\/cdn02.fabioferro.eu\/wp-content\/uploads\/tabella-misure-anelli-standard-no-flexit-1.jpg 1266w, https:\/\/cdn02.fabioferro.eu\/wp-content\/uploads\/tabella-misure-anelli-standard-no-flexit-1-768x439.jpg 768w, https:\/\/cdn02.fabioferro.eu\/wp-content\/uploads\/tabella-misure-anelli-standard-no-flexit-1-990x565.jpg 990w, https:\/\/cdn02.fabioferro.eu\/wp-content\/uploads\/tabella-misure-anelli-standard-no-flexit-1-441x252.jpg 441w, https:\/\/cdn02.fabioferro.eu\/wp-content\/uploads\/tabella-misure-anelli-standard-no-flexit-1-600x343.jpg 600w, https:\/\/cdn02.fabioferro.eu\/wp-content\/uploads\/tabella-misure-anelli-standard-no-flexit-1-150x86.jpg 150w\" sizes=\"(max-width: 1266px) 100vw, 1266px\" \/><\/p>\n","protected":false},"excerpt":{"rendered":"<p>Ring aus leuchtendem Gelb- und Wei\u00dfgold mit funkelnden Diamanten. Handgefertigt in Vicenza.<\/p>\n","protected":false},"featured_media":107603,"comment_status":"open","ping_status":"closed","template":"","meta":[],"product_brand":[154],"product_cat":[6139],"product_tag":[],"class_list":{"0":"post-107589","1":"product","2":"type-product","3":"status-publish","4":"has-post-thumbnail","6":"product_brand-fope","7":"product_cat-fope-ringe","9":"first","10":"instock","11":"taxable","12":"shipping-taxable","13":"purchasable","14":"product-type-variable","15":"has-default-attributes"},"exclude_global_add_ons":[],"addons":[],"df_price":2170,"df_sale_price":"","df_regular_price":2170,"df_image_link":"https:\/\/cdn02.fabioferro.eu\/wp-content\/uploads\/virtuemart\/product\/anello_fope_collezione_prima_in_oro_giallo_an745_bbr_gb__1592907920_899.jpg","_links":{"self":[{"href":"https:\/\/www.fabioferro.eu\/de\/wp-json\/wp\/v2\/product\/107589","targetHints":{"allow":["GET"]}}],"collection":[{"href":"https:\/\/www.fabioferro.eu\/de\/wp-json\/wp\/v2\/product"}],"about":[{"href":"https:\/\/www.fabioferro.eu\/de\/wp-json\/wp\/v2\/types\/product"}],"replies":[{"embeddable":true,"href":"https:\/\/www.fabioferro.eu\/de\/wp-json\/wp\/v2\/comments?post=107589"}],"version-history":[{"count":2,"href":"https:\/\/www.fabioferro.eu\/de\/wp-json\/wp\/v2\/product\/107589\/revisions"}],"predecessor-version":[{"id":206480,"href":"https:\/\/www.fabioferro.eu\/de\/wp-json\/wp\/v2\/product\/107589\/revisions\/206480"}],"wp:featuredmedia":[{"embeddable":true,"href":"https:\/\/www.fabioferro.eu\/de\/wp-json\/wp\/v2\/media\/107603"}],"wp:attachment":[{"href":"https:\/\/www.fabioferro.eu\/de\/wp-json\/wp\/v2\/media?parent=107589"}],"wp:term":[{"taxonomy":"product_brand","embeddable":true,"href":"https:\/\/www.fabioferro.eu\/de\/wp-json\/wp\/v2\/product_brand?post=107589"},{"taxonomy":"product_cat","embeddable":true,"href":"https:\/\/www.fabioferro.eu\/de\/wp-json\/wp\/v2\/product_cat?post=107589"},{"taxonomy":"product_tag","embeddable":true,"href":"https:\/\/www.fabioferro.eu\/de\/wp-json\/wp\/v2\/product_tag?post=107589"}],"curies":[{"name":"wp","href":"https:\/\/api.w.org\/{rel}","templated":true}]}}