{"id":107693,"date":"2023-06-08T09:09:08","date_gmt":"2023-06-08T07:09:08","guid":{"rendered":"https:\/\/www.fabioferro.eu\/fope-flex-it-vendome-kollektion-vendome-ring-aus-weiss-und-gelbgold-mit-diamanten.html"},"modified":"2026-03-06T18:29:11","modified_gmt":"2026-03-06T17:29:11","slug":"fope-flex-it-vendome-kollektion-vendome-ring-aus-weiss-und-gelbgold-mit-diamanten","status":"publish","type":"product","link":"https:\/\/www.fabioferro.eu\/de\/fope-flex-it-vendome-kollektion-vendome-ring-aus-weiss-und-gelbgold-mit-diamanten.html","title":{"rendered":"Fope Flex It Vendome Kollektion Vendome Ring aus Wei\u00df- und Gelbgold mit Diamanten"},"content":{"rendered":"<p>Charmanter und pr\u00e4chtiger handgefertigter Ring aus 18 Karat Wei\u00df- und Gelbgold mit Diamanten.<span class=\"Apple-converted-space\"> <\/span><\/p>\n<p>Die ganze Handwerkskunst der Fope-Handwerker wird durch das fein gearbeitete elastische Gestrick mit einer Dicke von 4 mm und einer Breite von 7 mm unterstrichen.<\/p>\n<p>Das zentrale Motiv ist ein feststehender Wei\u00dfgoldbarren, der mit Brillanten besetzt ist. Steine mit insgesamt 0,10 Karat, die sich durch eine Farbe von G und einen Reinheitsgrad von VS1 auszeichnen.<\/p>\n<p>Der untere Teil der Stange ist mit dem Fope-Warenzeichen und anderen Fabrikstempeln graviert.<span class=\"Apple-converted-space\"> <\/span><\/p>\n<p>Elastischer Ring mit Flex&#8217;it-Technologie. Kleine gelbgoldene Federn sind entlang des Gestricks versteckt.<span class=\"Apple-converted-space\"> <\/span><\/p>\n<p>Jedes Schmuckst\u00fcck wird mit 12.000 Ziehungen getestet, um seine Zuverl\u00e4ssigkeit und Qualit\u00e4t zu beweisen.<span class=\"Apple-converted-space\"> <\/span><\/p>\n<p>Ring handgefertigt von Kunsthandwerkern aus Vicenza. Qualit\u00e4t Made in Italy.<\/p>\n<p>Mit einem eleganten Etui und internationaler Fope-Garantie.<\/p>\n<p><img decoding=\"async\" class=\"alignnone size-full wp-image-205376\" src=\"http:\/\/cdn02.fabioferro.eu\/wp-content\/uploads\/tabella-misure-anelli-completa-1.jpg\" alt=\"\" width=\"1900\" height=\"153\" title=\"\" srcset=\"https:\/\/cdn02.fabioferro.eu\/wp-content\/uploads\/tabella-misure-anelli-completa-1.jpg 1900w, https:\/\/cdn02.fabioferro.eu\/wp-content\/uploads\/tabella-misure-anelli-completa-1-768x62.jpg 768w, https:\/\/cdn02.fabioferro.eu\/wp-content\/uploads\/tabella-misure-anelli-completa-1-1536x124.jpg 1536w, https:\/\/cdn02.fabioferro.eu\/wp-content\/uploads\/tabella-misure-anelli-completa-1-990x80.jpg 990w, https:\/\/cdn02.fabioferro.eu\/wp-content\/uploads\/tabella-misure-anelli-completa-1-441x36.jpg 441w, https:\/\/cdn02.fabioferro.eu\/wp-content\/uploads\/tabella-misure-anelli-completa-1-600x48.jpg 600w, https:\/\/cdn02.fabioferro.eu\/wp-content\/uploads\/tabella-misure-anelli-completa-1-150x12.jpg 150w\" sizes=\"(max-width: 1900px) 100vw, 1900px\" \/> <img decoding=\"async\" class=\"alignnone size-full wp-image-205373\" src=\"http:\/\/cdn02.fabioferro.eu\/wp-content\/uploads\/tabella-misure-anelli-standard-no-flexit-1.jpg\" alt=\"\" width=\"1266\" height=\"723\" title=\"\" srcset=\"https:\/\/cdn02.fabioferro.eu\/wp-content\/uploads\/tabella-misure-anelli-standard-no-flexit-1.jpg 1266w, https:\/\/cdn02.fabioferro.eu\/wp-content\/uploads\/tabella-misure-anelli-standard-no-flexit-1-768x439.jpg 768w, https:\/\/cdn02.fabioferro.eu\/wp-content\/uploads\/tabella-misure-anelli-standard-no-flexit-1-990x565.jpg 990w, https:\/\/cdn02.fabioferro.eu\/wp-content\/uploads\/tabella-misure-anelli-standard-no-flexit-1-441x252.jpg 441w, https:\/\/cdn02.fabioferro.eu\/wp-content\/uploads\/tabella-misure-anelli-standard-no-flexit-1-600x343.jpg 600w, https:\/\/cdn02.fabioferro.eu\/wp-content\/uploads\/tabella-misure-anelli-standard-no-flexit-1-150x86.jpg 150w\" sizes=\"(max-width: 1266px) 100vw, 1266px\" \/><\/p>\n","protected":false},"excerpt":{"rendered":"<p>Ein Ring, der Sie den ganzen Tag \u00fcber begleitet und die Frau, die ihn tr\u00e4gt, aufwertet. Hohe Handwerkskunst aus Italien.<\/p>\n","protected":false},"featured_media":107707,"comment_status":"open","ping_status":"closed","template":"","meta":[],"product_brand":[154],"product_cat":[6139],"product_tag":[],"class_list":{"0":"post-107693","1":"product","2":"type-product","3":"status-publish","4":"has-post-thumbnail","6":"product_brand-fope","7":"product_cat-fope-ringe","9":"first","10":"instock","11":"taxable","12":"shipping-taxable","13":"purchasable","14":"product-type-variable","15":"has-default-attributes"},"exclude_global_add_ons":[],"addons":[],"df_price":2700,"df_sale_price":"","df_regular_price":2700,"df_image_link":"https:\/\/cdn02.fabioferro.eu\/wp-content\/uploads\/anello-fope-collezione-vendome-in-oro-giallo-flexit-an559-bbr-gb.jpg","_links":{"self":[{"href":"https:\/\/www.fabioferro.eu\/de\/wp-json\/wp\/v2\/product\/107693","targetHints":{"allow":["GET"]}}],"collection":[{"href":"https:\/\/www.fabioferro.eu\/de\/wp-json\/wp\/v2\/product"}],"about":[{"href":"https:\/\/www.fabioferro.eu\/de\/wp-json\/wp\/v2\/types\/product"}],"replies":[{"embeddable":true,"href":"https:\/\/www.fabioferro.eu\/de\/wp-json\/wp\/v2\/comments?post=107693"}],"version-history":[{"count":2,"href":"https:\/\/www.fabioferro.eu\/de\/wp-json\/wp\/v2\/product\/107693\/revisions"}],"predecessor-version":[{"id":206519,"href":"https:\/\/www.fabioferro.eu\/de\/wp-json\/wp\/v2\/product\/107693\/revisions\/206519"}],"wp:featuredmedia":[{"embeddable":true,"href":"https:\/\/www.fabioferro.eu\/de\/wp-json\/wp\/v2\/media\/107707"}],"wp:attachment":[{"href":"https:\/\/www.fabioferro.eu\/de\/wp-json\/wp\/v2\/media?parent=107693"}],"wp:term":[{"taxonomy":"product_brand","embeddable":true,"href":"https:\/\/www.fabioferro.eu\/de\/wp-json\/wp\/v2\/product_brand?post=107693"},{"taxonomy":"product_cat","embeddable":true,"href":"https:\/\/www.fabioferro.eu\/de\/wp-json\/wp\/v2\/product_cat?post=107693"},{"taxonomy":"product_tag","embeddable":true,"href":"https:\/\/www.fabioferro.eu\/de\/wp-json\/wp\/v2\/product_tag?post=107693"}],"curies":[{"name":"wp","href":"https:\/\/api.w.org\/{rel}","templated":true}]}}