{"id":107737,"date":"2023-05-31T09:57:47","date_gmt":"2023-05-31T07:57:47","guid":{"rendered":"https:\/\/www.fabioferro.eu\/fope-flex-it-prima-collection-armband-aus-weiss-und-rosegold-mit-diamanten.html"},"modified":"2026-01-09T16:24:09","modified_gmt":"2026-01-09T15:24:09","slug":"fope-flex-it-prima-collection-armband-aus-weiss-und-rosegold-mit-diamanten","status":"publish","type":"product","link":"https:\/\/www.fabioferro.eu\/de\/fope-flex-it-prima-collection-armband-aus-weiss-und-rosegold-mit-diamanten.html","title":{"rendered":"Fope Flex It Prima Collection Armband aus Wei\u00df- und Ros\u00e9gold mit Diamanten"},"content":{"rendered":"<p>Charmantes Armband aus 18 Karat Ros\u00e9- und Wei\u00dfgold mit Diamantbesatz.<\/p>\n<p>Das Schmuckst\u00fcck wird von sorgf\u00e4ltig gefassten Diamanten auf den zentralen Scheiben beleuchtet. Die 11 beweglichen Unterlegscheiben sind aus gl\u00e4nzendem Wei\u00dfgold gegossen. Die Steine haben einen Brillantschliff und wiegen 0,15 Karat. Sie zeichnen sich durch eine G-Farbe und einen VS1-Reinheitsgrad aus.<\/p>\n<p>Das Glied aus Ros\u00e9gold ist 3 mm dick.<span class=\"Apple-converted-space\"> <\/span><\/p>\n<p>An der Unterseite des Schmuckst\u00fccks befindet sich eine ros\u00e9goldene Plakette mit dem Fope-Warenzeichen und anderen Fabrikstempeln.<span class=\"Apple-converted-space\"> <\/span><\/p>\n<p>Elastisches Armband mit der patentierten Flex&#8217;it-Technologie von Fope. Dutzende von kleinen ros\u00e9goldenen Federn sind entlang des Gestricks versteckt. Jedes Schmuckst\u00fcck durchl\u00e4uft einen Stresstest mit 12.000 Ziehungen, bevor es in den Verkauf gelangt. Dies garantiert seine Qualit\u00e4t und Zuverl\u00e4ssigkeit auf lange Sicht.<\/p>\n<p>Armband handgefertigt von Handwerkern aus Vicenza. Qualit\u00e4t Made in Italy.<\/p>\n<p>Mit einem eleganten Etui und internationaler Fope-Garantie.<\/p>\n<p><img decoding=\"async\" class=\"alignnone size-full wp-image-205465\" src=\"http:\/\/cdn02.fabioferro.eu\/wp-content\/uploads\/tabelle-misure-bracciali.jpg\" alt=\"\" width=\"1900\" height=\"153\" title=\"\" srcset=\"https:\/\/cdn02.fabioferro.eu\/wp-content\/uploads\/tabelle-misure-bracciali.jpg 1900w, https:\/\/cdn02.fabioferro.eu\/wp-content\/uploads\/tabelle-misure-bracciali-768x62.jpg 768w, https:\/\/cdn02.fabioferro.eu\/wp-content\/uploads\/tabelle-misure-bracciali-1536x124.jpg 1536w, https:\/\/cdn02.fabioferro.eu\/wp-content\/uploads\/tabelle-misure-bracciali-990x80.jpg 990w, https:\/\/cdn02.fabioferro.eu\/wp-content\/uploads\/tabelle-misure-bracciali-441x36.jpg 441w, https:\/\/cdn02.fabioferro.eu\/wp-content\/uploads\/tabelle-misure-bracciali-600x48.jpg 600w, https:\/\/cdn02.fabioferro.eu\/wp-content\/uploads\/tabelle-misure-bracciali-150x12.jpg 150w\" sizes=\"(max-width: 1900px) 100vw, 1900px\" \/><\/p>\n","protected":false},"excerpt":{"rendered":"<p>Aus der Kunstfertigkeit der Meister von Fope entsteht Schmuck, der jede Frau verzaubert und aufwertet. Echte Handwerkskunst, 100% made in Italy.<\/p>\n","protected":false},"featured_media":107742,"comment_status":"open","ping_status":"closed","template":"","meta":[],"product_brand":[154],"product_cat":[6161],"product_tag":[],"class_list":{"0":"post-107737","1":"product","2":"type-product","3":"status-publish","4":"has-post-thumbnail","6":"product_brand-fope","7":"product_cat-fope-armbander","9":"first","10":"instock","11":"taxable","12":"shipping-taxable","13":"purchasable","14":"product-type-variable","15":"has-default-attributes"},"exclude_global_add_ons":[],"addons":[],"df_price":3590,"df_sale_price":"","df_regular_price":3590,"df_image_link":"https:\/\/cdn02.fabioferro.eu\/wp-content\/uploads\/bracciale-fope-collezione-primna-in-oro-rosa-con-diamanti-flexit-747b-bbr-br.jpg","_links":{"self":[{"href":"https:\/\/www.fabioferro.eu\/de\/wp-json\/wp\/v2\/product\/107737","targetHints":{"allow":["GET"]}}],"collection":[{"href":"https:\/\/www.fabioferro.eu\/de\/wp-json\/wp\/v2\/product"}],"about":[{"href":"https:\/\/www.fabioferro.eu\/de\/wp-json\/wp\/v2\/types\/product"}],"replies":[{"embeddable":true,"href":"https:\/\/www.fabioferro.eu\/de\/wp-json\/wp\/v2\/comments?post=107737"}],"version-history":[{"count":1,"href":"https:\/\/www.fabioferro.eu\/de\/wp-json\/wp\/v2\/product\/107737\/revisions"}],"predecessor-version":[{"id":206531,"href":"https:\/\/www.fabioferro.eu\/de\/wp-json\/wp\/v2\/product\/107737\/revisions\/206531"}],"wp:featuredmedia":[{"embeddable":true,"href":"https:\/\/www.fabioferro.eu\/de\/wp-json\/wp\/v2\/media\/107742"}],"wp:attachment":[{"href":"https:\/\/www.fabioferro.eu\/de\/wp-json\/wp\/v2\/media?parent=107737"}],"wp:term":[{"taxonomy":"product_brand","embeddable":true,"href":"https:\/\/www.fabioferro.eu\/de\/wp-json\/wp\/v2\/product_brand?post=107737"},{"taxonomy":"product_cat","embeddable":true,"href":"https:\/\/www.fabioferro.eu\/de\/wp-json\/wp\/v2\/product_cat?post=107737"},{"taxonomy":"product_tag","embeddable":true,"href":"https:\/\/www.fabioferro.eu\/de\/wp-json\/wp\/v2\/product_tag?post=107737"}],"curies":[{"name":"wp","href":"https:\/\/api.w.org\/{rel}","templated":true}]}}