{"id":107756,"date":"2023-05-26T10:49:35","date_gmt":"2023-05-26T08:49:35","guid":{"rendered":"https:\/\/www.fabioferro.eu\/madi-laguna-luce-ring-mit-hydrothermalem-quarz-orange.html"},"modified":"2024-10-30T09:42:24","modified_gmt":"2024-10-30T08:42:24","slug":"madi-laguna-luce-ring-mit-hydrothermalem-quarz-orange","status":"publish","type":"product","link":"https:\/\/www.fabioferro.eu\/de\/madi-laguna-luce-ring-mit-hydrothermalem-quarz-orange.html","title":{"rendered":"Madi Laguna Luce Ring mit hydrothermalem Quarz Orange"},"content":{"rendered":"<p>In Italien handgefertigter Ring aus 925\/1000er Silber mit Ros\u00e9vergoldung. Der Stern ist ein orangefarbener hydrothermaler Quarz, umgeben von wei\u00dfen Zirkonen. Mit Box und offizieller Mad\u00ec Garantie.<\/p>\n","protected":false},"excerpt":{"rendered":"<p>Ein Juwel, das sich trauen will, das gesehen und anerkannt werden will. Tragen Sie es und entdecken Sie, wie sehr es Sie \u00fcberraschen kann.<\/p>\n","protected":false},"featured_media":107758,"comment_status":"open","ping_status":"closed","template":"","meta":[],"product_brand":[],"product_cat":[7595],"product_tag":[7442],"class_list":{"0":"post-107756","1":"product","2":"type-product","3":"status-publish","4":"has-post-thumbnail","6":"product_cat-madi-ringe-de","7":"product_tag-verfugbar","9":"first","10":"instock","11":"sale","12":"taxable","13":"shipping-taxable","14":"purchasable","15":"product-type-variable","16":"has-default-attributes"},"exclude_global_add_ons":[],"addons":[],"df_price":125.55,"df_sale_price":"","df_regular_price":125.55,"df_image_link":"https:\/\/cdn02.fabioferro.eu\/wp-content\/uploads\/anello-madi-arancione-quarzo-in-argento-e-zirconi-39055.jpg","_links":{"self":[{"href":"https:\/\/www.fabioferro.eu\/de\/wp-json\/wp\/v2\/product\/107756","targetHints":{"allow":["GET"]}}],"collection":[{"href":"https:\/\/www.fabioferro.eu\/de\/wp-json\/wp\/v2\/product"}],"about":[{"href":"https:\/\/www.fabioferro.eu\/de\/wp-json\/wp\/v2\/types\/product"}],"replies":[{"embeddable":true,"href":"https:\/\/www.fabioferro.eu\/de\/wp-json\/wp\/v2\/comments?post=107756"}],"version-history":[{"count":0,"href":"https:\/\/www.fabioferro.eu\/de\/wp-json\/wp\/v2\/product\/107756\/revisions"}],"wp:featuredmedia":[{"embeddable":true,"href":"https:\/\/www.fabioferro.eu\/de\/wp-json\/wp\/v2\/media\/107758"}],"wp:attachment":[{"href":"https:\/\/www.fabioferro.eu\/de\/wp-json\/wp\/v2\/media?parent=107756"}],"wp:term":[{"taxonomy":"product_brand","embeddable":true,"href":"https:\/\/www.fabioferro.eu\/de\/wp-json\/wp\/v2\/product_brand?post=107756"},{"taxonomy":"product_cat","embeddable":true,"href":"https:\/\/www.fabioferro.eu\/de\/wp-json\/wp\/v2\/product_cat?post=107756"},{"taxonomy":"product_tag","embeddable":true,"href":"https:\/\/www.fabioferro.eu\/de\/wp-json\/wp\/v2\/product_tag?post=107756"}],"curies":[{"name":"wp","href":"https:\/\/api.w.org\/{rel}","templated":true}]}}