{"id":107757,"date":"2024-01-28T10:17:28","date_gmt":"2024-01-28T09:17:28","guid":{"rendered":"https:\/\/www.fabioferro.eu\/fabio-punto-luce-eisen-weissgold-halskette-mit-025-karat-diamant.html"},"modified":"2024-09-04T11:52:32","modified_gmt":"2024-09-04T09:52:32","slug":"fabio-punto-luce-eisen-weissgold-halskette-mit-025-karat-diamant","status":"publish","type":"product","link":"https:\/\/www.fabioferro.eu\/de\/fabio-punto-luce-eisen-weissgold-halskette-mit-025-karat-diamant.html","title":{"rendered":"Fabio Punto Luce Eisen-Wei\u00dfgold-Halskette mit 0,25 Karat Diamant"},"content":{"rendered":"<p>Halskette aus 18 Karat Wei\u00dfgold, handgefertigt in unserer Goldschmiedewerkstatt. Der Brillant im Brillantschliff wiegt 0,25 Karat und zeichnet sich durch eine Farbe von F und eine Reinheit von VS1 aus. Ein besonderer Drahtrahmen, der eine hervorragende Sicht auf die Formen des Diamanten erm\u00f6glicht und die Lichtreflexe verst\u00e4rkt. Das Gesamtgewicht des Schmuckst\u00fccks betr\u00e4gt 2,10 g. Die L\u00e4nge der Halskette betr\u00e4gt 45 cm, die dank des speziellen Rings auf 42 cm gek\u00fcrzt werden kann. Verschluss mit praktischem Karabinerhaken, bequem und schnell anzulegen. Mit einer speziellen Verpackung und einer von Fabio Ferro I Gioielli unterzeichneten Qualit\u00e4tsgarantie.  <img decoding=\"async\" class=\"alignnone size-full wp-image-68675\" src=\"https:\/\/cdn02.fabioferro.eu\/wp-content\/uploads\/IGI-4cs-chart-IT-scaled.jpg\" alt=\"\" width=\"1864\" height=\"2560\" title=\"\" srcset=\"https:\/\/cdn02.fabioferro.eu\/wp-content\/uploads\/IGI-4cs-chart-IT-scaled.jpg 1864w, https:\/\/cdn02.fabioferro.eu\/wp-content\/uploads\/IGI-4cs-chart-IT-768x1055.jpg 768w, https:\/\/cdn02.fabioferro.eu\/wp-content\/uploads\/IGI-4cs-chart-IT-1119x1536.jpg 1119w, https:\/\/cdn02.fabioferro.eu\/wp-content\/uploads\/IGI-4cs-chart-IT-1491x2048.jpg 1491w, https:\/\/cdn02.fabioferro.eu\/wp-content\/uploads\/IGI-4cs-chart-IT-990x1359.jpg 990w, https:\/\/cdn02.fabioferro.eu\/wp-content\/uploads\/IGI-4cs-chart-IT-441x606.jpg 441w, https:\/\/cdn02.fabioferro.eu\/wp-content\/uploads\/IGI-4cs-chart-IT-600x824.jpg 600w, https:\/\/cdn02.fabioferro.eu\/wp-content\/uploads\/IGI-4cs-chart-IT-150x206.jpg 150w\" sizes=\"(max-width: 1864px) 100vw, 1864px\" \/><\/p>\n","protected":false},"excerpt":{"rendered":"<p>Eine subtile und \u00e4u\u00dferst elegante Fassung, die die Formen und Reflexe des Diamanten im Brillantschliff hervorhebt.<\/p>\n","protected":false},"featured_media":107763,"comment_status":"open","ping_status":"closed","template":"","meta":[],"product_brand":[152],"product_cat":[6016],"product_tag":[],"class_list":{"0":"post-107757","1":"product","2":"type-product","3":"status-publish","4":"has-post-thumbnail","6":"product_brand-fabio-ferro-i-gioielli","7":"product_cat-dot-light-halsketten","9":"first","10":"instock","11":"sale","12":"taxable","13":"shipping-taxable","14":"purchasable","15":"product-type-simple"},"exclude_global_add_ons":[],"addons":[],"df_price":1384,"df_sale_price":1384,"df_regular_price":1730,"df_image_link":"https:\/\/cdn02.fabioferro.eu\/wp-content\/uploads\/collana-puntoluce-in-oro-bianco-18-carati-con-diamante-ff1256.jpg","_links":{"self":[{"href":"https:\/\/www.fabioferro.eu\/de\/wp-json\/wp\/v2\/product\/107757","targetHints":{"allow":["GET"]}}],"collection":[{"href":"https:\/\/www.fabioferro.eu\/de\/wp-json\/wp\/v2\/product"}],"about":[{"href":"https:\/\/www.fabioferro.eu\/de\/wp-json\/wp\/v2\/types\/product"}],"replies":[{"embeddable":true,"href":"https:\/\/www.fabioferro.eu\/de\/wp-json\/wp\/v2\/comments?post=107757"}],"version-history":[{"count":0,"href":"https:\/\/www.fabioferro.eu\/de\/wp-json\/wp\/v2\/product\/107757\/revisions"}],"wp:featuredmedia":[{"embeddable":true,"href":"https:\/\/www.fabioferro.eu\/de\/wp-json\/wp\/v2\/media\/107763"}],"wp:attachment":[{"href":"https:\/\/www.fabioferro.eu\/de\/wp-json\/wp\/v2\/media?parent=107757"}],"wp:term":[{"taxonomy":"product_brand","embeddable":true,"href":"https:\/\/www.fabioferro.eu\/de\/wp-json\/wp\/v2\/product_brand?post=107757"},{"taxonomy":"product_cat","embeddable":true,"href":"https:\/\/www.fabioferro.eu\/de\/wp-json\/wp\/v2\/product_cat?post=107757"},{"taxonomy":"product_tag","embeddable":true,"href":"https:\/\/www.fabioferro.eu\/de\/wp-json\/wp\/v2\/product_tag?post=107757"}],"curies":[{"name":"wp","href":"https:\/\/api.w.org\/{rel}","templated":true}]}}