{"id":107766,"date":"2023-05-31T09:57:43","date_gmt":"2023-05-31T07:57:43","guid":{"rendered":"https:\/\/www.fabioferro.eu\/fope-flex-it-armband-prima-collection-in-weissgold-mit-diamanten.html"},"modified":"2026-01-09T16:23:54","modified_gmt":"2026-01-09T15:23:54","slug":"fope-flex-it-armband-prima-collection-in-weissgold-mit-diamanten","status":"publish","type":"product","link":"https:\/\/www.fabioferro.eu\/de\/fope-flex-it-armband-prima-collection-in-weissgold-mit-diamanten.html","title":{"rendered":"Fope Flex It Armband Prima Collection in Wei\u00dfgold mit Diamanten"},"content":{"rendered":"<p>Ein Armband, das dank der Kombination aus 18 Karat Wei\u00dfgold und feinen Brillanten besonders hell und gl\u00e4nzend ist.<span class=\"Apple-converted-space\"> <\/span><\/p>\n<p>Handgefertigtes Schmuckst\u00fcck aus der Kollektion Prima von Fope.<span class=\"Apple-converted-space\"> <\/span><\/p>\n<p>Das zentrale charakteristische Element dieses Modells besteht aus f\u00fcnf kleinen, fest miteinander verbundenen Ringen.<span class=\"Apple-converted-space\"> <\/span>Jeder Ring ist mit einem strahlenden Diamanten im Brillantschliff besetzt. Die Steine enthalten 0,07 Karat und zeichnen sich durch eine Farbe von G und einen Reinheitsgrad von VS1 aus.<\/p>\n<p>Am Boden des Schmuckst\u00fccks befindet sich eine kleine Platte, ebenfalls aus Wei\u00dfgold, auf der das Markenzeichen von Fope und andere Produktionsstempel eingraviert sind.<\/p>\n<p>Ausgestattet mit der Flex It-Technologie, die das Armband elastisch macht, ist es leicht zu tragen und hat keinen Verschluss.<span class=\"Apple-converted-space\"> <\/span>Dutzende kleiner Quellen aus Wei\u00dfgold sind entlang der Verbindung versteckt. Jedes Element durchl\u00e4uft einen Stresstest mit 12.000 Zugvorg\u00e4ngen, bevor es in den Verkauf gelangt. Dies garantiert seine Qualit\u00e4t und Zuverl\u00e4ssigkeit auf lange Sicht.<\/p>\n<p>Armband handgefertigt von Handwerkern aus Vicenza. Qualit\u00e4t Made in Italy.<\/p>\n<p>Mit einem eleganten Etui und internationaler Fope-Garantie.<\/p>\n<p><img decoding=\"async\" class=\"alignnone size-full wp-image-205465\" src=\"http:\/\/cdn02.fabioferro.eu\/wp-content\/uploads\/tabelle-misure-bracciali.jpg\" alt=\"\" width=\"1900\" height=\"153\" title=\"\" srcset=\"https:\/\/cdn02.fabioferro.eu\/wp-content\/uploads\/tabelle-misure-bracciali.jpg 1900w, https:\/\/cdn02.fabioferro.eu\/wp-content\/uploads\/tabelle-misure-bracciali-768x62.jpg 768w, https:\/\/cdn02.fabioferro.eu\/wp-content\/uploads\/tabelle-misure-bracciali-1536x124.jpg 1536w, https:\/\/cdn02.fabioferro.eu\/wp-content\/uploads\/tabelle-misure-bracciali-990x80.jpg 990w, https:\/\/cdn02.fabioferro.eu\/wp-content\/uploads\/tabelle-misure-bracciali-441x36.jpg 441w, https:\/\/cdn02.fabioferro.eu\/wp-content\/uploads\/tabelle-misure-bracciali-600x48.jpg 600w, https:\/\/cdn02.fabioferro.eu\/wp-content\/uploads\/tabelle-misure-bracciali-150x12.jpg 150w\" sizes=\"(max-width: 1900px) 100vw, 1900px\" \/><\/p>\n","protected":false},"excerpt":{"rendered":"<p>Ein leuchtendes Armband mit f\u00fcnf Diamantringen in der Mitte, ein Meisterwerk der Kunsthandwerker von Fope.<\/p>\n","protected":false},"featured_media":107769,"comment_status":"open","ping_status":"closed","template":"","meta":[],"product_brand":[154],"product_cat":[6161],"product_tag":[],"class_list":{"0":"post-107766","1":"product","2":"type-product","3":"status-publish","4":"has-post-thumbnail","6":"product_brand-fope","7":"product_cat-fope-armbander","9":"first","10":"instock","11":"taxable","12":"shipping-taxable","13":"purchasable","14":"product-type-variable","15":"has-default-attributes"},"exclude_global_add_ons":[],"addons":[],"df_price":2860,"df_sale_price":"","df_regular_price":2860,"df_image_link":"https:\/\/cdn02.fabioferro.eu\/wp-content\/uploads\/virtuemart\/product\/bracciale_fope_collezione_prima_in_oro_bianco_746B_BBR_B__1594370727_605.jpg","_links":{"self":[{"href":"https:\/\/www.fabioferro.eu\/de\/wp-json\/wp\/v2\/product\/107766","targetHints":{"allow":["GET"]}}],"collection":[{"href":"https:\/\/www.fabioferro.eu\/de\/wp-json\/wp\/v2\/product"}],"about":[{"href":"https:\/\/www.fabioferro.eu\/de\/wp-json\/wp\/v2\/types\/product"}],"replies":[{"embeddable":true,"href":"https:\/\/www.fabioferro.eu\/de\/wp-json\/wp\/v2\/comments?post=107766"}],"version-history":[{"count":2,"href":"https:\/\/www.fabioferro.eu\/de\/wp-json\/wp\/v2\/product\/107766\/revisions"}],"predecessor-version":[{"id":206521,"href":"https:\/\/www.fabioferro.eu\/de\/wp-json\/wp\/v2\/product\/107766\/revisions\/206521"}],"wp:featuredmedia":[{"embeddable":true,"href":"https:\/\/www.fabioferro.eu\/de\/wp-json\/wp\/v2\/media\/107769"}],"wp:attachment":[{"href":"https:\/\/www.fabioferro.eu\/de\/wp-json\/wp\/v2\/media?parent=107766"}],"wp:term":[{"taxonomy":"product_brand","embeddable":true,"href":"https:\/\/www.fabioferro.eu\/de\/wp-json\/wp\/v2\/product_brand?post=107766"},{"taxonomy":"product_cat","embeddable":true,"href":"https:\/\/www.fabioferro.eu\/de\/wp-json\/wp\/v2\/product_cat?post=107766"},{"taxonomy":"product_tag","embeddable":true,"href":"https:\/\/www.fabioferro.eu\/de\/wp-json\/wp\/v2\/product_tag?post=107766"}],"curies":[{"name":"wp","href":"https:\/\/api.w.org\/{rel}","templated":true}]}}