{"id":107767,"date":"2023-06-05T11:29:39","date_gmt":"2023-06-05T09:29:39","guid":{"rendered":"https:\/\/www.fabioferro.eu\/fope-flex-it-ring-essentials-kollektion-in-rose-gold.html"},"modified":"2026-01-09T16:23:44","modified_gmt":"2026-01-09T15:23:44","slug":"fope-flex-it-ring-essentials-kollektion-in-rose-gold","status":"publish","type":"product","link":"https:\/\/www.fabioferro.eu\/de\/fope-flex-it-ring-essentials-kollektion-in-rose-gold.html","title":{"rendered":"Fope Flex It Ring Essentials Kollektion in Rose Gold"},"content":{"rendered":"<p>Hier in seiner femininsten Version: der Ring Fope aus 18 Karat Ros\u00e9gold.<span class=\"Apple-converted-space\"> <\/span><\/p>\n<p>Das Gestrick (mit einer Dicke von 4 mm und einer Breite von 10 mm) ist komplett handgefertigt und verbirgt in seinem Inneren viele kleine Federn, die das Schmuckst\u00fcck elastisch und leicht zu tragen machen.<\/p>\n<p>In der Mitte ist eine vertikale Plakette mit der Marke Fope eingraviert.<span class=\"Apple-converted-space\"> <\/span><\/p>\n<p>Qualit\u00e4t und Eleganz f\u00fcr einen vielseitigen und jugendlichen Ring.<span class=\"Apple-converted-space\"> <\/span><\/p>\n<p>Juwel mit patentierter und Fope-zertifizierter Flex&#8217;it-Technologie. Jedes St\u00fcck wird mit 12.000 Z\u00fcgen getestet, bevor es in den Verkauf kommt, und garantiert so seine Qualit\u00e4t und Zuverl\u00e4ssigkeit \u00fcber lange Zeit.<\/p>\n<p>Ring handgefertigt von Kunsthandwerkern aus Vicenza. Qualit\u00e4t Made in Italy.<\/p>\n<p>Mit einem eleganten Etui und internationaler Fope-Garantie.<\/p>\n<p><img decoding=\"async\" class=\"alignnone size-full wp-image-205376\" src=\"http:\/\/cdn02.fabioferro.eu\/wp-content\/uploads\/tabella-misure-anelli-completa-1.jpg\" alt=\"\" width=\"1900\" height=\"153\" title=\"\" srcset=\"https:\/\/cdn02.fabioferro.eu\/wp-content\/uploads\/tabella-misure-anelli-completa-1.jpg 1900w, https:\/\/cdn02.fabioferro.eu\/wp-content\/uploads\/tabella-misure-anelli-completa-1-768x62.jpg 768w, https:\/\/cdn02.fabioferro.eu\/wp-content\/uploads\/tabella-misure-anelli-completa-1-1536x124.jpg 1536w, https:\/\/cdn02.fabioferro.eu\/wp-content\/uploads\/tabella-misure-anelli-completa-1-990x80.jpg 990w, https:\/\/cdn02.fabioferro.eu\/wp-content\/uploads\/tabella-misure-anelli-completa-1-441x36.jpg 441w, https:\/\/cdn02.fabioferro.eu\/wp-content\/uploads\/tabella-misure-anelli-completa-1-600x48.jpg 600w, https:\/\/cdn02.fabioferro.eu\/wp-content\/uploads\/tabella-misure-anelli-completa-1-150x12.jpg 150w\" sizes=\"(max-width: 1900px) 100vw, 1900px\" \/> <img decoding=\"async\" class=\"alignnone size-full wp-image-205373\" src=\"http:\/\/cdn02.fabioferro.eu\/wp-content\/uploads\/tabella-misure-anelli-standard-no-flexit-1.jpg\" alt=\"\" width=\"1266\" height=\"723\" title=\"\" srcset=\"https:\/\/cdn02.fabioferro.eu\/wp-content\/uploads\/tabella-misure-anelli-standard-no-flexit-1.jpg 1266w, https:\/\/cdn02.fabioferro.eu\/wp-content\/uploads\/tabella-misure-anelli-standard-no-flexit-1-768x439.jpg 768w, https:\/\/cdn02.fabioferro.eu\/wp-content\/uploads\/tabella-misure-anelli-standard-no-flexit-1-990x565.jpg 990w, https:\/\/cdn02.fabioferro.eu\/wp-content\/uploads\/tabella-misure-anelli-standard-no-flexit-1-441x252.jpg 441w, https:\/\/cdn02.fabioferro.eu\/wp-content\/uploads\/tabella-misure-anelli-standard-no-flexit-1-600x343.jpg 600w, https:\/\/cdn02.fabioferro.eu\/wp-content\/uploads\/tabella-misure-anelli-standard-no-flexit-1-150x86.jpg 150w\" sizes=\"(max-width: 1266px) 100vw, 1266px\" \/><\/p>\n","protected":false},"excerpt":{"rendered":"<p>Das Ros\u00e9gold dieses Rings von Fope verleiht der Frau, die ihn tr\u00e4gt, einen zus\u00e4tzlichen Hauch von Weiblichkeit und Anmut. Schmuckst\u00fcck komplett Made in Italy.<\/p>\n","protected":false},"featured_media":107778,"comment_status":"open","ping_status":"closed","template":"","meta":[],"product_brand":[154],"product_cat":[6139],"product_tag":[],"class_list":{"0":"post-107767","1":"product","2":"type-product","3":"status-publish","4":"has-post-thumbnail","6":"product_brand-fope","7":"product_cat-fope-ringe","9":"first","10":"instock","11":"taxable","12":"shipping-taxable","13":"purchasable","14":"product-type-variable","15":"has-default-attributes"},"exclude_global_add_ons":[],"addons":[],"df_price":2560,"df_sale_price":"","df_regular_price":2560,"df_image_link":"https:\/\/cdn02.fabioferro.eu\/wp-content\/uploads\/virtuemart\/product\/anello_fope_essentials_rosa_flexit_an05_1.jpg","_links":{"self":[{"href":"https:\/\/www.fabioferro.eu\/de\/wp-json\/wp\/v2\/product\/107767","targetHints":{"allow":["GET"]}}],"collection":[{"href":"https:\/\/www.fabioferro.eu\/de\/wp-json\/wp\/v2\/product"}],"about":[{"href":"https:\/\/www.fabioferro.eu\/de\/wp-json\/wp\/v2\/types\/product"}],"replies":[{"embeddable":true,"href":"https:\/\/www.fabioferro.eu\/de\/wp-json\/wp\/v2\/comments?post=107767"}],"version-history":[{"count":1,"href":"https:\/\/www.fabioferro.eu\/de\/wp-json\/wp\/v2\/product\/107767\/revisions"}],"predecessor-version":[{"id":206518,"href":"https:\/\/www.fabioferro.eu\/de\/wp-json\/wp\/v2\/product\/107767\/revisions\/206518"}],"wp:featuredmedia":[{"embeddable":true,"href":"https:\/\/www.fabioferro.eu\/de\/wp-json\/wp\/v2\/media\/107778"}],"wp:attachment":[{"href":"https:\/\/www.fabioferro.eu\/de\/wp-json\/wp\/v2\/media?parent=107767"}],"wp:term":[{"taxonomy":"product_brand","embeddable":true,"href":"https:\/\/www.fabioferro.eu\/de\/wp-json\/wp\/v2\/product_brand?post=107767"},{"taxonomy":"product_cat","embeddable":true,"href":"https:\/\/www.fabioferro.eu\/de\/wp-json\/wp\/v2\/product_cat?post=107767"},{"taxonomy":"product_tag","embeddable":true,"href":"https:\/\/www.fabioferro.eu\/de\/wp-json\/wp\/v2\/product_tag?post=107767"}],"curies":[{"name":"wp","href":"https:\/\/api.w.org\/{rel}","templated":true}]}}