{"id":107829,"date":"2023-05-25T18:13:56","date_gmt":"2023-05-25T16:13:56","guid":{"rendered":"https:\/\/www.fabioferro.eu\/madi-laguna-luce-ring-mit-lila-hydrothermalquarz.html"},"modified":"2025-06-06T15:45:54","modified_gmt":"2025-06-06T13:45:54","slug":"madi-laguna-luce-ring-mit-lila-hydrothermalquarz","status":"publish","type":"product","link":"https:\/\/www.fabioferro.eu\/de\/madi-laguna-luce-ring-mit-lila-hydrothermalquarz.html","title":{"rendered":"Madi Laguna Luce Ring mit lila Hydrothermalquarz"},"content":{"rendered":"<p>Handgefertigt in Italien aus 925\/1000 Silber in einem Bad aus Ros\u00e9gold. Der oben gefasste Stein ist ein hydrothermaler Quarz, der von wei\u00dfen Zirkonen im Brillantschliff umgeben ist. Wird von der offiziellen Mad\u00ec Box und Garantie begleitet.<\/p>\n","protected":false},"excerpt":{"rendered":"<p>Ein Ring mit einer ganz eigenen Farbe, die die T\u00f6ne der lebendigen Natur voll widerspiegelt.<\/p>\n","protected":false},"featured_media":107846,"comment_status":"open","ping_status":"closed","template":"","meta":[],"product_brand":[],"product_cat":[7595],"product_tag":[],"class_list":{"0":"post-107829","1":"product","2":"type-product","3":"status-publish","4":"has-post-thumbnail","6":"product_cat-madi-ringe-de","8":"first","9":"instock","10":"sale","11":"taxable","12":"shipping-taxable","13":"purchasable","14":"product-type-variable","15":"has-default-attributes"},"exclude_global_add_ons":[],"addons":[],"df_price":125.55,"df_sale_price":"","df_regular_price":125.55,"df_image_link":"https:\/\/cdn02.fabioferro.eu\/wp-content\/uploads\/anello-madi-in-argento-con-quarzo-viola-laguna-luce-39053.jpg","_links":{"self":[{"href":"https:\/\/www.fabioferro.eu\/de\/wp-json\/wp\/v2\/product\/107829","targetHints":{"allow":["GET"]}}],"collection":[{"href":"https:\/\/www.fabioferro.eu\/de\/wp-json\/wp\/v2\/product"}],"about":[{"href":"https:\/\/www.fabioferro.eu\/de\/wp-json\/wp\/v2\/types\/product"}],"replies":[{"embeddable":true,"href":"https:\/\/www.fabioferro.eu\/de\/wp-json\/wp\/v2\/comments?post=107829"}],"version-history":[{"count":0,"href":"https:\/\/www.fabioferro.eu\/de\/wp-json\/wp\/v2\/product\/107829\/revisions"}],"wp:featuredmedia":[{"embeddable":true,"href":"https:\/\/www.fabioferro.eu\/de\/wp-json\/wp\/v2\/media\/107846"}],"wp:attachment":[{"href":"https:\/\/www.fabioferro.eu\/de\/wp-json\/wp\/v2\/media?parent=107829"}],"wp:term":[{"taxonomy":"product_brand","embeddable":true,"href":"https:\/\/www.fabioferro.eu\/de\/wp-json\/wp\/v2\/product_brand?post=107829"},{"taxonomy":"product_cat","embeddable":true,"href":"https:\/\/www.fabioferro.eu\/de\/wp-json\/wp\/v2\/product_cat?post=107829"},{"taxonomy":"product_tag","embeddable":true,"href":"https:\/\/www.fabioferro.eu\/de\/wp-json\/wp\/v2\/product_tag?post=107829"}],"curies":[{"name":"wp","href":"https:\/\/api.w.org\/{rel}","templated":true}]}}