{"id":107852,"date":"2023-05-25T18:07:05","date_gmt":"2023-05-25T16:07:05","guid":{"rendered":"https:\/\/www.fabioferro.eu\/lagina-luce-madi-longuette-halskette-mit-hydrothermalem-quarz.html"},"modified":"2025-03-11T18:26:55","modified_gmt":"2025-03-11T17:26:55","slug":"lagina-luce-madi-longuette-halskette-mit-hydrothermalem-quarz","status":"publish","type":"product","link":"https:\/\/www.fabioferro.eu\/de\/lagina-luce-madi-longuette-halskette-mit-hydrothermalem-quarz.html","title":{"rendered":"Lagina Luce Madi Longuette Halskette mit hydrothermalem Quarz"},"content":{"rendered":"<p>Halskette aus 925\/1000 Silber mit Ros\u00e9vergoldung, vollst\u00e4ndig in Italien handgefertigt. Die gefassten Steine sind farbige hydrothermale Quarze, umgeben von eleganten wei\u00dfen Zirkonen. Verstellbare L\u00e4nge zwischen 44 und 48 cm. Praktischer Karabinerhaken, der als Verschluss dient, um ein schnelles und sicheres Tragen zu erm\u00f6glichen. Wird von der offiziellen Mad\u00ec Box und Garantie begleitet.<\/p>\n","protected":false},"excerpt":{"rendered":"<p>Ein Schmuckst\u00fcck, das mit leuchtenden Farben und einzigartigen Lichtreflexen auftrumpfen will.<\/p>\n","protected":false},"featured_media":107871,"comment_status":"open","ping_status":"closed","template":"","meta":[],"product_brand":[203],"product_cat":[5951],"product_tag":[],"class_list":{"0":"post-107852","1":"product","2":"type-product","3":"status-publish","4":"has-post-thumbnail","6":"product_brand-madi","7":"product_cat-madi-halsketten","9":"first","10":"instock","11":"sale","12":"taxable","13":"shipping-taxable","14":"purchasable","15":"product-type-simple"},"exclude_global_add_ons":[],"addons":[],"df_price":251.1,"df_sale_price":251.1,"df_regular_price":279,"df_image_link":"https:\/\/cdn02.fabioferro.eu\/wp-content\/uploads\/collana-madi-lunga-in-argento-laguna-luce-39059.jpg","_links":{"self":[{"href":"https:\/\/www.fabioferro.eu\/de\/wp-json\/wp\/v2\/product\/107852","targetHints":{"allow":["GET"]}}],"collection":[{"href":"https:\/\/www.fabioferro.eu\/de\/wp-json\/wp\/v2\/product"}],"about":[{"href":"https:\/\/www.fabioferro.eu\/de\/wp-json\/wp\/v2\/types\/product"}],"replies":[{"embeddable":true,"href":"https:\/\/www.fabioferro.eu\/de\/wp-json\/wp\/v2\/comments?post=107852"}],"version-history":[{"count":0,"href":"https:\/\/www.fabioferro.eu\/de\/wp-json\/wp\/v2\/product\/107852\/revisions"}],"wp:featuredmedia":[{"embeddable":true,"href":"https:\/\/www.fabioferro.eu\/de\/wp-json\/wp\/v2\/media\/107871"}],"wp:attachment":[{"href":"https:\/\/www.fabioferro.eu\/de\/wp-json\/wp\/v2\/media?parent=107852"}],"wp:term":[{"taxonomy":"product_brand","embeddable":true,"href":"https:\/\/www.fabioferro.eu\/de\/wp-json\/wp\/v2\/product_brand?post=107852"},{"taxonomy":"product_cat","embeddable":true,"href":"https:\/\/www.fabioferro.eu\/de\/wp-json\/wp\/v2\/product_cat?post=107852"},{"taxonomy":"product_tag","embeddable":true,"href":"https:\/\/www.fabioferro.eu\/de\/wp-json\/wp\/v2\/product_tag?post=107852"}],"curies":[{"name":"wp","href":"https:\/\/api.w.org\/{rel}","templated":true}]}}